{"id":875,"date":"2022-06-12T17:28:56","date_gmt":"2022-06-12T15:28:56","guid":{"rendered":"https:\/\/www.lycee-valin.fr\/RJVALIN\/?page_id=875"},"modified":"2022-12-03T10:22:54","modified_gmt":"2022-12-03T09:22:54","slug":"le-lycee-valin","status":"publish","type":"page","link":"https:\/\/www.lycee-valin.fr\/RJVALIN\/le-lycee-valin\/","title":{"rendered":"Le Lyc\u00e9e Valin"},"content":{"rendered":"\n<hr class=\"wp-block-separator has-alpha-channel-opacity\"\/>\n\n\n\n<p>Lyc\u00e9e g\u00e9n\u00e9ral et technologique situ\u00e9 \u00e0 La Rochelle.<\/p>\n\n\n\n<hr class=\"wp-block-separator has-alpha-channel-opacity\"\/>\n\n\n\n<p>Le Lyc\u00e9e se distingue notamment par ses sections : Arts plastiques, Th\u00e9\u00e2tre et Biotechnologies.<\/p>\n<div class='watch-action'><div class='watch-position align-left'><div class='action-like'><a class='lbg-style3 like-875 jlk' href='javascript:void(0)' data-task='like' data-post_id='875' data-nonce='b2abde2599' rel='nofollow'><img class='wti-pixel' src='https:\/\/www.lycee-valin.fr\/RJVALIN\/wp-content\/plugins\/wti-like-post\/images\/pixel.gif' title='j&#039;aime' \/><span class='lc-875 lc'>0<\/span><\/a><\/div><\/div> <div class='status-875 status align-left'><\/div><\/div><div class='wti-clear'><\/div>","protected":false},"excerpt":{"rendered":"<p>Lyc\u00e9e g\u00e9n\u00e9ral et technologique situ\u00e9 \u00e0 La Rochelle. Le Lyc\u00e9e se distingue notamment par ses sections : Arts plastiques, Th\u00e9\u00e2tre et Biotechnologies. 0<\/p>\n","protected":false},"author":1,"featured_media":817,"parent":0,"menu_order":0,"comment_status":"closed","ping_status":"closed","template":"","meta":{"footnotes":""},"class_list":["post-875","page","type-page","status-publish","has-post-thumbnail","hentry"],"_links":{"self":[{"href":"https:\/\/www.lycee-valin.fr\/RJVALIN\/wp-json\/wp\/v2\/pages\/875","targetHints":{"allow":["GET"]}}],"collection":[{"href":"https:\/\/www.lycee-valin.fr\/RJVALIN\/wp-json\/wp\/v2\/pages"}],"about":[{"href":"https:\/\/www.lycee-valin.fr\/RJVALIN\/wp-json\/wp\/v2\/types\/page"}],"author":[{"embeddable":true,"href":"https:\/\/www.lycee-valin.fr\/RJVALIN\/wp-json\/wp\/v2\/users\/1"}],"replies":[{"embeddable":true,"href":"https:\/\/www.lycee-valin.fr\/RJVALIN\/wp-json\/wp\/v2\/comments?post=875"}],"version-history":[{"count":3,"href":"https:\/\/www.lycee-valin.fr\/RJVALIN\/wp-json\/wp\/v2\/pages\/875\/revisions"}],"predecessor-version":[{"id":886,"href":"https:\/\/www.lycee-valin.fr\/RJVALIN\/wp-json\/wp\/v2\/pages\/875\/revisions\/886"}],"wp:featuredmedia":[{"embeddable":true,"href":"https:\/\/www.lycee-valin.fr\/RJVALIN\/wp-json\/wp\/v2\/media\/817"}],"wp:attachment":[{"href":"https:\/\/www.lycee-valin.fr\/RJVALIN\/wp-json\/wp\/v2\/media?parent=875"}],"curies":[{"name":"wp","href":"https:\/\/api.w.org\/{rel}","templated":true}]}}