{"id":8517,"date":"2026-03-03T17:51:03","date_gmt":"2026-03-03T16:51:03","guid":{"rendered":"https:\/\/www.lycee-valin.fr\/RJVALIN\/?page_id=8517"},"modified":"2026-03-03T23:20:21","modified_gmt":"2026-03-03T22:20:21","slug":"journees-portes-ouvertes-2026","status":"publish","type":"page","link":"https:\/\/www.lycee-valin.fr\/RJVALIN\/journees-portes-ouvertes-2026\/","title":{"rendered":"Journ\u00e9es Portes Ouvertes 2026"},"content":{"rendered":"\n<hr class=\"wp-block-separator has-alpha-channel-opacity\"\/>\n\n\n\n<figure class=\"wp-block-image size-large\"><img fetchpriority=\"high\" decoding=\"async\" width=\"819\" height=\"1024\" src=\"https:\/\/www.lycee-valin.fr\/RJVALIN\/wp-content\/uploads\/2026\/03\/INSTA-JPO1-819x1024.png\" alt=\"\" class=\"wp-image-8513\" srcset=\"https:\/\/www.lycee-valin.fr\/RJVALIN\/wp-content\/uploads\/2026\/03\/INSTA-JPO1-819x1024.png 819w, https:\/\/www.lycee-valin.fr\/RJVALIN\/wp-content\/uploads\/2026\/03\/INSTA-JPO1-240x300.png 240w, https:\/\/www.lycee-valin.fr\/RJVALIN\/wp-content\/uploads\/2026\/03\/INSTA-JPO1-768x960.png 768w, https:\/\/www.lycee-valin.fr\/RJVALIN\/wp-content\/uploads\/2026\/03\/INSTA-JPO1.png 1080w\" sizes=\"(max-width: 819px) 100vw, 819px\" \/><\/figure>\n\n\n\n<p>Les journ\u00e9es portes ouvertes du Lyc\u00e9e Valin ont lieu le 20 et 21 mars prochain. <\/p>\n\n\n\n<p>Ce sera l&#8217;occasion de d\u00e9couvrir les options et sp\u00e9cialit\u00e9s propos\u00e9es au sein de l&#8217;\u00e9tablissement mais aussi les fili\u00e8res technologiques : STL Biotechnologies \/ ST2S. <\/p>\n\n\n\n<p>Nous vous attendons nombreux !<\/p>\n<div class='watch-action'><div class='watch-position align-left'><div class='action-like'><a class='lbg-style3 like-8517 jlk' href='javascript:void(0)' data-task='like' data-post_id='8517' data-nonce='680cdee53b' rel='nofollow'><img class='wti-pixel' src='https:\/\/www.lycee-valin.fr\/RJVALIN\/wp-content\/plugins\/wti-like-post\/images\/pixel.gif' title='j&#039;aime' \/><span class='lc-8517 lc'>0<\/span><\/a><\/div><\/div> <div class='status-8517 status align-left'><\/div><\/div><div class='wti-clear'><\/div>","protected":false},"excerpt":{"rendered":"<p>Les journ\u00e9es portes ouvertes du Lyc\u00e9e Valin ont lieu le 20 et 21 mars prochain. Ce sera l&#8217;occasion de d\u00e9couvrir les options et sp\u00e9cialit\u00e9s propos\u00e9es au sein de l&#8217;\u00e9tablissement mais aussi les fili\u00e8res technologiques : <a class=\"more-link\" href=\"https:\/\/www.lycee-valin.fr\/RJVALIN\/journees-portes-ouvertes-2026\/\">Lire plus &#8230;<\/a><\/p>\n","protected":false},"author":56,"featured_media":8521,"parent":0,"menu_order":0,"comment_status":"closed","ping_status":"closed","template":"","meta":{"footnotes":""},"class_list":["post-8517","page","type-page","status-publish","has-post-thumbnail","hentry"],"_links":{"self":[{"href":"https:\/\/www.lycee-valin.fr\/RJVALIN\/wp-json\/wp\/v2\/pages\/8517","targetHints":{"allow":["GET"]}}],"collection":[{"href":"https:\/\/www.lycee-valin.fr\/RJVALIN\/wp-json\/wp\/v2\/pages"}],"about":[{"href":"https:\/\/www.lycee-valin.fr\/RJVALIN\/wp-json\/wp\/v2\/types\/page"}],"author":[{"embeddable":true,"href":"https:\/\/www.lycee-valin.fr\/RJVALIN\/wp-json\/wp\/v2\/users\/56"}],"replies":[{"embeddable":true,"href":"https:\/\/www.lycee-valin.fr\/RJVALIN\/wp-json\/wp\/v2\/comments?post=8517"}],"version-history":[{"count":1,"href":"https:\/\/www.lycee-valin.fr\/RJVALIN\/wp-json\/wp\/v2\/pages\/8517\/revisions"}],"predecessor-version":[{"id":8519,"href":"https:\/\/www.lycee-valin.fr\/RJVALIN\/wp-json\/wp\/v2\/pages\/8517\/revisions\/8519"}],"wp:featuredmedia":[{"embeddable":true,"href":"https:\/\/www.lycee-valin.fr\/RJVALIN\/wp-json\/wp\/v2\/media\/8521"}],"wp:attachment":[{"href":"https:\/\/www.lycee-valin.fr\/RJVALIN\/wp-json\/wp\/v2\/media?parent=8517"}],"curies":[{"name":"wp","href":"https:\/\/api.w.org\/{rel}","templated":true}]}}