{"id":8396,"date":"2026-01-30T18:43:15","date_gmt":"2026-01-30T17:43:15","guid":{"rendered":"https:\/\/www.lycee-valin.fr\/RJVALIN\/?page_id=8396"},"modified":"2026-03-02T09:36:41","modified_gmt":"2026-03-02T08:36:41","slug":"club-web-radio-valin-2026","status":"publish","type":"page","link":"https:\/\/www.lycee-valin.fr\/RJVALIN\/club-web-radio-valin-2026\/","title":{"rendered":"Club Web Radio VALIN 2026 \ud83c\udf99\ufe0f"},"content":{"rendered":"\n<hr class=\"wp-block-separator has-alpha-channel-opacity\"\/>\n\n\n\n<div class=\"wp-block-media-text is-stacked-on-mobile\" style=\"grid-template-columns:35% auto\"><figure class=\"wp-block-media-text__media\"><img fetchpriority=\"high\" decoding=\"async\" width=\"500\" height=\"500\" src=\"https:\/\/www.lycee-valin.fr\/RJVALIN\/wp-content\/uploads\/2026\/03\/effervescence-3.png\" alt=\"\" class=\"wp-image-8508 size-full\" srcset=\"https:\/\/www.lycee-valin.fr\/RJVALIN\/wp-content\/uploads\/2026\/03\/effervescence-3.png 500w, https:\/\/www.lycee-valin.fr\/RJVALIN\/wp-content\/uploads\/2026\/03\/effervescence-3-300x300.png 300w, https:\/\/www.lycee-valin.fr\/RJVALIN\/wp-content\/uploads\/2026\/03\/effervescence-3-150x150.png 150w, https:\/\/www.lycee-valin.fr\/RJVALIN\/wp-content\/uploads\/2026\/03\/effervescence-3-70x70.png 70w\" sizes=\"(max-width: 500px) 100vw, 500px\" \/><\/figure><div class=\"wp-block-media-text__content\">\n<p><strong>Le club radio du lyc\u00e9e Valin<\/strong> est heureux de vous pr\u00e9senter ses 2 \u00e9missions :<\/p>\n\n\n\n<p><strong>\u00ab Effervescence \u00bb<\/strong>, une s\u00e9rie d&#8217;\u00e9missions de culture g\u00e9n\u00e9raliste portant sur des th\u00e9matiques diverses. \ud83c\udf0d\u2728<\/p>\n\n\n\n<p><\/p>\n\n\n\n<p>Nous vous invitons \u00e9galement \u00e0 d\u00e9couvrir nos <strong>\u00abVal&#8217;interviews \u00bb<\/strong> \ud83c\udfa7 qui mettent en lumi\u00e8re des portraits de figures locales. \ud83c\udf1f<\/p>\n<\/div><\/div>\n\n\n\n<p>Notre premi\u00e8re \u00e9mission <strong>\u00ab Effervescence \u00bb<\/strong>de l&#8217;ann\u00e9e est consacr\u00e9e au th\u00e8me de <strong>l&#8217;humour<\/strong> \ud83d\ude04 avec une interview exclusive de l&#8217;humoriste <strong>Lala Sagna<\/strong>. \ud83c\udfa4<\/p>\n\n\n\n<p>Pour notre premi\u00e8re <strong><strong>\u00abVal&#8217;interview \u00bb<\/strong><\/strong>, nous avons eu la chance de d\u00e9couvrir le parcours <strong>Micka\u00ebl Launay<\/strong>, math\u00e9maticien et ancien \u00e9l\u00e8ve de Valin<\/p>\n\n\n\n<p>Nous pr\u00e9parons d\u00e9j\u00e0 notre prochaine Val&#8217;interview de <strong>Jade Durbecker<\/strong>, organisatrice du festival des Elles de La Rochelle  qui vise \u00e0 d\u00e9construire les st\u00e9r\u00e9otypes de genre. \u2640\ufe0f\u2642\ufe0f<\/p>\n\n\n\n<p><em><strong>Le club radio du lyc\u00e9e<\/strong> : Marie, Luce, Carlos, Goulven, Louca, Vitali, Tim\u00e9o \ud83c\udf99\ufe0f accompagn\u00e9s par <strong>Mme Foug\u00e8re<\/strong> et <strong>M. Godin<\/strong>.<\/em><\/p>\n\n\n\n<p><\/p>\n\n\n\n<p><em><strong>Effervescence 1 : L&#8217;humour sous toutes ses formes<\/strong><\/em><\/p>\n\n\n\n<figure class=\"wp-block-audio\"><audio controls src=\"https:\/\/www.lycee-valin.fr\/RJVALIN\/wp-content\/uploads\/2026\/03\/260126-INTRAMUROS-EFFERVESCENCE-VALIN-2026-01.mp3\"><\/audio><\/figure>\n\n\n\n<p><em><strong>Val&#8217;interview 1 : Micka\u00ebl Launay ou la passion des math\u00e9matiques<\/strong><\/em><\/p>\n\n\n\n<figure class=\"wp-block-audio\"><audio controls src=\"https:\/\/www.lycee-valin.fr\/RJVALIN\/wp-content\/uploads\/2026\/03\/valinterview1.mp3\"><\/audio><\/figure>\n\n\n\n<p><\/p>\n\n\n\n<p><\/p>\n<div class='watch-action'><div class='watch-position align-left'><div class='action-like'><a class='lbg-style3 like-8396 jlk' href='javascript:void(0)' data-task='like' data-post_id='8396' data-nonce='8e64e0ad71' rel='nofollow'><img class='wti-pixel' src='https:\/\/www.lycee-valin.fr\/RJVALIN\/wp-content\/plugins\/wti-like-post\/images\/pixel.gif' title='j&#039;aime' \/><span class='lc-8396 lc'>0<\/span><\/a><\/div><\/div> <div class='status-8396 status align-left'><\/div><\/div><div class='wti-clear'><\/div>","protected":false},"excerpt":{"rendered":"<p>Le club radio du lyc\u00e9e Valin est heureux de vous pr\u00e9senter ses 2 \u00e9missions : \u00ab Effervescence \u00bb, une s\u00e9rie d&#8217;\u00e9missions de culture g\u00e9n\u00e9raliste portant sur des th\u00e9matiques diverses. \ud83c\udf0d\u2728 Nous vous invitons \u00e9galement \u00e0 <a class=\"more-link\" href=\"https:\/\/www.lycee-valin.fr\/RJVALIN\/club-web-radio-valin-2026\/\">Lire plus &#8230;<\/a><\/p>\n","protected":false},"author":5,"featured_media":8499,"parent":0,"menu_order":0,"comment_status":"closed","ping_status":"closed","template":"","meta":{"footnotes":""},"class_list":["post-8396","page","type-page","status-publish","has-post-thumbnail","hentry"],"_links":{"self":[{"href":"https:\/\/www.lycee-valin.fr\/RJVALIN\/wp-json\/wp\/v2\/pages\/8396","targetHints":{"allow":["GET"]}}],"collection":[{"href":"https:\/\/www.lycee-valin.fr\/RJVALIN\/wp-json\/wp\/v2\/pages"}],"about":[{"href":"https:\/\/www.lycee-valin.fr\/RJVALIN\/wp-json\/wp\/v2\/types\/page"}],"author":[{"embeddable":true,"href":"https:\/\/www.lycee-valin.fr\/RJVALIN\/wp-json\/wp\/v2\/users\/5"}],"replies":[{"embeddable":true,"href":"https:\/\/www.lycee-valin.fr\/RJVALIN\/wp-json\/wp\/v2\/comments?post=8396"}],"version-history":[{"count":5,"href":"https:\/\/www.lycee-valin.fr\/RJVALIN\/wp-json\/wp\/v2\/pages\/8396\/revisions"}],"predecessor-version":[{"id":8511,"href":"https:\/\/www.lycee-valin.fr\/RJVALIN\/wp-json\/wp\/v2\/pages\/8396\/revisions\/8511"}],"wp:featuredmedia":[{"embeddable":true,"href":"https:\/\/www.lycee-valin.fr\/RJVALIN\/wp-json\/wp\/v2\/media\/8499"}],"wp:attachment":[{"href":"https:\/\/www.lycee-valin.fr\/RJVALIN\/wp-json\/wp\/v2\/media?parent=8396"}],"curies":[{"name":"wp","href":"https:\/\/api.w.org\/{rel}","templated":true}]}}