{"id":7977,"date":"2025-10-17T15:41:53","date_gmt":"2025-10-17T13:41:53","guid":{"rendered":"https:\/\/www.lycee-valin.fr\/RJVALIN\/?page_id=7977"},"modified":"2026-02-10T17:35:13","modified_gmt":"2026-02-10T16:35:13","slug":"le-nouveau-cine-club-au-lycee-valin","status":"publish","type":"page","link":"https:\/\/www.lycee-valin.fr\/RJVALIN\/le-nouveau-cine-club-au-lycee-valin\/","title":{"rendered":"Le Nouveau Cin\u00e9-Club au Lyc\u00e9e Valin !"},"content":{"rendered":"\n<hr class=\"wp-block-separator has-alpha-channel-opacity\"\/>\n\n\n\n<p class=\"has-large-font-size\">\ud83c\udfacUn grand r\u00e9alisateur et deux r\u00e9alisateurs en herbe \u00e0 l&#8217;honneur pour cette 3\u00e8me s\u00e9ance du cin\u00e9-club<\/p>\n\n\n\n<hr class=\"wp-block-separator has-alpha-channel-opacity\"\/>\n\n\n\n<p>Malgr\u00e9 la fatigue de ce mois de janvier et un calendrier scolaire charg\u00e9, le groupe de spectateurs mardi 27 janvier pour la s\u00e9ance du cin\u00e9-club, constitu\u00e9 de fid\u00e8les depuis le lancement et de quelques nouveaux, a pass\u00e9 un agr\u00e9able moment de culture partag\u00e9e \ud83c\udfac.<\/p>\n\n\n\n<p><strong>La soir\u00e9e a commenc\u00e9 par la projection de deux tr\u00e8s courts-m\u00e9trages r\u00e9alis\u00e9s par deux \u00e9l\u00e8ves du lyc\u00e9e participant au Film Festival Nikon<\/strong> \ud83c\udfa5\ud83c\udf93.<\/p>\n\n\n\n<p>Ce Festival de courts-m\u00e9trages et mini-s\u00e9ries a pour objectif sur un th\u00e8me impos\u00e9, de soutenir la cr\u00e9ation vid\u00e9o et de favoriser l&#8217;\u00e9mergence de nouveaux talents. Le th\u00e8me pour 2026 est la beaut\u00e9\ud83c\udf1f.<\/p>\n\n\n\n<p><strong>Shanti Mah\u00e9 a pr\u00e9sent\u00e9 &#8216;<em>Au del\u00e0 du cadre<\/em>&#8216; et Lucas Gradaive &#8216;<em>Eden<\/em><\/strong>&#8216;.<br>Ils \u00e9taient tous les deux heureux et \u00e9mus de montrer pour la premi\u00e8re fois leur r\u00e9alisation achev\u00e9e \ud83d\ude0a\ud83c\udf9e\ufe0f.<\/p>\n\n\n<div class=\"wp-block-image\">\n<figure class=\"aligncenter size-full\"><img fetchpriority=\"high\" decoding=\"async\" width=\"790\" height=\"559\" src=\"https:\/\/www.lycee-valin.fr\/RJVALIN\/wp-content\/uploads\/2026\/02\/image.png\" alt=\"\" class=\"wp-image-8407\" srcset=\"https:\/\/www.lycee-valin.fr\/RJVALIN\/wp-content\/uploads\/2026\/02\/image.png 790w, https:\/\/www.lycee-valin.fr\/RJVALIN\/wp-content\/uploads\/2026\/02\/image-300x212.png 300w, https:\/\/www.lycee-valin.fr\/RJVALIN\/wp-content\/uploads\/2026\/02\/image-768x543.png 768w\" sizes=\"(max-width: 790px) 100vw, 790px\" \/><\/figure>\n<\/div>\n\n\n<p>Le r\u00e9sultat est tr\u00e8s r\u00e9ussi. Un temps d&#8217;\u00e9changes a ensuite permis d&#8217;en savoir plus sur les choix qu&#8217;ils ont fait pour l&#8217;\u00e9criture de leur sc\u00e9nario, le temps n\u00e9cessaire pour l&#8217;aboutissement de cette r\u00e9alisation et les contraintes li\u00e9es au format du court-m\u00e9trage.<\/p>\n\n\n<div class=\"wp-block-image\">\n<figure class=\"aligncenter size-full\"><img decoding=\"async\" width=\"664\" height=\"630\" src=\"https:\/\/www.lycee-valin.fr\/RJVALIN\/wp-content\/uploads\/2026\/02\/image-4.png\" alt=\"\" class=\"wp-image-8423\" srcset=\"https:\/\/www.lycee-valin.fr\/RJVALIN\/wp-content\/uploads\/2026\/02\/image-4.png 664w, https:\/\/www.lycee-valin.fr\/RJVALIN\/wp-content\/uploads\/2026\/02\/image-4-300x285.png 300w\" sizes=\"(max-width: 664px) 100vw, 664px\" \/><\/figure>\n<\/div>\n\n\n<p>Merci \u00e0 eux de nous avoir donn\u00e9 la primeure de cette projection et bonne chance pour leur participation au Film Festival Nikon \ud83d\ude4f.<\/p>\n\n\n\n<hr class=\"wp-block-separator has-alpha-channel-opacity\"\/>\n\n\n\n<p><strong>C&#8217;est un film plus ancien qui a suivi, <em>Au revoir les enfants<\/em>, r\u00e9alis\u00e9 en 1987<\/strong>, mais un film qui n&#8217;a pas &#8220;vieilli&#8221;. En fin de s\u00e9ance, le public a \u00e9t\u00e9 unanime pour exprimer son plaisir \u00e0 avoir vu ou revu ce film de Louis Malle et bien s\u00fbr son \u00e9motion  \ud83c\udf9e\ufe0f\u2764\ufe0f.<\/p>\n\n\n<div class=\"wp-block-image\">\n<figure class=\"aligncenter size-full\"><img decoding=\"async\" width=\"318\" height=\"445\" src=\"https:\/\/www.lycee-valin.fr\/RJVALIN\/wp-content\/uploads\/2026\/02\/415F6wD143S._AC_SY445_.jpg\" alt=\"\" class=\"wp-image-8409\" srcset=\"https:\/\/www.lycee-valin.fr\/RJVALIN\/wp-content\/uploads\/2026\/02\/415F6wD143S._AC_SY445_.jpg 318w, https:\/\/www.lycee-valin.fr\/RJVALIN\/wp-content\/uploads\/2026\/02\/415F6wD143S._AC_SY445_-214x300.jpg 214w\" sizes=\"(max-width: 318px) 100vw, 318px\" \/><\/figure>\n<\/div>\n\n\n<p>Safa, Titien et Jean, tous les trois en classe de Premi\u00e8re, qui ont men\u00e9 les \u00e9changes ont \u00e9t\u00e9 les premiers \u00e0 r\u00e9agir sur le film .<\/p>\n\n\n\n<p> Un film appr\u00e9ci\u00e9 pour traiter du sujet tragique de la Shoah \u00e0 travers le regard d&#8217;enfants, dans une mise en sc\u00e8ne sobre. <\/p>\n\n\n\n<p>L&#8217;assembl\u00e9e de spectateurs, constitu\u00e9e en majorit\u00e9 d&#8217;internes a r\u00e9agi \u00e9galement au cadre du film dont l&#8217;action se d\u00e9roule dans un pensionnat catholique, \u00e0 l&#8217;ambiance \u00e0 la fois aust\u00e8re, religieux mais aussi plein d&#8217;humanit\u00e9. <\/p>\n\n\n\n<p>Humanit\u00e9 port\u00e9e par le p\u00e8re Jean, qui choisit, malgr\u00e9 les risques, de cacher trois enfants juifs. <\/p>\n\n\n\n<p>Le film nous invite \u00e0 r\u00e9fl\u00e9chir sur le regard port\u00e9 sur l&#8217;autre et les diff\u00e9rences notamment religieuses. Il met aussi en avant des personnages qui ne font pas tous les m\u00eames choix dans cette sombre p\u00e9riode de l&#8217;Occupation<\/p>\n\n\n\n<p> Agit-on par id\u00e9ologie ou par r\u00e9action \u00e0 sa situation personnelle ?<\/p>\n\n\n<div class=\"wp-block-image\">\n<figure class=\"aligncenter size-large\"><img loading=\"lazy\" decoding=\"async\" width=\"1024\" height=\"621\" src=\"https:\/\/www.lycee-valin.fr\/RJVALIN\/wp-content\/uploads\/2026\/02\/image-2-1024x621.png\" alt=\"\" class=\"wp-image-8410\" srcset=\"https:\/\/www.lycee-valin.fr\/RJVALIN\/wp-content\/uploads\/2026\/02\/image-2-1024x621.png 1024w, https:\/\/www.lycee-valin.fr\/RJVALIN\/wp-content\/uploads\/2026\/02\/image-2-300x182.png 300w, https:\/\/www.lycee-valin.fr\/RJVALIN\/wp-content\/uploads\/2026\/02\/image-2-768x465.png 768w, https:\/\/www.lycee-valin.fr\/RJVALIN\/wp-content\/uploads\/2026\/02\/image-2.png 1038w\" sizes=\"(max-width: 1024px) 100vw, 1024px\" \/><\/figure>\n<\/div>\n\n\n<p><strong>Rendez-vous pour une prochaine s\u00e9ance en mars avec le film <em>Lettre \u00e0 Franco<\/em>, du r\u00e9alisateur espagnol Alejandro Amenabar.<\/strong> Un film r\u00e9alis\u00e9 en 2020 et qui montre l&#8217;accession de Franco au pouvoir en Espagne \ud83c\udfac. <\/p>\n\n\n\n<p class=\"has-text-align-center\"><strong>\u200bIsabelle Tivenin &amp; Olivier Godin<\/strong><\/p>\n\n\n\n<hr class=\"wp-block-separator has-alpha-channel-opacity\"\/>\n\n\n\n<p><em>Historique des articles de la page &#8220;Cin\u00e9-Club&#8221;<\/em><\/p>\n\n\n\n<figure class=\"wp-block-embed is-type-wp-embed is-provider-lyc-e-ren-josu-valin wp-block-embed-lyc-e-ren-josu-valin\"><div class=\"wp-block-embed__wrapper\">\n<blockquote class=\"wp-embedded-content\" data-secret=\"L25eLiVUz2\"><a href=\"https:\/\/www.lycee-valin.fr\/RJVALIN\/un-grand-realisateur-et-deux-realisateurs-en-herbe-a-lhonneur-pour-cette-3eme-seance-du-cine-club\/\">\ud83c\udfacUn grand r\u00e9alisateur et deux r\u00e9alisateurs en herbe \u00e0 l&#8217;honneur pour cette 3\u00e8me s\u00e9ance du cin\u00e9-club<\/a><\/blockquote><iframe class=\"wp-embedded-content\" sandbox=\"allow-scripts\" security=\"restricted\" style=\"position: absolute; visibility: hidden;\" title=\"\u00ab\u00a0\ud83c\udfacUn grand r\u00e9alisateur et deux r\u00e9alisateurs en herbe \u00e0 l&#8217;honneur pour cette 3\u00e8me s\u00e9ance du cin\u00e9-club\u00a0\u00bb &#8212; Lyc\u00e9e Ren\u00e9-Josu\u00e9 VALIN\" src=\"https:\/\/www.lycee-valin.fr\/RJVALIN\/un-grand-realisateur-et-deux-realisateurs-en-herbe-a-lhonneur-pour-cette-3eme-seance-du-cine-club\/embed\/#?secret=ro5ivH5Deu#?secret=L25eLiVUz2\" data-secret=\"L25eLiVUz2\" width=\"540\" height=\"304\" frameborder=\"0\" marginwidth=\"0\" marginheight=\"0\" scrolling=\"no\"><\/iframe>\n<\/div><\/figure>\n\n\n\n<figure class=\"wp-block-embed is-type-wp-embed is-provider-lyc-e-ren-josu-valin wp-block-embed-lyc-e-ren-josu-valin\"><div class=\"wp-block-embed__wrapper\">\n<blockquote class=\"wp-embedded-content\" data-secret=\"KgIXcjhvSQ\"><a href=\"https:\/\/www.lycee-valin.fr\/RJVALIN\/%f0%9f%8e%acbigger-than-us-au-cine-club-de-valin\/\">\ud83c\udfac&#8221;Bigger than us&#8221; au cin\u00e9-club de Valin<\/a><\/blockquote><iframe class=\"wp-embedded-content\" sandbox=\"allow-scripts\" security=\"restricted\" style=\"position: absolute; visibility: hidden;\" title=\"\u00ab\u00a0\ud83c\udfac&#8221;Bigger than us&#8221; au cin\u00e9-club de Valin\u00a0\u00bb &#8212; Lyc\u00e9e Ren\u00e9-Josu\u00e9 VALIN\" src=\"https:\/\/www.lycee-valin.fr\/RJVALIN\/%f0%9f%8e%acbigger-than-us-au-cine-club-de-valin\/embed\/#?secret=6yYmIuw02R#?secret=KgIXcjhvSQ\" data-secret=\"KgIXcjhvSQ\" width=\"540\" height=\"304\" frameborder=\"0\" marginwidth=\"0\" marginheight=\"0\" scrolling=\"no\"><\/iframe>\n<\/div><\/figure>\n\n\n\n<figure class=\"wp-block-embed is-type-wp-embed is-provider-lyc-e-ren-josu-valin wp-block-embed-lyc-e-ren-josu-valin\"><div class=\"wp-block-embed__wrapper\">\n<blockquote class=\"wp-embedded-content\" data-secret=\"XQMEn0tE7n\"><a href=\"https:\/\/www.lycee-valin.fr\/RJVALIN\/1ere-seance-du-cine-club-%f0%9f%8e%ac\/\">1\u00e8re s\u00e9ance du Cin\u00e9-club \ud83c\udfac !<\/a><\/blockquote><iframe class=\"wp-embedded-content\" sandbox=\"allow-scripts\" security=\"restricted\" style=\"position: absolute; visibility: hidden;\" title=\"\u00ab\u00a01\u00e8re s\u00e9ance du Cin\u00e9-club \ud83c\udfac !\u00a0\u00bb &#8212; Lyc\u00e9e Ren\u00e9-Josu\u00e9 VALIN\" src=\"https:\/\/www.lycee-valin.fr\/RJVALIN\/1ere-seance-du-cine-club-%f0%9f%8e%ac\/embed\/#?secret=laYW82rIEY#?secret=XQMEn0tE7n\" data-secret=\"XQMEn0tE7n\" width=\"540\" height=\"304\" frameborder=\"0\" marginwidth=\"0\" marginheight=\"0\" scrolling=\"no\"><\/iframe>\n<\/div><\/figure>\n<div class='watch-action'><div class='watch-position align-left'><div class='action-like'><a class='lbg-style3 like-7977 jlk' href='javascript:void(0)' data-task='like' data-post_id='7977' data-nonce='fd945d8c06' rel='nofollow'><img class='wti-pixel' src='https:\/\/www.lycee-valin.fr\/RJVALIN\/wp-content\/plugins\/wti-like-post\/images\/pixel.gif' title='j&#039;aime' \/><span class='lc-7977 lc'>0<\/span><\/a><\/div><\/div> <div class='status-7977 status align-left'><\/div><\/div><div class='wti-clear'><\/div>","protected":false},"excerpt":{"rendered":"<p>\ud83c\udfacUn grand r\u00e9alisateur et deux r\u00e9alisateurs en herbe \u00e0 l&#8217;honneur pour cette 3\u00e8me s\u00e9ance du cin\u00e9-club Malgr\u00e9 la fatigue de ce mois de janvier et un calendrier scolaire charg\u00e9, le groupe de spectateurs mardi 27 <a class=\"more-link\" href=\"https:\/\/www.lycee-valin.fr\/RJVALIN\/le-nouveau-cine-club-au-lycee-valin\/\">Lire plus &#8230;<\/a><\/p>\n","protected":false},"author":1,"featured_media":7983,"parent":0,"menu_order":0,"comment_status":"closed","ping_status":"closed","template":"","meta":{"footnotes":""},"class_list":["post-7977","page","type-page","status-publish","has-post-thumbnail","hentry"],"_links":{"self":[{"href":"https:\/\/www.lycee-valin.fr\/RJVALIN\/wp-json\/wp\/v2\/pages\/7977","targetHints":{"allow":["GET"]}}],"collection":[{"href":"https:\/\/www.lycee-valin.fr\/RJVALIN\/wp-json\/wp\/v2\/pages"}],"about":[{"href":"https:\/\/www.lycee-valin.fr\/RJVALIN\/wp-json\/wp\/v2\/types\/page"}],"author":[{"embeddable":true,"href":"https:\/\/www.lycee-valin.fr\/RJVALIN\/wp-json\/wp\/v2\/users\/1"}],"replies":[{"embeddable":true,"href":"https:\/\/www.lycee-valin.fr\/RJVALIN\/wp-json\/wp\/v2\/comments?post=7977"}],"version-history":[{"count":13,"href":"https:\/\/www.lycee-valin.fr\/RJVALIN\/wp-json\/wp\/v2\/pages\/7977\/revisions"}],"predecessor-version":[{"id":8424,"href":"https:\/\/www.lycee-valin.fr\/RJVALIN\/wp-json\/wp\/v2\/pages\/7977\/revisions\/8424"}],"wp:featuredmedia":[{"embeddable":true,"href":"https:\/\/www.lycee-valin.fr\/RJVALIN\/wp-json\/wp\/v2\/media\/7983"}],"wp:attachment":[{"href":"https:\/\/www.lycee-valin.fr\/RJVALIN\/wp-json\/wp\/v2\/media?parent=7977"}],"curies":[{"name":"wp","href":"https:\/\/api.w.org\/{rel}","templated":true}]}}