{"id":7781,"date":"2025-09-11T21:29:07","date_gmt":"2025-09-11T19:29:07","guid":{"rendered":"https:\/\/www.lycee-valin.fr\/RJVALIN\/?p=7781"},"modified":"2025-09-12T18:31:25","modified_gmt":"2025-09-12T16:31:25","slug":"7781-2","status":"publish","type":"page","link":"https:\/\/www.lycee-valin.fr\/RJVALIN\/7781-2\/","title":{"rendered":"T\u00c9TRIS &amp; ASHTAG"},"content":{"rendered":"\n\n\n<div style=\"max-width: 900px; margin: auto; font-family: Arial,sans-serif; line-height: 1.6; padding: 20px; background: #f9f9f9; border-radius: 8px; box-shadow: 0 2px 6px rgba(0,0,0,0.1);\">\n<p data-start=\"92\" data-end=\"154\">\ud83c\udf99\ufe0f <strong data-start=\"96\" data-end=\"106\">TETRIS<\/strong> et <strong data-start=\"110\" data-end=\"120\">ASHTAG<\/strong> : les podcasts du lyc\u00e9e Valin !<\/p>\n<p data-start=\"156\" data-end=\"405\">Pendant l\u2019ann\u00e9e scolaire 2024-2025, les \u00e9l\u00e8ves de Premi\u00e8re et de Terminale ont relev\u00e9 le d\u00e9fi : cr\u00e9er leurs propres podcasts dans le cadre des cours d\u2019EMC et d\u2019Histoire-G\u00e9o. R\u00e9sultat ? Des \u00e9missions originales, pleines d\u2019id\u00e9es, de s\u00e9rieux mais aussi de bonne humeur !<\/p>\n<p data-start=\"407\" data-end=\"571\">\ud83d\udcc5 \u00c0 \u00e9couter en avant-premi\u00e8re, avant leur diffusion quotidienne \u00e0 11h et 18h, ou \u00e0 retrouver dans le magazine <strong data-start=\"518\" data-end=\"531\">GOODVIBES<\/strong>, le rendez-vous des lyc\u00e9es rochelais.<\/p>\n<\/div>\n\n\n\n<div style=\"margin-top: 25px; padding: 20px; background: #d6eaf8; border-radius: 8px;\">\n<h2 style=\"color: #1b4f72;\">Terminale G6 # D\u00e9mocratie<\/h2>\n<\/div>\n\n\n\n<p><\/p>\n\n\n\n<p>\ud83c\udfa7 Le vote jeune<\/p>\n\n\n\n<figure class=\"wp-block-audio\"><audio controls src=\"https:\/\/www.lycee-valin.fr\/RJVALIN\/wp-content\/uploads\/2025\/09\/250620-HASHTAG-DEMOCRATIE-TG6-01-le-vote-jeune-FINAL.mp3\"><\/audio><\/figure>\n\n\n\n<p>\ud83c\udfa7 La D\u00e9mocratie des Etats-Unis<\/p>\n\n\n\n<figure class=\"wp-block-audio\"><audio controls src=\"https:\/\/www.lycee-valin.fr\/RJVALIN\/wp-content\/uploads\/2025\/09\/250620-HASHTAG-DEMOCRATIE-TG6-02-democratie-US-FINAL.mp3\"><\/audio><\/figure>\n\n\n\n<p>&nbsp;\ud83c\udfa7 R\u00e9seaux sociaux et d\u00e9mocratie<\/p>\n\n\n\n<figure class=\"wp-block-audio\"><audio controls src=\"https:\/\/www.lycee-valin.fr\/RJVALIN\/wp-content\/uploads\/2025\/09\/250620-HASHTAG-DEMOCRATIE-TG6-03-rezo-et-democratie-FINAL.mp3\"><\/audio><\/figure>\n\n\n\n<p>\ud83c\udfa7 Le vote de classe<\/p>\n\n\n\n<figure class=\"wp-block-audio\"><audio controls src=\"https:\/\/www.lycee-valin.fr\/RJVALIN\/wp-content\/uploads\/2025\/09\/250620-HASHTAG-DEMOCRATIE-TG6-04-vote-de-classes-FINAL.mp3\"><\/audio><\/figure>\n\n\n\n<p>\ud83c\udfa7 La motivation du vote<\/p>\n\n\n\n<figure class=\"wp-block-audio\"><audio controls src=\"https:\/\/www.lycee-valin.fr\/RJVALIN\/wp-content\/uploads\/2025\/09\/250620-HASHTAG-DEMOCRATIE-TG6-05-la-motivation-du-vote-FINAL.mp3\"><\/audio><\/figure>\n\n\n\n<p>\ud83c\udfa7 Sommes-nous bien inform\u00e9s ?<\/p>\n\n\n\n<figure class=\"wp-block-audio\"><audio controls src=\"https:\/\/www.lycee-valin.fr\/RJVALIN\/wp-content\/uploads\/2025\/09\/250620-HASHTAG-DEMOCRATIE-TG6-06-linformation-FINAL.mp3\"><\/audio><\/figure>\n\n\n\n<p>\ud83c\udfa7 La d\u00e9politisation des jeunes<\/p>\n\n\n\n<figure class=\"wp-block-audio\"><audio controls src=\"https:\/\/www.lycee-valin.fr\/RJVALIN\/wp-content\/uploads\/2025\/09\/250620-HASHTAG-DEMOCRATIE-TG6-07-la-depolitisation-des-jeunes-FINAL.mp3\"><\/audio><\/figure>\n\n\n\n<hr class=\"wp-block-separator has-alpha-channel-opacity\"\/>\n\n\n\n<div style=\"margin-top: 25px; padding: 20px; background: #d5f5e3; border-radius: 8px;\">\n<h2 style=\"color: #145a32;\">Premi\u00e8re G6&nbsp; *TETRIS*<\/h2>\n<\/div>\n\n\n\n<p><\/p>\n\n\n\n<p>\ud83c\udfa7 Les st\u00e9r\u00e9otypes de genres dans le monde du travail<\/p>\n\n\n\n<figure class=\"wp-block-audio\"><audio controls src=\"https:\/\/www.lycee-valin.fr\/RJVALIN\/wp-content\/uploads\/2025\/09\/250620-TETRIS-PG6-01-stereotypes-de-genre-dans-le-monde-du-travail-FINAL.mp3\"><\/audio><\/figure>\n\n\n\n<p>\ud83c\udfa7 Le complotisme<\/p>\n\n\n\n<figure class=\"wp-block-audio\"><audio controls src=\"https:\/\/www.lycee-valin.fr\/RJVALIN\/wp-content\/uploads\/2025\/09\/250620-TETRIS-PG6-02-complotisme-FINAL.mp3\"><\/audio><\/figure>\n\n\n\n<p>\ud83c\udfa7 Les fake news<\/p>\n\n\n\n<figure class=\"wp-block-audio\"><audio controls src=\"https:\/\/www.lycee-valin.fr\/RJVALIN\/wp-content\/uploads\/2025\/09\/250620-TETRIS-PG6-03-fake-news-FINAL.mp3\"><\/audio><\/figure>\n\n\n\n<p>\ud83c\udfa7 Le mal \u00eatre des \u00e9tudiants<\/p>\n\n\n\n<figure class=\"wp-block-audio\"><audio controls src=\"https:\/\/www.lycee-valin.fr\/RJVALIN\/wp-content\/uploads\/2025\/09\/250620-TETRIS-PG6-04-le-mal-etre-etudiant-FINAL.mp3\"><\/audio><\/figure>\n\n\n\n<p>\ud83c\udfa7 Les femmes en politique<\/p>\n\n\n\n<figure class=\"wp-block-audio\"><audio controls src=\"https:\/\/www.lycee-valin.fr\/RJVALIN\/wp-content\/uploads\/2025\/09\/250620-TETRIS-PG6-05-les-femmes-en-politique-FINAL.mp3\"><\/audio><\/figure>\n\n\n\n<p>\ud83c\udfa7 Sport et lien social<\/p>\n\n\n\n<figure class=\"wp-block-audio\"><audio controls src=\"https:\/\/www.lycee-valin.fr\/RJVALIN\/wp-content\/uploads\/2025\/09\/250620-TETRIS-PG6-06-Sport-et-lien-social-FINAL.mp3\"><\/audio><\/figure>\n\n\n\n<p>\ud83c\udfa7 Bienfaits et m\u00e9faits des r\u00e9seaux sociaux<\/p>\n\n\n\n<figure class=\"wp-block-audio\"><audio controls src=\"https:\/\/www.lycee-valin.fr\/RJVALIN\/wp-content\/uploads\/2025\/09\/250620-TETRIS-PG6-07-bienfaits-et-mefaits-des-reseaux-sociaux-FINAL.mp3\"><\/audio><\/figure>\n\n\n\n<p>\ud83c\udfa7 La libert\u00e9 d\u2019expression<\/p>\n\n\n\n<figure class=\"wp-block-audio\"><audio controls src=\"https:\/\/www.lycee-valin.fr\/RJVALIN\/wp-content\/uploads\/2025\/09\/250620-TETRIS-PG6-08-la-liberte-dexpression-FINAL.mp3\"><\/audio><\/figure>\n\n\n\n<div style=\"margin-top: 25px; padding: 20px; background: #fcf3cf; border-radius: 8px;\">\n<h2 style=\"color: #b9770e;\">Premi\u00e8re G7 * TETRIS *<\/h2>\n<\/div>\n\n\n\n<p><\/p>\n\n\n\n<p>\ud83c\udfa7 L\u2019homophobie<\/p>\n\n\n\n<figure class=\"wp-block-audio\"><audio controls src=\"https:\/\/www.lycee-valin.fr\/RJVALIN\/wp-content\/uploads\/2025\/09\/250620-TETRIS-PG7-02-Lhomophobie-FINAL.mp3\"><\/audio><\/figure>\n\n\n\n<p>\ud83c\udfa7 Les jeunes et la politique<\/p>\n\n\n\n<figure class=\"wp-block-audio\"><audio controls src=\"https:\/\/www.lycee-valin.fr\/RJVALIN\/wp-content\/uploads\/2025\/09\/250620-TETRIS-PG7-03-les-jeunes-et-la-politique-FINAL.mp3\"><\/audio><\/figure>\n\n\n\n<p>\ud83c\udfa7 Les in\u00e9galit\u00e9s \u00e9conomiques en France<\/p>\n\n\n\n<figure class=\"wp-block-audio\"><audio controls src=\"https:\/\/www.lycee-valin.fr\/RJVALIN\/wp-content\/uploads\/2025\/09\/250620-TETRIS-PG7-04-les-inegalites-eco-en-france-FINAL.mp3\"><\/audio><\/figure>\n\n\n\n<p>\ud83c\udfa7 Pr\u00e9carit\u00e9 \u00e9tudiante<\/p>\n\n\n\n<figure class=\"wp-block-audio\"><audio controls src=\"https:\/\/www.lycee-valin.fr\/RJVALIN\/wp-content\/uploads\/2025\/09\/250620-TETRIS-PG7-05-la-precarite-etudiante-FINAL.mp3\"><\/audio><\/figure>\n\n\n\n<p>\ud83c\udfa7 L\u2019information<\/p>\n\n\n\n<figure class=\"wp-block-audio\"><audio controls src=\"https:\/\/www.lycee-valin.fr\/RJVALIN\/wp-content\/uploads\/2025\/09\/250620-TETRIS-PG7-06-sommes-nous-bien-informes-Linformation-FINAL.mp3\"><\/audio><\/figure>\n\n\n\n<p>\ud83c\udfa7 Pauvret\u00e9 et exclusion en France<\/p>\n\n\n\n<figure class=\"wp-block-audio\"><audio controls src=\"https:\/\/www.lycee-valin.fr\/RJVALIN\/wp-content\/uploads\/2025\/09\/250620-TETRIS-PG7-07-pauvrete-et-exclusion-en-france-FINAL.mp3\"><\/audio><\/figure>\n\n\n\n<p>\ud83c\udfa7 Les st\u00e9r\u00e9otypes de genre<\/p>\n\n\n\n<figure class=\"wp-block-audio\"><audio controls src=\"https:\/\/www.lycee-valin.fr\/RJVALIN\/wp-content\/uploads\/2025\/09\/250620-TETRIS-PG7-01-Les-stereotypes-de-genre-FINAL.mp3\"><\/audio><\/figure>\n\n\n\n<div style=\"margin-top: 25px; padding: 20px; background: #f5d5d5; border-radius: 8px;\">\n<h2 style=\"color: #943126;\">Premi\u00e8re PST2S * TETRIS *<\/h2>\n<\/div>\n\n\n\n<p><\/p>\n\n\n\n<p>\ud83c\udfa7 Le mal \u00eatre lyc\u00e9en<\/p>\n\n\n\n<figure class=\"wp-block-audio\"><audio controls src=\"https:\/\/www.lycee-valin.fr\/RJVALIN\/wp-content\/uploads\/2025\/09\/250620-TETRIS-PST2S-01-mal-etre-lyceens-FINAL.mp3\"><\/audio><\/figure>\n\n\n\n<p>\ud83c\udfa7 La phobie scolaire<\/p>\n\n\n\n<figure class=\"wp-block-audio\"><audio controls src=\"https:\/\/www.lycee-valin.fr\/RJVALIN\/wp-content\/uploads\/2025\/09\/250620-TETRIS-PST2S-02-phobie-scolaire-FINAL.mp3\"><\/audio><\/figure>\n\n\n\n<p>\ud83c\udfa7 Le corps des femmes dans la soci\u00e9t\u00e9<\/p>\n\n\n\n<figure class=\"wp-block-audio\"><audio controls src=\"https:\/\/www.lycee-valin.fr\/RJVALIN\/wp-content\/uploads\/2025\/09\/250620-TETRIS-PST2S-03-le-corps-de-femmes-dans-la-societe-FINAL.mp3\"><\/audio><\/figure>\n\n\n\n<p>\ud83c\udfa7 Les crit\u00e8res de beaut\u00e9 dans la soci\u00e9t\u00e9<\/p>\n\n\n\n<figure class=\"wp-block-audio\"><audio controls src=\"https:\/\/www.lycee-valin.fr\/RJVALIN\/wp-content\/uploads\/2025\/09\/250620-TETRIS-PST2S-04-les-criteres-de-beaute-dans-la-societe-FINAL.mp3\"><\/audio><\/figure>\n\n\n\n<p>\ud83c\udfa7 Les nouvelles familles<\/p>\n\n\n\n<figure class=\"wp-block-audio\"><audio controls src=\"https:\/\/www.lycee-valin.fr\/RJVALIN\/wp-content\/uploads\/2025\/09\/250620-TETRIS-PST2S-05-les-nouvelles-familles-FINAL.mp3\"><\/audio><\/figure>\n\n\n\n<p>\ud83c\udfa7 Le harc\u00e8lement scolaire<\/p>\n\n\n\n<figure class=\"wp-block-audio\"><audio controls src=\"https:\/\/www.lycee-valin.fr\/RJVALIN\/wp-content\/uploads\/2025\/09\/250620-TETRIS-PST2S-06-le-harcelement-scolaire-FINAL.mp3\"><\/audio><\/figure>\n\n\n\n<p>.<\/p>\n\n\n\n<p><strong>R\u00e9alisation technique :<\/strong> dans les locaux du lyc\u00e9e Valin.<\/p>\n\n\n\n<p>Un podcast con\u00e7u et produit par les classes <strong>TG6, PG6, PG7 et PST2S<\/strong>, sous la direction d<strong>&#8216;Olivier Godin<\/strong>,<strong> enseignant en EMC et Histoire-G\u00e9ographie.<\/strong><br>Accompagnement et montage : <strong>St\u00e9phane Bonnifet \u2013 Radio Coll\u00e8ge<\/strong><br>\u00a9 Radio Coll\u00e8ge \/ Lyc\u00e9e Valin \u2013 Tous droits r\u00e9serv\u00e9s<\/p>\n\n\n\n<p><\/p>\n","protected":false},"excerpt":{"rendered":"<p>\ud83c\udf99\ufe0f TETRIS et ASHTAG : les podcasts du lyc\u00e9e Valin ! Pendant l\u2019ann\u00e9e scolaire 2024-2025, les \u00e9l\u00e8ves de Premi\u00e8re et de Terminale ont relev\u00e9 le d\u00e9fi : cr\u00e9er leurs propres podcasts dans le cadre des <a class=\"more-link\" href=\"https:\/\/www.lycee-valin.fr\/RJVALIN\/7781-2\/\">Lire plus &#8230;<\/a><\/p>\n","protected":false},"author":5,"featured_media":7861,"parent":0,"menu_order":0,"comment_status":"closed","ping_status":"closed","template":"","meta":{"footnotes":""},"class_list":["post-7781","page","type-page","status-publish","has-post-thumbnail","hentry"],"_links":{"self":[{"href":"https:\/\/www.lycee-valin.fr\/RJVALIN\/wp-json\/wp\/v2\/pages\/7781","targetHints":{"allow":["GET"]}}],"collection":[{"href":"https:\/\/www.lycee-valin.fr\/RJVALIN\/wp-json\/wp\/v2\/pages"}],"about":[{"href":"https:\/\/www.lycee-valin.fr\/RJVALIN\/wp-json\/wp\/v2\/types\/page"}],"author":[{"embeddable":true,"href":"https:\/\/www.lycee-valin.fr\/RJVALIN\/wp-json\/wp\/v2\/users\/5"}],"replies":[{"embeddable":true,"href":"https:\/\/www.lycee-valin.fr\/RJVALIN\/wp-json\/wp\/v2\/comments?post=7781"}],"version-history":[{"count":30,"href":"https:\/\/www.lycee-valin.fr\/RJVALIN\/wp-json\/wp\/v2\/pages\/7781\/revisions"}],"predecessor-version":[{"id":7863,"href":"https:\/\/www.lycee-valin.fr\/RJVALIN\/wp-json\/wp\/v2\/pages\/7781\/revisions\/7863"}],"wp:featuredmedia":[{"embeddable":true,"href":"https:\/\/www.lycee-valin.fr\/RJVALIN\/wp-json\/wp\/v2\/media\/7861"}],"wp:attachment":[{"href":"https:\/\/www.lycee-valin.fr\/RJVALIN\/wp-json\/wp\/v2\/media?parent=7781"}],"curies":[{"name":"wp","href":"https:\/\/api.w.org\/{rel}","templated":true}]}}