{"id":7643,"date":"2025-06-26T11:42:16","date_gmt":"2025-06-26T09:42:16","guid":{"rendered":"https:\/\/www.lycee-valin.fr\/RJVALIN\/?page_id=7643"},"modified":"2025-06-26T11:42:17","modified_gmt":"2025-06-26T09:42:17","slug":"module-de-preparation-aux-etudes-de-sante","status":"publish","type":"page","link":"https:\/\/www.lycee-valin.fr\/RJVALIN\/module-de-preparation-aux-etudes-de-sante\/","title":{"rendered":"Module de pr\u00e9paration aux \u00e9tudes de sant\u00e9"},"content":{"rendered":"\n<p><\/p>\n\n\n\n<p>Les \u00e9tudes de Sant\u00e9 (m\u00e9decine, ma\u00efeutique, pharmacie, kin\u00e9sith\u00e9rapeute, dentaire&#8230;) sont une continuit\u00e9 d&#8217;\u00e9tudes qu&#8217;envisagent beaucoup de nos \u00e9l\u00e8ves. Au gr\u00e9 des r\u00e9formes successives, s&#8217;inscrire dans ce parcours a pu devenir intimidant.<\/p>\n\n\n\n<p>\u200b<\/p>\n\n\n\n<p>Le lyc\u00e9e Valin propose depuis plusieurs ann\u00e9es un module optionnel de pr\u00e9paration aux \u00e9tudes de sant\u00e9 qui vient compl\u00e9ter l&#8217;information \u00e0 l&#8217;orientation que re\u00e7oivent les \u00e9l\u00e8ves de Terminale.<\/p>\n\n\n\n<p>Ainsi, une \u00e9quipe d&#8217;enseignants du lyc\u00e9e (Science de la Vie, Physique-Chimie, Biochimie, Biotechnologies et Sant\u00e9 &amp; Social) s&#8217;est organis\u00e9e autour d&#8217;un atelier visant \u00e0 accompagner les \u00e9l\u00e8ves dans leur projet.<\/p>\n\n\n\n<p>Bas\u00e9 sur le programme &#8220;d&#8217;Acc\u00e8s Sant\u00e9&#8221; des licences que propose l&#8217;universit\u00e9 de Poitiers, un programme de r\u00e9visions et de d\u00e9couvertes est dispens\u00e9 au prorata des unit\u00e9s d&#8217;enseignements sp\u00e9cifiques \u00e0 cette formation (Anatomie, Biochimie, Histologie, Chimie organique, Bio-physiques, Gal\u00e9nique, Sant\u00e9 public, Biologie cellulaire, Embryologie, Sciences du m\u00e9dicament, etc. &#8230;).<\/p>\n\n\n\n<p>Durant deux heures, le mercredi apr\u00e8s midi, les \u00e9l\u00e8ves de Terminale inscrits, suivent une conf\u00e9rence visant \u00e0 remobiliser les connaissances du lyc\u00e9e n\u00e9cessaires pour aborder ces notions, et abordent les aspects propres aux \u00e9tudes de sant\u00e9.<\/p>\n\n\n\n<p>Les \u00e9l\u00e8ves peuvent ainsi consolider leurs acquis, se projeter dans les enseignements sup\u00e9rieurs, et anticiper parfois le travail \u00e0 fournir pour aborder plus sereinement leur continuit\u00e9 d&#8217;\u00e9tude.<\/p>\n\n\n\n<p>Des \u00e9changes et des pr\u00e9sentations par des \u00e9tudiants en sant\u00e9 sur leur parcours sont \u00e9galement organis\u00e9s dans le cadre de ce module. (conseils, explications, modalit\u00e9s d\u2019inscriptions en LAS et en PASS)<\/p>\n<div class='watch-action'><div class='watch-position align-left'><div class='action-like'><a class='lbg-style3 like-7643 jlk' href='javascript:void(0)' data-task='like' data-post_id='7643' data-nonce='5e1022fd9f' rel='nofollow'><img class='wti-pixel' src='https:\/\/www.lycee-valin.fr\/RJVALIN\/wp-content\/plugins\/wti-like-post\/images\/pixel.gif' title='j&#039;aime' \/><span class='lc-7643 lc'>0<\/span><\/a><\/div><\/div> <div class='status-7643 status align-left'><\/div><\/div><div class='wti-clear'><\/div>","protected":false},"excerpt":{"rendered":"<p>Les \u00e9tudes de Sant\u00e9 (m\u00e9decine, ma\u00efeutique, pharmacie, kin\u00e9sith\u00e9rapeute, dentaire&#8230;) sont une continuit\u00e9 d&#8217;\u00e9tudes qu&#8217;envisagent beaucoup de nos \u00e9l\u00e8ves. Au gr\u00e9 des r\u00e9formes successives, s&#8217;inscrire dans ce parcours a pu devenir intimidant. \u200b Le lyc\u00e9e Valin <a class=\"more-link\" href=\"https:\/\/www.lycee-valin.fr\/RJVALIN\/module-de-preparation-aux-etudes-de-sante\/\">Lire plus &#8230;<\/a><\/p>\n","protected":false},"author":56,"featured_media":0,"parent":0,"menu_order":0,"comment_status":"closed","ping_status":"closed","template":"","meta":{"footnotes":""},"class_list":["post-7643","page","type-page","status-publish","hentry"],"_links":{"self":[{"href":"https:\/\/www.lycee-valin.fr\/RJVALIN\/wp-json\/wp\/v2\/pages\/7643","targetHints":{"allow":["GET"]}}],"collection":[{"href":"https:\/\/www.lycee-valin.fr\/RJVALIN\/wp-json\/wp\/v2\/pages"}],"about":[{"href":"https:\/\/www.lycee-valin.fr\/RJVALIN\/wp-json\/wp\/v2\/types\/page"}],"author":[{"embeddable":true,"href":"https:\/\/www.lycee-valin.fr\/RJVALIN\/wp-json\/wp\/v2\/users\/56"}],"replies":[{"embeddable":true,"href":"https:\/\/www.lycee-valin.fr\/RJVALIN\/wp-json\/wp\/v2\/comments?post=7643"}],"version-history":[{"count":1,"href":"https:\/\/www.lycee-valin.fr\/RJVALIN\/wp-json\/wp\/v2\/pages\/7643\/revisions"}],"predecessor-version":[{"id":7644,"href":"https:\/\/www.lycee-valin.fr\/RJVALIN\/wp-json\/wp\/v2\/pages\/7643\/revisions\/7644"}],"wp:attachment":[{"href":"https:\/\/www.lycee-valin.fr\/RJVALIN\/wp-json\/wp\/v2\/media?parent=7643"}],"curies":[{"name":"wp","href":"https:\/\/api.w.org\/{rel}","templated":true}]}}