{"id":764,"date":"2022-06-08T03:34:27","date_gmt":"2022-06-08T01:34:27","guid":{"rendered":"https:\/\/www.lycee-valin.fr\/RJVALIN\/?page_id=764"},"modified":"2025-09-22T18:04:46","modified_gmt":"2025-09-22T16:04:46","slug":"bourses-de-lycee","status":"publish","type":"page","link":"https:\/\/www.lycee-valin.fr\/RJVALIN\/bourses-de-lycee\/","title":{"rendered":"Bourses du lyc\u00e9e 2025\/2026"},"content":{"rendered":"\t\t<div data-elementor-type=\"wp-page\" data-elementor-id=\"764\" class=\"elementor elementor-764\">\n\t\t\t\t\t\t<section class=\"elementor-section elementor-top-section elementor-element elementor-element-3acaea10 elementor-section-boxed elementor-section-height-default elementor-section-height-default\" data-id=\"3acaea10\" data-element_type=\"section\" data-e-type=\"section\">\n\t\t\t\t\t\t<div class=\"elementor-container elementor-column-gap-default\">\n\t\t\t\t\t<div class=\"elementor-column elementor-col-100 elementor-top-column elementor-element elementor-element-5ea0b1ab\" data-id=\"5ea0b1ab\" data-element_type=\"column\" data-e-type=\"column\">\n\t\t\t<div class=\"elementor-widget-wrap elementor-element-populated\">\n\t\t\t\t\t\t<div class=\"elementor-element elementor-element-49a2d1ab elementor-widget elementor-widget-text-editor\" data-id=\"49a2d1ab\" data-element_type=\"widget\" data-e-type=\"widget\" data-widget_type=\"text-editor.default\">\n\t\t\t\t<div class=\"elementor-widget-container\">\n\t\t\t\t\t\t\t\t\t\n<h2 class=\"wp-block-heading\" style=\"text-align: center;\"><strong>Bourses du lyc\u00e9e 2025\/2026<\/strong><\/h2>\n\n<p>\u200b<\/p>\n\n<p>Pour l&#8217;ann\u00e9e scolaire 2025\/2026, la\u00a0campagne de bourses est ouverte du <strong>1er septembre 2025 au 16 octobre 2025 inclus<\/strong>.<\/p>\n\n<p><strong>Les responsables d&#8217;\u00e9l\u00e8ves qui ont consenti \u00e0 l&#8217;\u00e9tude automatique de leur droit \u00e0 bourse<\/strong> lors de l&#8217;inscription ou la r\u00e9inscription de leur enfant <strong>sont dispens\u00e9s<\/strong> de d\u00e9poser une demande de bourse \u00e0 la rentr\u00e9e scolaire 2025 et lors des rentr\u00e9es scolaires suivantes, gr\u00e2ce \u00e0 la conservation du consentement.<\/p>\n<p>\u200bSi vous n\u2019avez pas consenti \u00e0 ce dispositif, et si vous pensez \u00eatre \u00e9ligible au b\u00e9n\u00e9fice d&#8217;une bourse nationale, vous pouvez d\u00e9poser, entre le 1er septembre et le 16 octobre 2025, votre demande soit :<\/p>\n<p>\u00a0 \u00a0 &#8211;\u00a0 via le <strong>service en ligne Bourses<\/strong> <strong>:\u00a0<\/strong><a href=\"https:\/\/educonnect.education.gouv.fr\/idp\/profile\/SAML2\/Redirect\/SSO?execution=e1s2\" target=\"_blank\" rel=\"noreferrer noopener\">\u200b\u200b\u200b\u200b\u200b\u200b\u200b\u200b\u200b\u200b\u200b\u200b\u200b\u200b\u200b\u200b\u200b\u200b\u200b\u200b\u200b\u200b\u200b\u200b\u200b\u200b\u200b\u200b\u200b\u200b\u200b\u200b\u200b\u200b\u200b\u200b\u200b\u200b\u200b\u200b\u200b\u200b\u200b\u200b\u200b\u200b\u200b\u200b\u200b\u200b\u200b\u200b\u200b\u200b\u200b\u200b\u200b\u200b\u200b\u200b\u200b\u200b\u200b\u200b\u200b\u200b\u200b\u200b\u200b\u200b\u200b\u200b\u200b\u200b\u200b\u200b\u200b\u200b\u200b\u200b\u200b\u200b\u200b\u200b\u200b\u200b\u200b\u200b\u200b\u200b\u200b\u200b\u200b\u200b\u200b\u200b\u200b\u200b\u200b\u200b\u200b\u200b\u200b\u200b\u200b\u200b\u200b\u200b\u200b\u200b\u200b\u200b\u200b\u200b\u200b\u200b\u200b\u200b\u200b\u200b\u200b\u200b\u200b\u200b\u200b\u200b\u200b\u200b\u200b\u200b\u200b\u200b\u200b\u200b\u200bhttps:\/\/educonnect.education.gouv.fr\/idp\/profile\/SAML2\/Redirect\/SSO?execution=e1s2\u200b\u200b\u200b\u200b\u200b\u200b\u200b\u200b\u200b\u200b\u200b\u200b\u200b\u200b<\/a><\/p>\n<p>\u00a0 \u00a0 &#8211;\u00a0 ou via le <strong>formulaire papier<\/strong> de demande de bourse <em>(\u00e0 disposition au secr\u00e9tariat de scolarit\u00e9)<\/em><\/p>\n<p>\u00a0 \u00a0 &#8211;\u00a0 en nous donnant votre <strong>consentement \u00e0 l&#8217;\u00e9tude automatique du droit \u00e0 bourse<\/strong><em> (formulaire \u00e0 r\u00e9cup\u00e9rer au secr\u00e9tariat de scolarit\u00e9)\u00a0<\/em><\/p>\n<ul class=\"wp-block-list\"><\/ul>\n<!-- \/wp:list --><!-- wp:paragraph -->\n<p>\u200bLe simulateur de bourse de lyc\u00e9e vous permet de savoir si votre foyer peut b\u00e9n\u00e9ficier d\u2019une bourse nationale pour l\u2019ann\u00e9e scolaire 2025-2026 et \u00e9galement d\u2019obtenir une estimation personnalis\u00e9e de son montant pour chaque enfant scolaris\u00e9 :\u00a0<a href=\"https:\/\/calculateur-bourses.education.gouv.fr\/cabs\/api\/v1\/lycee\/simulateur.html\" target=\"_blank\" rel=\"noreferrer noopener\">https:\/\/calculateur-bourses.education.gouv.fr\/cabs\/api\/v1\/lycee\/simulateur.html<\/a><\/p>\n<!-- \/wp:paragraph --><!-- wp:paragraph -->\n<p>\u200b<strong>Attention<\/strong> : nous rappelons aux familles\u00a0<strong>qui b\u00e9n\u00e9ficiaient d&#8217;une bourse pendant l&#8217;ann\u00e9e scolaire 2024\/2025 <\/strong>que l&#8217;attribution des bourses est <strong>annuelle <\/strong>et <strong>qu&#8217;il n&#8217;y a plus de reconduction automatique. <\/strong>Par cons\u00e9quent, si vous n&#8217;avez pas donn\u00e9 votre consentement automatique du droit au bourse, vous devez d\u00e9poser une demande de bourse <strong>chaque ann\u00e9e.<\/strong><\/p>\n<!-- \/wp:paragraph --><!-- wp:paragraph -->\n<p><strong>\u200b<\/strong>Pour toute information compl\u00e9mentaire, vous pouvez vous rendre sur le site du Minist\u00e8re :\u00a0\u00a0<a href=\"https:\/\/www.education.gouv.fr\/les-bourses-de-college-et-de-lycee-326728\" target=\"_blank\" rel=\"noreferrer noopener\">https:\/\/www.education.gouv.fr\/les-bourses-de-college-et-de-lycee-326728<\/a><\/p>\n<!-- \/wp:paragraph --><!-- wp:paragraph -->\n<p>\u200b<\/p>\n<!-- \/wp:paragraph --><!-- wp:paragraph -->\n<p>\u00a0<\/p>\n<!-- \/wp:paragraph -->\t\t\t\t\t\t\t\t<\/div>\n\t\t\t\t<\/div>\n\t\t\t\t\t<\/div>\n\t\t<\/div>\n\t\t\t\t\t<\/div>\n\t\t<\/section>\n\t\t\t\t<\/div>\n\t\t<div class='watch-action'><div class='watch-position align-left'><div class='action-like'><a class='lbg-style3 like-764 jlk' href='javascript:void(0)' data-task='like' data-post_id='764' data-nonce='968edd4c0e' rel='nofollow'><img class='wti-pixel' src='https:\/\/www.lycee-valin.fr\/RJVALIN\/wp-content\/plugins\/wti-like-post\/images\/pixel.gif' title='j&#039;aime' \/><span class='lc-764 lc'>0<\/span><\/a><\/div><\/div> <div class='status-764 status align-left'><\/div><\/div><div class='wti-clear'><\/div>","protected":false},"excerpt":{"rendered":"<p>Bourses du lyc\u00e9e 2025\/2026 \u200b Pour l&#8217;ann\u00e9e scolaire 2025\/2026, la\u00a0campagne de bourses est ouverte du 1er septembre 2025 au 16 octobre 2025 inclus. Les responsables d&#8217;\u00e9l\u00e8ves qui ont consenti \u00e0 l&#8217;\u00e9tude automatique de leur droit <a class=\"more-link\" href=\"https:\/\/www.lycee-valin.fr\/RJVALIN\/bourses-de-lycee\/\">Lire plus &#8230;<\/a><\/p>\n","protected":false},"author":1,"featured_media":0,"parent":0,"menu_order":0,"comment_status":"closed","ping_status":"closed","template":"elementor_header_footer","meta":{"footnotes":""},"class_list":["post-764","page","type-page","status-publish","hentry"],"_links":{"self":[{"href":"https:\/\/www.lycee-valin.fr\/RJVALIN\/wp-json\/wp\/v2\/pages\/764","targetHints":{"allow":["GET"]}}],"collection":[{"href":"https:\/\/www.lycee-valin.fr\/RJVALIN\/wp-json\/wp\/v2\/pages"}],"about":[{"href":"https:\/\/www.lycee-valin.fr\/RJVALIN\/wp-json\/wp\/v2\/types\/page"}],"author":[{"embeddable":true,"href":"https:\/\/www.lycee-valin.fr\/RJVALIN\/wp-json\/wp\/v2\/users\/1"}],"replies":[{"embeddable":true,"href":"https:\/\/www.lycee-valin.fr\/RJVALIN\/wp-json\/wp\/v2\/comments?post=764"}],"version-history":[{"count":15,"href":"https:\/\/www.lycee-valin.fr\/RJVALIN\/wp-json\/wp\/v2\/pages\/764\/revisions"}],"predecessor-version":[{"id":7906,"href":"https:\/\/www.lycee-valin.fr\/RJVALIN\/wp-json\/wp\/v2\/pages\/764\/revisions\/7906"}],"wp:attachment":[{"href":"https:\/\/www.lycee-valin.fr\/RJVALIN\/wp-json\/wp\/v2\/media?parent=764"}],"curies":[{"name":"wp","href":"https:\/\/api.w.org\/{rel}","templated":true}]}}