{"id":691,"date":"2022-06-02T06:05:15","date_gmt":"2022-06-02T04:05:15","guid":{"rendered":"https:\/\/www.lycee-valin.fr\/RJVALIN\/?page_id=691"},"modified":"2022-06-18T09:30:29","modified_gmt":"2022-06-18T07:30:29","slug":"ceremonie-de-remise-des-diplomes-2021","status":"publish","type":"page","link":"https:\/\/www.lycee-valin.fr\/RJVALIN\/ceremonie-de-remise-des-diplomes-2021\/","title":{"rendered":"C\u00e9r\u00e9monie de remise des dipl\u00f4mes 2021"},"content":{"rendered":"\n<h1 class=\"has-text-align-center wp-block-heading\"><\/h1>\n\n\n\n<p>La c\u00e9r\u00e9monie de remise des dipl\u00f4mes du&nbsp;<strong>BTS Bioanalyses et Contr\u00f4les&nbsp;<\/strong>aux \u00e9tudiants de la&nbsp;<strong>promotion 2019-2021<\/strong>&nbsp;a eu lieu le samedi 13 Novembre 2021 au<strong>&nbsp;lyc\u00e9e Valin<\/strong>.<\/p>\n\n\n\n<p>Nous remercions&nbsp;<strong>M.<\/strong>&nbsp;<strong>Fabrice Pelletier<\/strong>,&nbsp;<strong>Proviseur,<\/strong>&nbsp;pour avoir facilit\u00e9 l\u2019organisation de l\u2019\u00e9v\u00e9nement&nbsp;;<br>Nous avons appr\u00e9ci\u00e9 la pr\u00e9sence de nombreux parents et amis des laur\u00e9ats, sp\u00e9cialement venus pour cet \u00e9v\u00e9nement.<\/p>\n\n\n\n<figure class=\"wp-block-video aligncenter\"><video height=\"720\" style=\"aspect-ratio: 1280 \/ 720;\" width=\"1280\" controls src=\"https:\/\/www.lycee-valin.fr\/RJVALIN\/wp-content\/uploads\/2022\/06\/ceremonie_remise_des_dipomes_btsbioac_valin_2021.mp4\"><\/video><figcaption>Remise du dipl\u00f4me pour Camille<\/figcaption><\/figure>\n\n\n<div class=\"wp-block-image\">\n<figure class=\"aligncenter size-full\"><img fetchpriority=\"high\" decoding=\"async\" width=\"302\" height=\"640\" src=\"https:\/\/www.lycee-valin.fr\/RJVALIN\/wp-content\/uploads\/2022\/06\/20211113_130750.gif\" alt=\"\" class=\"wp-image-693\" \/><\/figure>\n<\/div>\n\n\n<p>Lors de cette c\u00e9r\u00e9monie, l\u2019\u00e9quipe des enseignants,&nbsp;<strong>Mme&nbsp;Sandrine BRUNA, Christelle PORTELAS , M.&nbsp;Jules GUITTARD, M.&nbsp;Wilfrid GROSSIN<\/strong>&nbsp;et le DDFPT chef de travaux<strong>&nbsp;M.<\/strong>&nbsp;<strong>Emmanuel LUBBERS<\/strong>&nbsp;ont vivement f\u00e9licit\u00e9 les \u00e9tudiants du lyc\u00e9e VALIN, laur\u00e9ats du<strong>&nbsp;BTS Bioanalyses et Contr\u00f4les de la session 2021<\/strong>&#8230;avec 100&nbsp;% de r\u00e9ussite&nbsp;!<\/p>\n\n\n<div class=\"wp-block-image\">\n<figure class=\"aligncenter size-full\"><img decoding=\"async\" width=\"341\" height=\"465\" src=\"https:\/\/www.lycee-valin.fr\/RJVALIN\/wp-content\/uploads\/2022\/06\/2021-11-14_155609.jpg\" alt=\"\" class=\"wp-image-694\" srcset=\"https:\/\/www.lycee-valin.fr\/RJVALIN\/wp-content\/uploads\/2022\/06\/2021-11-14_155609.jpg 341w, https:\/\/www.lycee-valin.fr\/RJVALIN\/wp-content\/uploads\/2022\/06\/2021-11-14_155609-220x300.jpg 220w\" sizes=\"(max-width: 341px) 100vw, 341px\" \/><\/figure>\n<\/div>\n\n\n<p>Nous leur souhaitons une grande r\u00e9ussite dans leur poursuite d\u2019\u00e9tudes et\/ou dans leur parcours professionnel.<\/p>\n<div class='watch-action'><div class='watch-position align-left'><div class='action-like'><a class='lbg-style3 like-691 jlk' href='javascript:void(0)' data-task='like' data-post_id='691' data-nonce='fd945d8c06' rel='nofollow'><img class='wti-pixel' src='https:\/\/www.lycee-valin.fr\/RJVALIN\/wp-content\/plugins\/wti-like-post\/images\/pixel.gif' title='j&#039;aime' \/><span class='lc-691 lc'>0<\/span><\/a><\/div><\/div> <div class='status-691 status align-left'><\/div><\/div><div class='wti-clear'><\/div>","protected":false},"excerpt":{"rendered":"<p>La c\u00e9r\u00e9monie de remise des dipl\u00f4mes du&nbsp;BTS Bioanalyses et Contr\u00f4les&nbsp;aux \u00e9tudiants de la&nbsp;promotion 2019-2021&nbsp;a eu lieu le samedi 13 Novembre 2021 au&nbsp;lyc\u00e9e Valin. Nous remercions&nbsp;M.&nbsp;Fabrice Pelletier,&nbsp;Proviseur,&nbsp;pour avoir facilit\u00e9 l\u2019organisation de l\u2019\u00e9v\u00e9nement&nbsp;;Nous avons appr\u00e9ci\u00e9 la pr\u00e9sence <a class=\"more-link\" href=\"https:\/\/www.lycee-valin.fr\/RJVALIN\/ceremonie-de-remise-des-diplomes-2021\/\">Lire plus &#8230;<\/a><\/p>\n","protected":false},"author":5,"featured_media":0,"parent":0,"menu_order":0,"comment_status":"closed","ping_status":"closed","template":"","meta":{"footnotes":""},"class_list":["post-691","page","type-page","status-publish","hentry"],"_links":{"self":[{"href":"https:\/\/www.lycee-valin.fr\/RJVALIN\/wp-json\/wp\/v2\/pages\/691","targetHints":{"allow":["GET"]}}],"collection":[{"href":"https:\/\/www.lycee-valin.fr\/RJVALIN\/wp-json\/wp\/v2\/pages"}],"about":[{"href":"https:\/\/www.lycee-valin.fr\/RJVALIN\/wp-json\/wp\/v2\/types\/page"}],"author":[{"embeddable":true,"href":"https:\/\/www.lycee-valin.fr\/RJVALIN\/wp-json\/wp\/v2\/users\/5"}],"replies":[{"embeddable":true,"href":"https:\/\/www.lycee-valin.fr\/RJVALIN\/wp-json\/wp\/v2\/comments?post=691"}],"version-history":[{"count":3,"href":"https:\/\/www.lycee-valin.fr\/RJVALIN\/wp-json\/wp\/v2\/pages\/691\/revisions"}],"predecessor-version":[{"id":3066,"href":"https:\/\/www.lycee-valin.fr\/RJVALIN\/wp-json\/wp\/v2\/pages\/691\/revisions\/3066"}],"wp:attachment":[{"href":"https:\/\/www.lycee-valin.fr\/RJVALIN\/wp-json\/wp\/v2\/media?parent=691"}],"curies":[{"name":"wp","href":"https:\/\/api.w.org\/{rel}","templated":true}]}}