{"id":662,"date":"2022-06-01T08:28:17","date_gmt":"2022-06-01T06:28:17","guid":{"rendered":"https:\/\/www.lycee-valin.fr\/RJVALIN\/?page_id=662"},"modified":"2022-06-02T05:55:33","modified_gmt":"2022-06-02T03:55:33","slug":"ceremonie-de-remise-des-diplomes-2017-2","status":"publish","type":"page","link":"https:\/\/www.lycee-valin.fr\/RJVALIN\/ceremonie-de-remise-des-diplomes-2017-2\/","title":{"rendered":"C\u00e9r\u00e9monie de remise des dipl\u00f4mes 2018"},"content":{"rendered":"\n<h1 class=\"has-text-align-center wp-block-heading\"><strong>C\u00e9r\u00e9monie de remise des dipl\u00f4mes 2018<\/strong><\/h1>\n\n\n\n<p>La c\u00e9r\u00e9monie de remise des dipl\u00f4mes du&nbsp;<strong>BTS Bioanalyses et Contr\u00f4les&nbsp;<\/strong>aux \u00e9tudiants de la&nbsp;<strong>promotion 2016-2018<\/strong>&nbsp;a eu lieu le samedi 13 Octobre 2018 au<strong>&nbsp;lyc\u00e9e Valin<\/strong>.<\/p>\n\n\n\n<p>Nous remercions&nbsp;<strong>M.<\/strong>&nbsp;<strong>Fabrice Pelletier<\/strong>,&nbsp;<strong>Proviseur,<\/strong>&nbsp;pour avoir facilit\u00e9 l\u2019organisation de l\u2019\u00e9v\u00e9nement&nbsp;;<br>Nous avons appr\u00e9ci\u00e9 la pr\u00e9sence de nombreux parents des laur\u00e9ats, sp\u00e9cialement venus pour cet \u00e9v\u00e9nement.<\/p>\n\n\n<div class=\"wp-block-image\">\n<figure class=\"aligncenter size-full\"><img fetchpriority=\"high\" decoding=\"async\" width=\"360\" height=\"640\" src=\"https:\/\/www.lycee-valin.fr\/RJVALIN\/wp-content\/uploads\/2022\/06\/43734544_274332863216216_2649658615887036416_n.gif\" alt=\"\" class=\"wp-image-663\"\/><\/figure>\n<\/div>\n\n\n<p>L\u2019\u00e9quipe des enseignants,&nbsp;<strong>Mme&nbsp;Christelle PORTELAS , M.&nbsp;Jules Guittard, M.&nbsp;Wilfrid GROSSIN<\/strong>&nbsp;et le DDFPT chef de travaux<strong>&nbsp;M.<\/strong>&nbsp;<strong>Emmanuel LUBBERS<\/strong>&nbsp;ont vivement f\u00e9licit\u00e9 les \u00e9tudiants du lyc\u00e9e VALIN, laur\u00e9ats du<strong>&nbsp;BTS Bioanalyses et Contr\u00f4les de la session 2018.<\/strong><\/p>\n\n\n\n<figure class=\"wp-block-image size-full\"><img decoding=\"async\" src=\"https:\/\/www.lycee-valin.fr\/RJVALIN\/wp-content\/uploads\/2022\/06\/img_20181013_110838_970.jpg\" alt=\"\" class=\"wp-image-664\"\/><figcaption>Promo 2018<\/figcaption><\/figure>\n\n\n\n<p>Nous leur souhaitons une grande r\u00e9ussite dans leur poursuite d\u2019\u00e9tudes et\/ou dans leur parcours professionnel.<\/p>\n<div class='watch-action'><div class='watch-position align-left'><div class='action-like'><a class='lbg-style3 like-662 jlk' href='javascript:void(0)' data-task='like' data-post_id='662' data-nonce='59ba23eefb' rel='nofollow'><img class='wti-pixel' src='https:\/\/www.lycee-valin.fr\/RJVALIN\/wp-content\/plugins\/wti-like-post\/images\/pixel.gif' title='j&#039;aime' \/><span class='lc-662 lc'>0<\/span><\/a><\/div><\/div> <div class='status-662 status align-left'><\/div><\/div><div class='wti-clear'><\/div>","protected":false},"excerpt":{"rendered":"<p>C\u00e9r\u00e9monie de remise des dipl\u00f4mes 2018 La c\u00e9r\u00e9monie de remise des dipl\u00f4mes du&nbsp;BTS Bioanalyses et Contr\u00f4les&nbsp;aux \u00e9tudiants de la&nbsp;promotion 2016-2018&nbsp;a eu lieu le samedi 13 Octobre 2018 au&nbsp;lyc\u00e9e Valin. Nous remercions&nbsp;M.&nbsp;Fabrice Pelletier,&nbsp;Proviseur,&nbsp;pour avoir facilit\u00e9 l\u2019organisation <a class=\"more-link\" href=\"https:\/\/www.lycee-valin.fr\/RJVALIN\/ceremonie-de-remise-des-diplomes-2017-2\/\">Lire plus &#8230;<\/a><\/p>\n","protected":false},"author":1,"featured_media":0,"parent":0,"menu_order":0,"comment_status":"closed","ping_status":"closed","template":"elementor_header_footer","meta":{"footnotes":""},"class_list":["post-662","page","type-page","status-publish","hentry"],"_links":{"self":[{"href":"https:\/\/www.lycee-valin.fr\/RJVALIN\/wp-json\/wp\/v2\/pages\/662","targetHints":{"allow":["GET"]}}],"collection":[{"href":"https:\/\/www.lycee-valin.fr\/RJVALIN\/wp-json\/wp\/v2\/pages"}],"about":[{"href":"https:\/\/www.lycee-valin.fr\/RJVALIN\/wp-json\/wp\/v2\/types\/page"}],"author":[{"embeddable":true,"href":"https:\/\/www.lycee-valin.fr\/RJVALIN\/wp-json\/wp\/v2\/users\/1"}],"replies":[{"embeddable":true,"href":"https:\/\/www.lycee-valin.fr\/RJVALIN\/wp-json\/wp\/v2\/comments?post=662"}],"version-history":[{"count":2,"href":"https:\/\/www.lycee-valin.fr\/RJVALIN\/wp-json\/wp\/v2\/pages\/662\/revisions"}],"predecessor-version":[{"id":683,"href":"https:\/\/www.lycee-valin.fr\/RJVALIN\/wp-json\/wp\/v2\/pages\/662\/revisions\/683"}],"wp:attachment":[{"href":"https:\/\/www.lycee-valin.fr\/RJVALIN\/wp-json\/wp\/v2\/media?parent=662"}],"curies":[{"name":"wp","href":"https:\/\/api.w.org\/{rel}","templated":true}]}}