{"id":637,"date":"2022-06-01T07:48:34","date_gmt":"2022-06-01T05:48:34","guid":{"rendered":"https:\/\/www.lycee-valin.fr\/RJVALIN\/?page_id=637"},"modified":"2022-06-11T00:47:59","modified_gmt":"2022-06-10T22:47:59","slug":"historique-du-lycee-valin","status":"publish","type":"page","link":"https:\/\/www.lycee-valin.fr\/RJVALIN\/historique-du-lycee-valin\/","title":{"rendered":"Historique du Lyc\u00e9e Valin"},"content":{"rendered":"\n<h1 class=\"has-text-align-center wp-block-heading\"><strong>Historique du Lyc\u00e9e Valin<\/strong><\/h1>\n\n\n<div class=\"wp-block-site-logo\"><a href=\"https:\/\/www.lycee-valin.fr\/RJVALIN\/\" class=\"custom-logo-link\" rel=\"home\"><img decoding=\"async\" width=\"55\" height=\"13\" src=\"https:\/\/www.lycee-valin.fr\/RJVALIN\/wp-content\/uploads\/2023\/09\/cropped-LOGO_GRETA_REP_FR_F.Transparent-2.png\" class=\"custom-logo\" alt=\"Lyc\u00e9e Ren\u00e9-Josu\u00e9 VALIN\" \/><\/a><\/div>\n\n\n<h2 class=\"has-text-align-left wp-block-heading\">Les origines du lyc\u00e9e Valin<\/h2>\n\n\n\n<hr class=\"wp-block-separator has-alpha-channel-opacity\"\/>\n\n\n\n<p>Au d\u00e9but des ann\u00e9es 70, on d\u00e9tache les premiers cycles des lyc\u00e9es pour en faire des coll\u00e8ges et on g\u00e9n\u00e9ralise la mixit\u00e9. Pour appliquer cette politique \u00e0 La Rochelle, le lyc\u00e9e de gar\u00e7ons Fromentin devient coll\u00e8ge et son second cycle est transf\u00e9r\u00e9 dans un nouveau lyc\u00e9e mixte, \u00e9tabli sur un terrain de la commune de P\u00e9rigny, le long de la voie de chemin de fer.<\/p>\n\n\n\n<p>L\u2019administration acad\u00e9mique est s\u00e9duite par une structure m\u00e9tallique, rapide \u00e0 r\u00e9aliser et moins co\u00fbteuse. Des innovations sont int\u00e9ressantes&nbsp;: cloisons mobiles, grande salle vitr\u00e9e polyvalente, transformation facile du r\u00e9fectoire en salle de conf\u00e9rence&#8230;<\/p>\n\n\n<div class=\"wp-block-image\">\n<figure class=\"aligncenter size-full\"><img fetchpriority=\"high\" decoding=\"async\" width=\"426\" height=\"276\" src=\"https:\/\/www.lycee-valin.fr\/RJVALIN\/wp-content\/uploads\/2022\/06\/lyc1974.jpg\" alt=\"\" class=\"wp-image-641\" srcset=\"https:\/\/www.lycee-valin.fr\/RJVALIN\/wp-content\/uploads\/2022\/06\/lyc1974.jpg 426w, https:\/\/www.lycee-valin.fr\/RJVALIN\/wp-content\/uploads\/2022\/06\/lyc1974-300x194.jpg 300w\" sizes=\"(max-width: 426px) 100vw, 426px\" \/><figcaption>Le lyc\u00e9e Valin en 1974<\/figcaption><\/figure>\n<\/div>\n\n\n<p>Le lyc\u00e9e ouvre ses portes en 1974&nbsp;: il est neuf, \u00e9l\u00e8ves et professeurs, peu nombreux, se connaissent. D\u00e8s le d\u00e9but, des sp\u00e9cialit\u00e9s&nbsp;: biologie, sciences m\u00e9dico-sociales, grec, puis arts plastiques et expression dramatique sont offertes pour s\u00e9duire une client\u00e8le qu\u2019un &#8220;lyc\u00e9e de banlieue&#8221; peut rebuter<\/p>\n\n\n\n<h2 class=\"wp-block-heading\">Le nom du lyc\u00e9e<\/h2>\n\n\n\n<p>Pendant des ann\u00e9es, le lyc\u00e9e est appel\u00e9 &#8220;de P\u00e9rigny&#8221; ou de &#8220;Villeneuve&#8221;. Enfin, apr\u00e8s avoir \u00e9voqu\u00e9 le nom de Laclos, on se d\u00e9cide pour Ren\u00e9-Josu\u00e9 Valin.<\/p>\n\n\n<div class=\"wp-block-image\">\n<figure class=\"aligncenter size-full\"><img decoding=\"async\" width=\"297\" height=\"395\" src=\"https:\/\/www.lycee-valin.fr\/RJVALIN\/wp-content\/uploads\/2022\/06\/valin_portrait.png\" alt=\"\" class=\"wp-image-645\" srcset=\"https:\/\/www.lycee-valin.fr\/RJVALIN\/wp-content\/uploads\/2022\/06\/valin_portrait.png 297w, https:\/\/www.lycee-valin.fr\/RJVALIN\/wp-content\/uploads\/2022\/06\/valin_portrait-226x300.png 226w\" sizes=\"(max-width: 297px) 100vw, 297px\" \/><figcaption>Ren\u00e9-Josu\u00e9 VALIN<\/figcaption><\/figure>\n<\/div>\n\n\n<p>Descendant d\u2019un marchand hollandais du nom de Van Lendt, \u00e9migr\u00e9 dans L\u2019lle de R\u00e9, Ren\u00e9-Josu\u00e9 Valin n\u00e9 \u00e0 la Rochelle en 1695, \u00e9tudie le droit \u00e0 Poitiers, s\u2019installe comme avocat dans sa ville natale, puis ach\u00e8te la charge de procureur \u00e0 l\u2019Amiraut\u00e9. Repr\u00e9sentant l\u2019Etat dans les affaires maritimes, il publie un&nbsp;<em>Commentaire sur la coutume de La Rochelle et du Pays d\u2019Aunis<\/em>&nbsp;(1756) et un c\u00e9l\u00e8bre&nbsp;<em>Commentaire sur l\u2019Ordonnance de la Marine<\/em>&nbsp;(1760), fruits de son exp\u00e9rience.Homme de bien, grand travailleur, p\u00e8re d\u2019une nombreuse famille, il s\u2019\u00e9teint dans sa maison de campagne de Lauzi\u00e8res en 1765.<\/p>\n\n\n\n<h2 class=\"wp-block-heading\">Le Lyc\u00e9e au XXIe si\u00e8cle<\/h2>\n\n\n\n<p>Depuis 1974, le nombre d\u2019\u00e9l\u00e8ves a doubl\u00e9. De nouvelles fili\u00e8res ont \u00e9t\u00e9 cr\u00e9\u00e9es&nbsp;: BTS biochimiste devenu \u00ab&nbsp;Bioanalyses et Contr\u00f4les&nbsp;\u00bb, cr\u00e9ation de la Classe pr\u00e9paratoire Commerciale, option scientifique&#8230;<\/p>\n\n\n\n<p>Les b\u00e2timents d\u2019origine, n\u2019offrant pas la s\u00e9curit\u00e9 d\u00e9sirable, disparaissent, laissant place \u00e0 des constructions neuves.<\/p>\n\n\n<div class=\"wp-block-image\">\n<figure class=\"aligncenter size-full\"><img loading=\"lazy\" decoding=\"async\" width=\"477\" height=\"322\" src=\"https:\/\/www.lycee-valin.fr\/RJVALIN\/wp-content\/uploads\/2022\/06\/travaux02.jpg\" alt=\"\" class=\"wp-image-647\" srcset=\"https:\/\/www.lycee-valin.fr\/RJVALIN\/wp-content\/uploads\/2022\/06\/travaux02.jpg 477w, https:\/\/www.lycee-valin.fr\/RJVALIN\/wp-content\/uploads\/2022\/06\/travaux02-300x203.jpg 300w\" sizes=\"(max-width: 477px) 100vw, 477px\" \/><figcaption>Travaux 1995<\/figcaption><\/figure>\n<\/div>\n\n\n<p>Depuis la rentr\u00e9e 1996, de l\u2019ancien lyc\u00e9e, il ne reste plus que des souvenirs.<\/p>\n<div class='watch-action'><div class='watch-position align-left'><div class='action-like'><a class='lbg-style3 like-637 jlk' href='javascript:void(0)' data-task='like' data-post_id='637' data-nonce='b79f79c995' rel='nofollow'><img class='wti-pixel' src='https:\/\/www.lycee-valin.fr\/RJVALIN\/wp-content\/plugins\/wti-like-post\/images\/pixel.gif' title='j&#039;aime' \/><span class='lc-637 lc'>0<\/span><\/a><\/div><\/div> <div class='status-637 status align-left'><\/div><\/div><div class='wti-clear'><\/div>","protected":false},"excerpt":{"rendered":"<p>Historique du Lyc\u00e9e Valin Les origines du lyc\u00e9e Valin Au d\u00e9but des ann\u00e9es 70, on d\u00e9tache les premiers cycles des lyc\u00e9es pour en faire des coll\u00e8ges et on g\u00e9n\u00e9ralise la mixit\u00e9. Pour appliquer cette politique <a class=\"more-link\" href=\"https:\/\/www.lycee-valin.fr\/RJVALIN\/historique-du-lycee-valin\/\">Lire plus &#8230;<\/a><\/p>\n","protected":false},"author":1,"featured_media":817,"parent":0,"menu_order":0,"comment_status":"closed","ping_status":"closed","template":"elementor_header_footer","meta":{"footnotes":""},"class_list":["post-637","page","type-page","status-publish","has-post-thumbnail","hentry"],"_links":{"self":[{"href":"https:\/\/www.lycee-valin.fr\/RJVALIN\/wp-json\/wp\/v2\/pages\/637","targetHints":{"allow":["GET"]}}],"collection":[{"href":"https:\/\/www.lycee-valin.fr\/RJVALIN\/wp-json\/wp\/v2\/pages"}],"about":[{"href":"https:\/\/www.lycee-valin.fr\/RJVALIN\/wp-json\/wp\/v2\/types\/page"}],"author":[{"embeddable":true,"href":"https:\/\/www.lycee-valin.fr\/RJVALIN\/wp-json\/wp\/v2\/users\/1"}],"replies":[{"embeddable":true,"href":"https:\/\/www.lycee-valin.fr\/RJVALIN\/wp-json\/wp\/v2\/comments?post=637"}],"version-history":[{"count":7,"href":"https:\/\/www.lycee-valin.fr\/RJVALIN\/wp-json\/wp\/v2\/pages\/637\/revisions"}],"predecessor-version":[{"id":830,"href":"https:\/\/www.lycee-valin.fr\/RJVALIN\/wp-json\/wp\/v2\/pages\/637\/revisions\/830"}],"wp:featuredmedia":[{"embeddable":true,"href":"https:\/\/www.lycee-valin.fr\/RJVALIN\/wp-json\/wp\/v2\/media\/817"}],"wp:attachment":[{"href":"https:\/\/www.lycee-valin.fr\/RJVALIN\/wp-json\/wp\/v2\/media?parent=637"}],"curies":[{"name":"wp","href":"https:\/\/api.w.org\/{rel}","templated":true}]}}