{"id":631,"date":"2022-05-31T09:40:13","date_gmt":"2022-05-31T07:40:13","guid":{"rendered":"https:\/\/www.lycee-valin.fr\/RJVALIN\/?page_id=631"},"modified":"2023-07-08T04:22:11","modified_gmt":"2023-07-08T02:22:11","slug":"theatre-2","status":"publish","type":"page","link":"https:\/\/www.lycee-valin.fr\/RJVALIN\/theatre-2\/","title":{"rendered":"Th\u00e9\u00e2tre"},"content":{"rendered":"\n<div data-wp-interactive=\"core\/file\" class=\"wp-block-file\"><object data-wp-bind--hidden=\"!state.hasPdfPreview\" hidden class=\"wp-block-file__embed\" data=\"https:\/\/www.lycee-valin.fr\/RJVALIN\/wp-content\/uploads\/2023\/03\/Presentation-option-theatre-2nde-1ere-Terminale.pdf\" type=\"application\/pdf\" style=\"width:100%;height:1553px\" aria-label=\"Contenu embarqu\u00e9 Presentation-option-theatre-2nde-1ere-Terminale.\"><\/object><a id=\"wp-block-file--media-9f0d7a8d-00fe-4ebc-93e8-56fe46dc1fcb\" href=\"https:\/\/www.lycee-valin.fr\/RJVALIN\/wp-content\/uploads\/2023\/03\/Presentation-option-theatre-2nde-1ere-Terminale.pdf\">Presentation-option-theatre-2nde-1ere-Terminale<\/a><a href=\"https:\/\/www.lycee-valin.fr\/RJVALIN\/wp-content\/uploads\/2023\/03\/Presentation-option-theatre-2nde-1ere-Terminale.pdf\" class=\"wp-block-file__button wp-element-button\" download aria-describedby=\"wp-block-file--media-9f0d7a8d-00fe-4ebc-93e8-56fe46dc1fcb\">T\u00e9l\u00e9charger<\/a><\/div>\n\n\n\n<hr class=\"wp-block-separator has-alpha-channel-opacity\"\/>\n\n\n\n<p>Liens des articles li\u00e9s \u00e0 cette cat\u00e9gorie<\/p>\n\n\n<ul class=\"wp-block-latest-posts__list has-dates has-author wp-block-latest-posts\"><li><a class=\"wp-block-latest-posts__post-title\" href=\"https:\/\/www.lycee-valin.fr\/RJVALIN\/atelier-de-culture-coreenne-2\/\">Atelier de culture cor\u00e9enne<\/a><div class=\"wp-block-latest-posts__post-author\">par Stephane Jacob<\/div><time datetime=\"2024-01-08T09:44:31+01:00\" class=\"wp-block-latest-posts__post-date\">8 janvier 2024<\/time><\/li>\n<li><a class=\"wp-block-latest-posts__post-title\" href=\"https:\/\/www.lycee-valin.fr\/RJVALIN\/offre-de-figuration\/\">Offre de figuration<\/a><div class=\"wp-block-latest-posts__post-author\">par Stephane Jacob<\/div><time datetime=\"2023-03-04T11:46:29+01:00\" class=\"wp-block-latest-posts__post-date\">4 mars 2023<\/time><\/li>\n<\/ul><div class='watch-action'><div class='watch-position align-left'><div class='action-like'><a class='lbg-style3 like-631 jlk' href='javascript:void(0)' data-task='like' data-post_id='631' data-nonce='96e7d004ef' rel='nofollow'><img class='wti-pixel' src='https:\/\/www.lycee-valin.fr\/RJVALIN\/wp-content\/plugins\/wti-like-post\/images\/pixel.gif' title='j&#039;aime' \/><span class='lc-631 lc'>0<\/span><\/a><\/div><\/div> <div class='status-631 status align-left'><\/div><\/div><div class='wti-clear'><\/div>","protected":false},"excerpt":{"rendered":"<p>Liens des articles li\u00e9s \u00e0 cette cat\u00e9gorie 0<\/p>\n","protected":false},"author":1,"featured_media":0,"parent":0,"menu_order":0,"comment_status":"closed","ping_status":"closed","template":"elementor_header_footer","meta":{"footnotes":""},"class_list":["post-631","page","type-page","status-publish","hentry"],"_links":{"self":[{"href":"https:\/\/www.lycee-valin.fr\/RJVALIN\/wp-json\/wp\/v2\/pages\/631","targetHints":{"allow":["GET"]}}],"collection":[{"href":"https:\/\/www.lycee-valin.fr\/RJVALIN\/wp-json\/wp\/v2\/pages"}],"about":[{"href":"https:\/\/www.lycee-valin.fr\/RJVALIN\/wp-json\/wp\/v2\/types\/page"}],"author":[{"embeddable":true,"href":"https:\/\/www.lycee-valin.fr\/RJVALIN\/wp-json\/wp\/v2\/users\/1"}],"replies":[{"embeddable":true,"href":"https:\/\/www.lycee-valin.fr\/RJVALIN\/wp-json\/wp\/v2\/comments?post=631"}],"version-history":[{"count":3,"href":"https:\/\/www.lycee-valin.fr\/RJVALIN\/wp-json\/wp\/v2\/pages\/631\/revisions"}],"predecessor-version":[{"id":4869,"href":"https:\/\/www.lycee-valin.fr\/RJVALIN\/wp-json\/wp\/v2\/pages\/631\/revisions\/4869"}],"wp:attachment":[{"href":"https:\/\/www.lycee-valin.fr\/RJVALIN\/wp-json\/wp\/v2\/media?parent=631"}],"curies":[{"name":"wp","href":"https:\/\/api.w.org\/{rel}","templated":true}]}}