{"id":6096,"date":"2024-05-21T08:07:25","date_gmt":"2024-05-21T06:07:25","guid":{"rendered":"https:\/\/www.lycee-valin.fr\/RJVALIN\/?page_id=6096"},"modified":"2024-05-21T08:24:42","modified_gmt":"2024-05-21T06:24:42","slug":"construction-dun-reseau-etablissement-entreprises","status":"publish","type":"page","link":"https:\/\/www.lycee-valin.fr\/RJVALIN\/construction-dun-reseau-etablissement-entreprises\/","title":{"rendered":"Construction d&#8217;un r\u00e9seau Etablissement &#8211; Entreprises"},"content":{"rendered":"\n<hr class=\"wp-block-separator has-alpha-channel-opacity\"\/>\n\n\n\n<p><strong>Place centrale des enseignants de Biochimie G\u00e9nie Biologique dans la d\u00e9marche de construction du partenariat \u00c9tablissement- Entreprise<\/strong><\/p>\n\n\n\n<div style=\"width: 100%;\"><div style=\"position: relative; padding-bottom: 56.25%; padding-top: 0; height: 0;\"><iframe title=\"PNF_04_Avril\" frameborder=\"0\" width=\"1200px\" height=\"675px\" style=\"position: absolute; top: 0; left: 0; width: 100%; height: 100%;\" src=\"https:\/\/view.genially.com\/65e6d85e4d78100014233d3b\" type=\"text\/html\" allowscriptaccess=\"always\" allowfullscreen=\"true\" scrolling=\"yes\" allownetworking=\"all\"><\/iframe> <\/div> <\/div>\n<div class='watch-action'><div class='watch-position align-left'><div class='action-like'><a class='lbg-style3 like-6096 jlk' href='javascript:void(0)' data-task='like' data-post_id='6096' data-nonce='680cdee53b' rel='nofollow'><img class='wti-pixel' src='https:\/\/www.lycee-valin.fr\/RJVALIN\/wp-content\/plugins\/wti-like-post\/images\/pixel.gif' title='j&#039;aime' \/><span class='lc-6096 lc'>0<\/span><\/a><\/div><\/div> <div class='status-6096 status align-left'><\/div><\/div><div class='wti-clear'><\/div>","protected":false},"excerpt":{"rendered":"<p>Place centrale des enseignants de Biochimie G\u00e9nie Biologique dans la d\u00e9marche de construction du partenariat \u00c9tablissement- Entreprise 0<\/p>\n","protected":false},"author":5,"featured_media":0,"parent":0,"menu_order":0,"comment_status":"closed","ping_status":"closed","template":"elementor_header_footer","meta":{"footnotes":""},"class_list":["post-6096","page","type-page","status-publish","hentry"],"_links":{"self":[{"href":"https:\/\/www.lycee-valin.fr\/RJVALIN\/wp-json\/wp\/v2\/pages\/6096","targetHints":{"allow":["GET"]}}],"collection":[{"href":"https:\/\/www.lycee-valin.fr\/RJVALIN\/wp-json\/wp\/v2\/pages"}],"about":[{"href":"https:\/\/www.lycee-valin.fr\/RJVALIN\/wp-json\/wp\/v2\/types\/page"}],"author":[{"embeddable":true,"href":"https:\/\/www.lycee-valin.fr\/RJVALIN\/wp-json\/wp\/v2\/users\/5"}],"replies":[{"embeddable":true,"href":"https:\/\/www.lycee-valin.fr\/RJVALIN\/wp-json\/wp\/v2\/comments?post=6096"}],"version-history":[{"count":6,"href":"https:\/\/www.lycee-valin.fr\/RJVALIN\/wp-json\/wp\/v2\/pages\/6096\/revisions"}],"predecessor-version":[{"id":6108,"href":"https:\/\/www.lycee-valin.fr\/RJVALIN\/wp-json\/wp\/v2\/pages\/6096\/revisions\/6108"}],"wp:attachment":[{"href":"https:\/\/www.lycee-valin.fr\/RJVALIN\/wp-json\/wp\/v2\/media?parent=6096"}],"curies":[{"name":"wp","href":"https:\/\/api.w.org\/{rel}","templated":true}]}}