{"id":602,"date":"2022-05-31T05:37:46","date_gmt":"2022-05-31T03:37:46","guid":{"rendered":"https:\/\/www.lycee-valin.fr\/RJVALIN\/?page_id=602"},"modified":"2025-12-02T12:12:32","modified_gmt":"2025-12-02T11:12:32","slug":"pix","status":"publish","type":"page","link":"https:\/\/www.lycee-valin.fr\/RJVALIN\/pix\/","title":{"rendered":"PIX"},"content":{"rendered":"\n<hr class=\"wp-block-separator has-alpha-channel-opacity\"\/>\n\n\n\n<p><strong>Les informations sur PIX au lyc\u00e9e Valin<\/strong><\/p>\n\n\n\n<div style=\"width: 100%;\"><div style=\"position: relative; padding-bottom: 56.25%; padding-top: 0; height: 0;\"><iframe frameborder=\"0\" width=\"1200px\" height=\"675px\" style=\"position: absolute; top: 0; left: 0; width: 100%; height: 100%;\" src=\"https:\/\/view.genial.ly\/5fa108998519011e966a82cc\" type=\"text\/html\" allowscriptaccess=\"always\" allowfullscreen=\"true\" scrolling=\"yes\" allownetworking=\"all\"><\/iframe> <\/div> <\/div>\n\n\n\n<hr class=\"wp-block-separator has-alpha-channel-opacity\"\/>\n\n\n\n<div data-wp-interactive=\"core\/file\" class=\"wp-block-file\"><object data-wp-bind--hidden=\"!state.hasPdfPreview\" hidden class=\"wp-block-file__embed\" data=\"https:\/\/www.lycee-valin.fr\/RJVALIN\/wp-content\/uploads\/2025\/12\/Consigne-eleve-certification-PIX-2026.pdf\" type=\"application\/pdf\" style=\"width:100%;height:600px\" aria-label=\"Contenu embarqu\u00e9 Consigne \u00e9l\u00e8ve certification PIX 2026.\"><\/object><a id=\"wp-block-file--media-63a68d5c-804e-41f1-bbca-16ee23bc09df\" href=\"https:\/\/www.lycee-valin.fr\/RJVALIN\/wp-content\/uploads\/2025\/12\/Consigne-eleve-certification-PIX-2026.pdf\" target=\"_blank\" rel=\"noreferrer noopener\">Consigne \u00e9l\u00e8ve certification PIX 2026<\/a><a href=\"https:\/\/www.lycee-valin.fr\/RJVALIN\/wp-content\/uploads\/2025\/12\/Consigne-eleve-certification-PIX-2026.pdf\" class=\"wp-block-file__button wp-element-button\" download aria-describedby=\"wp-block-file--media-63a68d5c-804e-41f1-bbca-16ee23bc09df\">T\u00e9l\u00e9charger<\/a><\/div>\n\n\n\n<hr class=\"wp-block-separator has-alpha-channel-opacity\"\/>\n\n\n\n<p><strong>R\u00e9cup\u00e9ration du compte Pix \u00e0 la sortie du syst\u00e8me scolaire<\/strong>  :<\/p>\n\n\n\n<figure class=\"wp-block-embed is-type-wp-embed is-provider-lyc-e-ren-josu-valin wp-block-embed-lyc-e-ren-josu-valin\"><div class=\"wp-block-embed__wrapper\">\n<blockquote class=\"wp-embedded-content\" data-secret=\"eNVP1Y0wZy\"><a href=\"https:\/\/www.lycee-valin.fr\/RJVALIN\/recuperation-du-compte-pix-a-la-sortie-du-systeme-scolaire\/\">R\u00e9cup\u00e9ration du compte Pix \u00e0 la sortie du syst\u00e8me scolaire<\/a><\/blockquote><iframe class=\"wp-embedded-content\" sandbox=\"allow-scripts\" security=\"restricted\" style=\"position: absolute; clip: rect(1px, 1px, 1px, 1px);\" title=\"\u00ab\u00a0R\u00e9cup\u00e9ration du compte Pix \u00e0 la sortie du syst\u00e8me scolaire\u00a0\u00bb &#8212; Lyc\u00e9e Ren\u00e9-Josu\u00e9 VALIN\" src=\"https:\/\/www.lycee-valin.fr\/RJVALIN\/recuperation-du-compte-pix-a-la-sortie-du-systeme-scolaire\/embed\/#?secret=8WTbaGQzGB#?secret=eNVP1Y0wZy\" data-secret=\"eNVP1Y0wZy\" width=\"540\" height=\"304\" frameborder=\"0\" marginwidth=\"0\" marginheight=\"0\" scrolling=\"no\"><\/iframe>\n<\/div><\/figure>\n<div class='watch-action'><div class='watch-position align-left'><div class='action-like'><a class='lbg-style3 like-602 jlk' href='javascript:void(0)' data-task='like' data-post_id='602' data-nonce='5e1022fd9f' rel='nofollow'><img class='wti-pixel' src='https:\/\/www.lycee-valin.fr\/RJVALIN\/wp-content\/plugins\/wti-like-post\/images\/pixel.gif' title='j&#039;aime' \/><span class='lc-602 lc'>0<\/span><\/a><\/div><\/div> <div class='status-602 status align-left'><\/div><\/div><div class='wti-clear'><\/div>","protected":false},"excerpt":{"rendered":"<p>Les informations sur PIX au lyc\u00e9e Valin R\u00e9cup\u00e9ration du compte Pix \u00e0 la sortie du syst\u00e8me scolaire : 0<\/p>\n","protected":false},"author":5,"featured_media":0,"parent":0,"menu_order":0,"comment_status":"closed","ping_status":"closed","template":"elementor_header_footer","meta":{"footnotes":""},"class_list":["post-602","page","type-page","status-publish","hentry"],"_links":{"self":[{"href":"https:\/\/www.lycee-valin.fr\/RJVALIN\/wp-json\/wp\/v2\/pages\/602","targetHints":{"allow":["GET"]}}],"collection":[{"href":"https:\/\/www.lycee-valin.fr\/RJVALIN\/wp-json\/wp\/v2\/pages"}],"about":[{"href":"https:\/\/www.lycee-valin.fr\/RJVALIN\/wp-json\/wp\/v2\/types\/page"}],"author":[{"embeddable":true,"href":"https:\/\/www.lycee-valin.fr\/RJVALIN\/wp-json\/wp\/v2\/users\/5"}],"replies":[{"embeddable":true,"href":"https:\/\/www.lycee-valin.fr\/RJVALIN\/wp-json\/wp\/v2\/comments?post=602"}],"version-history":[{"count":8,"href":"https:\/\/www.lycee-valin.fr\/RJVALIN\/wp-json\/wp\/v2\/pages\/602\/revisions"}],"predecessor-version":[{"id":8186,"href":"https:\/\/www.lycee-valin.fr\/RJVALIN\/wp-json\/wp\/v2\/pages\/602\/revisions\/8186"}],"wp:attachment":[{"href":"https:\/\/www.lycee-valin.fr\/RJVALIN\/wp-json\/wp\/v2\/media?parent=602"}],"curies":[{"name":"wp","href":"https:\/\/api.w.org\/{rel}","templated":true}]}}