{"id":566,"date":"2022-05-30T16:05:18","date_gmt":"2022-05-30T14:05:18","guid":{"rendered":"https:\/\/www.lycee-valin.fr\/RJVALIN\/?page_id=566"},"modified":"2022-10-12T05:11:47","modified_gmt":"2022-10-12T03:11:47","slug":"informations","status":"publish","type":"page","link":"https:\/\/www.lycee-valin.fr\/RJVALIN\/informations\/","title":{"rendered":"Derni\u00e8res actualit\u00e9s"},"content":{"rendered":"\n<p><\/p>\n\n\n\n<hr class=\"wp-block-separator has-alpha-channel-opacity\"\/>\n\n\n\n<h1 class=\"has-text-color wp-block-heading\" style=\"color:#189ddb\"><strong>Premi\u00e8re Edition des ERASMUS DAYS au Lyc\u00e9e R. J. Valin, les 13 et 14 Octobre 2022, en soutien \u00e0 notre candidature Erasmus+ !<\/strong><\/h1>\n\n\n\n<figure class=\"wp-block-image size-large is-resized\"><img fetchpriority=\"high\" decoding=\"async\" src=\"https:\/\/www.lycee-valin.fr\/RJVALIN\/wp-content\/uploads\/2022\/10\/ERASMUSDAYS_WEB-BANNER-1024x264.jpg\" alt=\"\" class=\"wp-image-2831\" width=\"1024\" height=\"264\" srcset=\"https:\/\/www.lycee-valin.fr\/RJVALIN\/wp-content\/uploads\/2022\/10\/ERASMUSDAYS_WEB-BANNER-1024x264.jpg 1024w, https:\/\/www.lycee-valin.fr\/RJVALIN\/wp-content\/uploads\/2022\/10\/ERASMUSDAYS_WEB-BANNER-300x77.jpg 300w, https:\/\/www.lycee-valin.fr\/RJVALIN\/wp-content\/uploads\/2022\/10\/ERASMUSDAYS_WEB-BANNER-768x198.jpg 768w, https:\/\/www.lycee-valin.fr\/RJVALIN\/wp-content\/uploads\/2022\/10\/ERASMUSDAYS_WEB-BANNER-1536x396.jpg 1536w, https:\/\/www.lycee-valin.fr\/RJVALIN\/wp-content\/uploads\/2022\/10\/ERASMUSDAYS_WEB-BANNER.jpg 2021w\" sizes=\"(max-width: 1024px) 100vw, 1024px\" \/><\/figure>\n\n\n\n<p class=\"has-normal-font-size\">Un \u00e9v\u00e9nement qui vous permettra de (re)d\u00e9couvrir l\u2019Union Europ\u00e9enne et les mobilit\u00e9s internationales qu\u2019elle nous offre, de mani\u00e8re ludique et festive.&nbsp;<\/p>\n\n\n\n<p class=\"has-normal-font-size\">Au programme : une playlist internationale, un grand jeu des drapeaux europ\u00e9ens, une s\u00e9lection d\u2019ouvrages et revues au CDI, un sondage, et pleins d\u2019informations qui vous seront utiles dans les ann\u00e9es \u00e0 venir..<\/p>\n\n\n\n<hr class=\"wp-block-separator has-alpha-channel-opacity\"\/>\n\n\n\n<h2 class=\"has-text-color wp-block-heading\" style=\"color:#0996d7\"><strong>Les #ErasmusDays&nbsp;2022 : trois jours pour valoriser des projets europ\u00e9ens<\/strong><\/h2>\n\n\n\n<p class=\"has-normal-font-size\">Cette ann\u00e9e, pour sa 6\u00e8me \u00e9dition, les #ErasmusDays se d\u00e9roulent les&nbsp;<strong>13, 14 et 15 octobre 2022<\/strong>.<strong>&nbsp;<\/strong>Des centaines d\u2019\u00e9v\u00e9nements, organis\u00e9s par les \u00e9tablissements participant au programme, sont pr\u00e9vus partout dans le monde.<\/p>\n\n\n\n<p class=\"has-normal-font-size\">Les participants peuvent t\u00e9moigner de l\u2019impact des projets pass\u00e9s ou en cours. Ils peuvent aussi envisager de nouvelles coop\u00e9rations \u00e9ducatives autour des enjeux de la transformation num\u00e9rique, du d\u00e9veloppement durable, de l\u2019inclusion sociale et professionnelle, de participation \u00e0 la vie d\u00e9mocratique. Les nouvelles priorit\u00e9s du programme&nbsp;Erasmus+ 2021-2027 sont au c\u0153ur des #ErasmusDays&nbsp;2022.<\/p>\n\n\n\n<div class=\"wp-block-buttons is-layout-flex wp-block-buttons-is-layout-flex\">\n<div class=\"wp-block-button has-custom-width wp-block-button__width-100 has-custom-font-size is-style-fill has-normal-font-size\"><a class=\"wp-block-button__link has-white-color has-text-color has-background\" href=\"https:\/\/www.erasmusdays.eu\/\" style=\"border-radius:0px;background-color:#0c8bc6\" target=\"_blank\" rel=\"noreferrer noopener\"><strong>Information et inscription<\/strong><\/a><\/div>\n<\/div>\n\n\n\n<div style=\"height:25px\" aria-hidden=\"true\" class=\"wp-block-spacer\"><\/div>\n\n\n\n<p class=\"has-normal-font-size\">Il est aussi possible de participer aux #ErasmusDays \u00e0 titre individuel. Pour cela, il vous suffit de montrer votre attachement au programme Erasmus sur les r\u00e9seaux sociaux. Vous pouvez poster une vid\u00e9o, une photo souvenir de vos amis Erasmus, publier un t\u00e9moignage sur votre s\u00e9jour, etc. sur votre r\u00e9seau social favori, en utilisant le hashtag #ErasmusDays.<\/p>\n\n\n\n<p class=\"has-normal-font-size\">Chaque ann\u00e9e,&nbsp;<strong>cette f\u00eate europ\u00e9enne est l\u2019occasion pour les \u00e9tablissements de rassembler leurs publics \u00e0 l\u2019\u00e9chelle locale<\/strong>&nbsp;: \u00e9l\u00e8ves, professeurs, parents, associations, \u00e9lus locaux, eurod\u00e9put\u00e9s, journalistes.&nbsp;<\/p>\n\n\n\n<p class=\"has-normal-font-size\">Le programme&nbsp;<a href=\"https:\/\/www.education.gouv.fr\/le-programme-erasmus-9890\"><strong>Erasmus+<\/strong><\/a>&nbsp;vise \u00e9galement \u00e0 soutenir des actions dans les domaines de l\u2019<strong>enseignement, de la formation, de la jeunesse et du sport<\/strong>. Il soutient financi\u00e8rement une large gamme d\u2019actions et d\u2019activit\u00e9s dans les domaines de l\u2019enseignement, de la formation, de la jeunesse et du sport.<\/p>\n\n\n\n<div class=\"wp-block-buttons is-layout-flex wp-block-buttons-is-layout-flex\">\n<div class=\"wp-block-button has-custom-width wp-block-button__width-100 has-custom-font-size is-style-fill has-normal-font-size\"><a class=\"wp-block-button__link has-white-color has-text-color has-background\" href=\"https:\/\/www.education.gouv.fr\/les-erasmus-days-306695\" style=\"border-radius:0px;background-color:#0c8bc6\" target=\"_blank\" rel=\"noreferrer noopener\">Lire la suite sur \u00e9ducation.gouv.fr<\/a><\/div>\n<\/div>\n\n\n\n<div class=\"wp-block-buttons is-layout-flex wp-block-buttons-is-layout-flex\"><\/div>\n\n\n\n<div class=\"wp-block-buttons is-layout-flex wp-block-buttons-is-layout-flex\"><\/div>\n\n\n\n<div class=\"wp-block-buttons is-layout-flex wp-block-buttons-is-layout-flex\"><\/div>\n<div class='watch-action'><div class='watch-position align-left'><div class='action-like'><a class='lbg-style3 like-566 jlk' href='javascript:void(0)' data-task='like' data-post_id='566' data-nonce='6f2f86f822' rel='nofollow'><img class='wti-pixel' src='https:\/\/www.lycee-valin.fr\/RJVALIN\/wp-content\/plugins\/wti-like-post\/images\/pixel.gif' title='j&#039;aime' \/><span class='lc-566 lc'>0<\/span><\/a><\/div><\/div> <div class='status-566 status align-left'><\/div><\/div><div class='wti-clear'><\/div>","protected":false},"excerpt":{"rendered":"<p>Premi\u00e8re Edition des ERASMUS DAYS au Lyc\u00e9e R. J. Valin, les 13 et 14 Octobre 2022, en soutien \u00e0 notre candidature Erasmus+ ! Un \u00e9v\u00e9nement qui vous permettra de (re)d\u00e9couvrir l\u2019Union Europ\u00e9enne et les mobilit\u00e9s <a class=\"more-link\" href=\"https:\/\/www.lycee-valin.fr\/RJVALIN\/informations\/\">Lire plus &#8230;<\/a><\/p>\n","protected":false},"author":1,"featured_media":0,"parent":0,"menu_order":0,"comment_status":"closed","ping_status":"closed","template":"","meta":{"footnotes":""},"class_list":["post-566","page","type-page","status-publish","hentry"],"_links":{"self":[{"href":"https:\/\/www.lycee-valin.fr\/RJVALIN\/wp-json\/wp\/v2\/pages\/566","targetHints":{"allow":["GET"]}}],"collection":[{"href":"https:\/\/www.lycee-valin.fr\/RJVALIN\/wp-json\/wp\/v2\/pages"}],"about":[{"href":"https:\/\/www.lycee-valin.fr\/RJVALIN\/wp-json\/wp\/v2\/types\/page"}],"author":[{"embeddable":true,"href":"https:\/\/www.lycee-valin.fr\/RJVALIN\/wp-json\/wp\/v2\/users\/1"}],"replies":[{"embeddable":true,"href":"https:\/\/www.lycee-valin.fr\/RJVALIN\/wp-json\/wp\/v2\/comments?post=566"}],"version-history":[{"count":18,"href":"https:\/\/www.lycee-valin.fr\/RJVALIN\/wp-json\/wp\/v2\/pages\/566\/revisions"}],"predecessor-version":[{"id":2859,"href":"https:\/\/www.lycee-valin.fr\/RJVALIN\/wp-json\/wp\/v2\/pages\/566\/revisions\/2859"}],"wp:attachment":[{"href":"https:\/\/www.lycee-valin.fr\/RJVALIN\/wp-json\/wp\/v2\/media?parent=566"}],"curies":[{"name":"wp","href":"https:\/\/api.w.org\/{rel}","templated":true}]}}