{"id":5490,"date":"2023-12-15T18:45:26","date_gmt":"2023-12-15T17:45:26","guid":{"rendered":"https:\/\/www.lycee-valin.fr\/RJVALIN\/?page_id=5490"},"modified":"2026-01-13T08:12:53","modified_gmt":"2026-01-13T07:12:53","slug":"geopoliticus-n2","status":"publish","type":"page","link":"https:\/\/www.lycee-valin.fr\/RJVALIN\/geopoliticus-n2\/","title":{"rendered":"GEOPOLITICUS\u00a0 : un nouveau num\u00e9ro et un album"},"content":{"rendered":"\n<p><strong>Votre journal g\u00e9opolitique est de nouveau disponible avec ce num\u00e9ro 6.<\/strong><\/p>\n\n\n\n<figure class=\"wp-block-image size-large\"><img fetchpriority=\"high\" decoding=\"async\" width=\"1024\" height=\"573\" src=\"https:\/\/www.lycee-valin.fr\/RJVALIN\/wp-content\/uploads\/2026\/01\/Limites-de-lIA--1024x573.jpg\" alt=\"\" class=\"wp-image-8362\" srcset=\"https:\/\/www.lycee-valin.fr\/RJVALIN\/wp-content\/uploads\/2026\/01\/Limites-de-lIA--1024x573.jpg 1024w, https:\/\/www.lycee-valin.fr\/RJVALIN\/wp-content\/uploads\/2026\/01\/Limites-de-lIA--300x168.jpg 300w, https:\/\/www.lycee-valin.fr\/RJVALIN\/wp-content\/uploads\/2026\/01\/Limites-de-lIA--768x430.jpg 768w, https:\/\/www.lycee-valin.fr\/RJVALIN\/wp-content\/uploads\/2026\/01\/Limites-de-lIA--400x225.jpg 400w, https:\/\/www.lycee-valin.fr\/RJVALIN\/wp-content\/uploads\/2026\/01\/Limites-de-lIA-.jpg 1257w\" sizes=\"(max-width: 1024px) 100vw, 1024px\" \/><\/figure>\n\n\n\n<p>Les \u00e9l\u00e8ves de Sp\u00e9cialit\u00e9 HGGSP Premi\u00e8re et Terminale ont analys\u00e9 l\u2019actualit\u00e9 internationale \u00e0 travers les grands journaux nationaux ou \u00e9trangers.<\/p>\n\n\n\n<p>Les \u00e9v\u00e9nements ont \u00e9t\u00e9 d\u00e9crypt\u00e9s \u00e0 travers la grille de lecture et les notions \u00e9tudi\u00e9es en classe (la puissance, guerre ou paix, la d\u00e9mocratie, la justice\u2026). Chaque article r\u00e9dig\u00e9 est une revue de presse.<\/p>\n\n\n\n<p>Ce projet est l\u2019occasion pour les \u00e9l\u00e8ves de constater le r\u00f4le primordial des grands journaux dans l\u2019acc\u00e8s \u00e0 une information s\u00fbre et \u00e9crite par des professionnels. Devant l\u2019avalanche des tweets, fake news et autres buzz, un regard critique et inform\u00e9 s\u2019impose&nbsp;: la lecture des grands titres le permet (Le Monde, Lib\u00e9ration, Le Figaro, L\u2019Humanit\u00e9, Les \u00c9chos, L\u2019Europe, Le Grand Continent, L\u2019Express, Le Point\u2026).<\/p>\n\n\n\n<p>Cette ann\u00e9e, ce travail a pris un peu de retard car l\u2019acc\u00e8s \u00e0 Europresse n\u2019a pas \u00e9t\u00e9 imm\u00e9diatement disponible, d\u00e8s la rentr\u00e9e, comme les autres ann\u00e9es. Le projet semblait un temps compromis. Tout est rentr\u00e9 dans l\u2019ordre. Le travail d\u2019analyse de l\u2019info a pu commenc\u00e9 pour les \u00e9l\u00e8ves d\u2019HGGSP.<\/p>\n\n\n\n<p>Au sommaire du num\u00e9ro 6&nbsp;: <em>La course \u00e0 l\u2019IA, les conseillers de Trump, le retour de la doctrine Monroe, la chasse aux sorci\u00e8res et aux migrants, Isra\u00ebl et Gaza, les lieux de crispations g\u00e9opolitiques&#8230;<\/em><\/p>\n\n\n\n<p>Quelques \u00e9l\u00e8ves d\u2019Arts plastiques et des amateurs de dessins ont accept\u00e9 de participer \u00e0 l\u2019illustration de notre num\u00e9ro. Moins nombreux que pour les num\u00e9ros pr\u00e9c\u00e9dents, ces dessinateurs sont pourtant indispensables pour apporter la touche d\u2019humour qui fait aussi tout le sel de <strong>GEOPOLITICUS<\/strong>. Le premier album regroupant tous les dessins parus dans les num\u00e9ros pr\u00e9c\u00e9dents du journal est d\u2019ailleurs disponible au CDI sous le titre <strong>LA VALISE DIPLOMATIQUE EN CARTOONS Vol.1<\/strong><\/p>\n\n\n\n<p>On esp\u00e8re que d\u2019autres volontaires nous rejoindront pour le num\u00e9ro 7 (n\u2019h\u00e9sitez pas \u00e0 nous contacter&nbsp;!). Eh oui, le travail pour le num\u00e9ro 7 a d\u00e9j\u00e0 commenc\u00e9.<\/p>\n\n\n\n<div class=\"wp-block-group alignfull is-horizontal is-content-justification-center is-layout-flex wp-container-core-group-is-layout-00ace616 wp-block-group-is-layout-flex\">\n<div data-wp-interactive=\"core\/file\" class=\"wp-block-file wp-container-content-ebf6bc82\"><object data-wp-bind--hidden=\"!state.hasPdfPreview\" hidden class=\"wp-block-file__embed\" data=\"https:\/\/www.lycee-valin.fr\/RJVALIN\/wp-content\/uploads\/2026\/01\/GEOPOLITICUS-6-INTEGRAL.pdf\" type=\"application\/pdf\" style=\"width:100%;height:600px\" aria-label=\"Contenu embarqu\u00e9 GEOPOLITICUS 6 INTEGRAL.\"><\/object><a id=\"wp-block-file--media-b40bd3b0-9e23-4298-b7a2-966985f60601\" href=\"https:\/\/www.lycee-valin.fr\/RJVALIN\/wp-content\/uploads\/2026\/01\/GEOPOLITICUS-6-INTEGRAL.pdf\">GEOPOLITICUS 6 INTEGRAL<\/a><a href=\"https:\/\/www.lycee-valin.fr\/RJVALIN\/wp-content\/uploads\/2026\/01\/GEOPOLITICUS-6-INTEGRAL.pdf\" class=\"wp-block-file__button wp-element-button\" download aria-describedby=\"wp-block-file--media-b40bd3b0-9e23-4298-b7a2-966985f60601\">T\u00e9l\u00e9charger<\/a><\/div>\n<\/div>\n\n\n\n<hr class=\"wp-block-separator has-alpha-channel-opacity\"\/>\n\n\n\n<p class=\"has-normal-font-size\"><strong>GEOPOLITICUS<\/strong> !<\/p>\n\n\n\n<p><strong>Le journal r\u00e9dig\u00e9 par les \u00e9l\u00e8ves de sp\u00e9cialit\u00e9 HGGSP du Lyc\u00e9e Valin \u00e0 la Rochelle<\/strong>.<\/p>\n\n\n\n<p>L&#8217;actualit\u00e9 G\u00e9opolitique d\u00e9crypt\u00e9e par des lyc\u00e9ens.<\/p>\n\n\n\n<p><\/p>\n<div class='watch-action'><div class='watch-position align-left'><div class='action-like'><a class='lbg-style3 like-5490 jlk' href='javascript:void(0)' data-task='like' data-post_id='5490' data-nonce='3f22f60743' rel='nofollow'><img class='wti-pixel' src='https:\/\/www.lycee-valin.fr\/RJVALIN\/wp-content\/plugins\/wti-like-post\/images\/pixel.gif' title='j&#039;aime' \/><span class='lc-5490 lc'>0<\/span><\/a><\/div><\/div> <div class='status-5490 status align-left'><\/div><\/div><div class='wti-clear'><\/div>","protected":false},"excerpt":{"rendered":"<p>Votre journal g\u00e9opolitique est de nouveau disponible avec ce num\u00e9ro 6. Les \u00e9l\u00e8ves de Sp\u00e9cialit\u00e9 HGGSP Premi\u00e8re et Terminale ont analys\u00e9 l\u2019actualit\u00e9 internationale \u00e0 travers les grands journaux nationaux ou \u00e9trangers. Les \u00e9v\u00e9nements ont \u00e9t\u00e9 <a class=\"more-link\" href=\"https:\/\/www.lycee-valin.fr\/RJVALIN\/geopoliticus-n2\/\">Lire plus &#8230;<\/a><\/p>\n","protected":false},"author":5,"featured_media":8356,"parent":0,"menu_order":0,"comment_status":"closed","ping_status":"closed","template":"","meta":{"footnotes":""},"class_list":["post-5490","page","type-page","status-publish","has-post-thumbnail","hentry"],"_links":{"self":[{"href":"https:\/\/www.lycee-valin.fr\/RJVALIN\/wp-json\/wp\/v2\/pages\/5490","targetHints":{"allow":["GET"]}}],"collection":[{"href":"https:\/\/www.lycee-valin.fr\/RJVALIN\/wp-json\/wp\/v2\/pages"}],"about":[{"href":"https:\/\/www.lycee-valin.fr\/RJVALIN\/wp-json\/wp\/v2\/types\/page"}],"author":[{"embeddable":true,"href":"https:\/\/www.lycee-valin.fr\/RJVALIN\/wp-json\/wp\/v2\/users\/5"}],"replies":[{"embeddable":true,"href":"https:\/\/www.lycee-valin.fr\/RJVALIN\/wp-json\/wp\/v2\/comments?post=5490"}],"version-history":[{"count":42,"href":"https:\/\/www.lycee-valin.fr\/RJVALIN\/wp-json\/wp\/v2\/pages\/5490\/revisions"}],"predecessor-version":[{"id":8364,"href":"https:\/\/www.lycee-valin.fr\/RJVALIN\/wp-json\/wp\/v2\/pages\/5490\/revisions\/8364"}],"wp:featuredmedia":[{"embeddable":true,"href":"https:\/\/www.lycee-valin.fr\/RJVALIN\/wp-json\/wp\/v2\/media\/8356"}],"wp:attachment":[{"href":"https:\/\/www.lycee-valin.fr\/RJVALIN\/wp-json\/wp\/v2\/media?parent=5490"}],"curies":[{"name":"wp","href":"https:\/\/api.w.org\/{rel}","templated":true}]}}