{"id":4739,"date":"2023-06-11T13:52:52","date_gmt":"2023-06-11T11:52:52","guid":{"rendered":"https:\/\/www.lycee-valin.fr\/RJVALIN\/?page_id=4739"},"modified":"2023-06-11T14:15:04","modified_gmt":"2023-06-11T12:15:04","slug":"concours-kangourou-des-mathematiques-2023","status":"publish","type":"page","link":"https:\/\/www.lycee-valin.fr\/RJVALIN\/concours-kangourou-des-mathematiques-2023\/","title":{"rendered":"Concours Kangourou des math\u00e9matiques 2023"},"content":{"rendered":"\n<hr class=\"wp-block-separator has-alpha-channel-opacity\"\/>\n\n\n\n<h6 class=\"wp-block-heading\"><br><strong><mark>Une cinquantaine d\u2019\u00e9l\u00e8ves du lyc\u00e9e Valin ont particip\u00e9 au concours sous la responsabilit\u00e9 de Mme El Hamidi, professeur de Math\u00e9matiques.<\/mark><\/strong><\/h6>\n\n\n\n<p>Les \u00e9l\u00e8ves qui ont particip\u00e9 \u00e0 ce concours ont re\u00e7u un dipl\u00f4me de participation et diff\u00e9rents lots en fonction de leur classement.<\/p>\n\n\n\n<p><strong><mark>F\u00e9licitations \u00e0 tous les \u00e9l\u00e8ves pour leur investissement dans ce concours !<\/mark><\/strong><\/p>\n\n\n\n<figure class=\"wp-block-image size-large\"><img fetchpriority=\"high\" decoding=\"async\" width=\"1024\" height=\"769\" src=\"https:\/\/www.lycee-valin.fr\/RJVALIN\/wp-content\/uploads\/2023\/06\/Kangourou-2-1024x769.jpg\" alt=\"\" class=\"wp-image-4741\" srcset=\"https:\/\/www.lycee-valin.fr\/RJVALIN\/wp-content\/uploads\/2023\/06\/Kangourou-2-1024x769.jpg 1024w, https:\/\/www.lycee-valin.fr\/RJVALIN\/wp-content\/uploads\/2023\/06\/Kangourou-2-300x225.jpg 300w, https:\/\/www.lycee-valin.fr\/RJVALIN\/wp-content\/uploads\/2023\/06\/Kangourou-2-768x577.jpg 768w, https:\/\/www.lycee-valin.fr\/RJVALIN\/wp-content\/uploads\/2023\/06\/Kangourou-2-1536x1153.jpg 1536w, https:\/\/www.lycee-valin.fr\/RJVALIN\/wp-content\/uploads\/2023\/06\/Kangourou-2-2048x1538.jpg 2048w\" sizes=\"(max-width: 1024px) 100vw, 1024px\" \/><\/figure>\n\n\n\n<h4 class=\"wp-block-heading\"><strong>Le concours Kangourou en quelques mots :<\/strong><\/h4>\n\n\n\n<p>Jeu de math\u00e9matiques cr\u00e9\u00e9 en 1990 sur le mod\u00e8le du concours national australien (d&#8217;o\u00f9 son nom). La premi\u00e8re \u00e9dition eut lieu le 15&nbsp;mai&nbsp;1991. Il comporte 24 questions \u00e0 choix multiple de difficult\u00e9 croissante, propos\u00e9es le m\u00eame jour dans tous les \u00e9tablissements scolaires.<\/p>\n\n\n\n<p>Ainsi, des centaines de milliers d&#8217;\u00e9l\u00e8ves participent \u00e0 ce Concours.<\/p>\n\n\n\n<p><strong>Le site officiel du concours&nbsp;<\/strong>:<\/p>\n\n\n\n<p><a href=\"http:\/\/www2.mathkang.org\/default.html\" target=\"_blank\" rel=\"noreferrer noopener\">http:\/\/www2.mathkang.org\/default.html<\/a><\/p>\n\n\n\n<p><strong>Les sujets, les solutions et les corrig\u00e9s<\/strong><\/p>\n\n\n\n<p><a href=\"http:\/\/www.mathkang.org\/concours\/sujsol2023.html\" target=\"_blank\" rel=\"noreferrer noopener\">http:\/\/www.mathkang.org\/concours\/sujsol2023.html<\/a><\/p>\n\n\n\n<p><strong>Les r\u00e9sultats et classements<\/strong><\/p>\n\n\n\n<p><a href=\"https:\/\/resultats.mathkang.org\/\" target=\"_blank\" rel=\"noreferrer noopener\">https:\/\/resultats.mathkang.org\/<\/a><\/p>\n<div class='watch-action'><div class='watch-position align-left'><div class='action-like'><a class='lbg-style3 like-4739 jlk' href='javascript:void(0)' data-task='like' data-post_id='4739' data-nonce='59ba23eefb' rel='nofollow'><img class='wti-pixel' src='https:\/\/www.lycee-valin.fr\/RJVALIN\/wp-content\/plugins\/wti-like-post\/images\/pixel.gif' title='j&#039;aime' \/><span class='lc-4739 lc'>0<\/span><\/a><\/div><\/div> <div class='status-4739 status align-left'><\/div><\/div><div class='wti-clear'><\/div>","protected":false},"excerpt":{"rendered":"<p>Une cinquantaine d\u2019\u00e9l\u00e8ves du lyc\u00e9e Valin ont particip\u00e9 au concours sous la responsabilit\u00e9 de Mme El Hamidi, professeur de Math\u00e9matiques. Les \u00e9l\u00e8ves qui ont particip\u00e9 \u00e0 ce concours ont re\u00e7u un dipl\u00f4me de participation et <a class=\"more-link\" href=\"https:\/\/www.lycee-valin.fr\/RJVALIN\/concours-kangourou-des-mathematiques-2023\/\">Lire plus &#8230;<\/a><\/p>\n","protected":false},"author":5,"featured_media":4740,"parent":0,"menu_order":0,"comment_status":"closed","ping_status":"closed","template":"","meta":{"footnotes":""},"class_list":["post-4739","page","type-page","status-publish","has-post-thumbnail","hentry"],"_links":{"self":[{"href":"https:\/\/www.lycee-valin.fr\/RJVALIN\/wp-json\/wp\/v2\/pages\/4739","targetHints":{"allow":["GET"]}}],"collection":[{"href":"https:\/\/www.lycee-valin.fr\/RJVALIN\/wp-json\/wp\/v2\/pages"}],"about":[{"href":"https:\/\/www.lycee-valin.fr\/RJVALIN\/wp-json\/wp\/v2\/types\/page"}],"author":[{"embeddable":true,"href":"https:\/\/www.lycee-valin.fr\/RJVALIN\/wp-json\/wp\/v2\/users\/5"}],"replies":[{"embeddable":true,"href":"https:\/\/www.lycee-valin.fr\/RJVALIN\/wp-json\/wp\/v2\/comments?post=4739"}],"version-history":[{"count":7,"href":"https:\/\/www.lycee-valin.fr\/RJVALIN\/wp-json\/wp\/v2\/pages\/4739\/revisions"}],"predecessor-version":[{"id":4750,"href":"https:\/\/www.lycee-valin.fr\/RJVALIN\/wp-json\/wp\/v2\/pages\/4739\/revisions\/4750"}],"wp:featuredmedia":[{"embeddable":true,"href":"https:\/\/www.lycee-valin.fr\/RJVALIN\/wp-json\/wp\/v2\/media\/4740"}],"wp:attachment":[{"href":"https:\/\/www.lycee-valin.fr\/RJVALIN\/wp-json\/wp\/v2\/media?parent=4739"}],"curies":[{"name":"wp","href":"https:\/\/api.w.org\/{rel}","templated":true}]}}