{"id":4660,"date":"2023-05-18T04:11:27","date_gmt":"2023-05-18T02:11:27","guid":{"rendered":"https:\/\/www.lycee-valin.fr\/RJVALIN\/?page_id=4660"},"modified":"2024-02-19T16:52:58","modified_gmt":"2024-02-19T15:52:58","slug":"la-section-biotechnologie","status":"publish","type":"page","link":"https:\/\/www.lycee-valin.fr\/RJVALIN\/la-section-biotechnologie\/","title":{"rendered":"La section biotechnologie"},"content":{"rendered":"\n<p>Le lyc\u00e9e pr\u00e9pare au bac STL et propose un BTS Bioanalyses et contr\u00f4les et un BTS M\u00e9tiers de l&#8217;esth\u00e9tique cosm\u00e9tique parfumerie option Cosm\u00e9tologie<\/p>\n<div class='watch-action'><div class='watch-position align-left'><div class='action-like'><a class='lbg-style3 like-4660 jlk' href='javascript:void(0)' data-task='like' data-post_id='4660' data-nonce='40018dd089' rel='nofollow'><img class='wti-pixel' src='https:\/\/www.lycee-valin.fr\/RJVALIN\/wp-content\/plugins\/wti-like-post\/images\/pixel.gif' title='j&#039;aime' \/><span class='lc-4660 lc'>0<\/span><\/a><\/div><\/div> <div class='status-4660 status align-left'><\/div><\/div><div class='wti-clear'><\/div>","protected":false},"excerpt":{"rendered":"<p>Le lyc\u00e9e pr\u00e9pare au bac STL et propose un BTS Bioanalyses et contr\u00f4les et un BTS M\u00e9tiers de l&#8217;esth\u00e9tique cosm\u00e9tique parfumerie option Cosm\u00e9tologie 0<\/p>\n","protected":false},"author":5,"featured_media":5734,"parent":0,"menu_order":0,"comment_status":"closed","ping_status":"closed","template":"","meta":{"footnotes":""},"class_list":["post-4660","page","type-page","status-publish","has-post-thumbnail","hentry"],"_links":{"self":[{"href":"https:\/\/www.lycee-valin.fr\/RJVALIN\/wp-json\/wp\/v2\/pages\/4660","targetHints":{"allow":["GET"]}}],"collection":[{"href":"https:\/\/www.lycee-valin.fr\/RJVALIN\/wp-json\/wp\/v2\/pages"}],"about":[{"href":"https:\/\/www.lycee-valin.fr\/RJVALIN\/wp-json\/wp\/v2\/types\/page"}],"author":[{"embeddable":true,"href":"https:\/\/www.lycee-valin.fr\/RJVALIN\/wp-json\/wp\/v2\/users\/5"}],"replies":[{"embeddable":true,"href":"https:\/\/www.lycee-valin.fr\/RJVALIN\/wp-json\/wp\/v2\/comments?post=4660"}],"version-history":[{"count":1,"href":"https:\/\/www.lycee-valin.fr\/RJVALIN\/wp-json\/wp\/v2\/pages\/4660\/revisions"}],"predecessor-version":[{"id":4661,"href":"https:\/\/www.lycee-valin.fr\/RJVALIN\/wp-json\/wp\/v2\/pages\/4660\/revisions\/4661"}],"wp:featuredmedia":[{"embeddable":true,"href":"https:\/\/www.lycee-valin.fr\/RJVALIN\/wp-json\/wp\/v2\/media\/5734"}],"wp:attachment":[{"href":"https:\/\/www.lycee-valin.fr\/RJVALIN\/wp-json\/wp\/v2\/media?parent=4660"}],"curies":[{"name":"wp","href":"https:\/\/api.w.org\/{rel}","templated":true}]}}