{"id":4616,"date":"2023-05-02T16:38:57","date_gmt":"2023-05-02T14:38:57","guid":{"rendered":"https:\/\/www.lycee-valin.fr\/RJVALIN\/?page_id=4616"},"modified":"2025-03-14T16:17:48","modified_gmt":"2025-03-14T15:17:48","slug":"mini-stages-de-decouverte-des-options-technologiques-de-seconde-et-des-bacs-technologiques-au-lycee-valin","status":"publish","type":"page","link":"https:\/\/www.lycee-valin.fr\/RJVALIN\/mini-stages-de-decouverte-des-options-technologiques-de-seconde-et-des-bacs-technologiques-au-lycee-valin\/","title":{"rendered":"Mini-Stages de D\u00e9couverte des options technologiques de seconde et des bacs technologiques au Lyc\u00e9e Valin"},"content":{"rendered":"\n<hr class=\"wp-block-separator has-alpha-channel-opacity\"\/>\n\n\n\n<p class=\"has-text-align-center\" style=\"font-size:21px\"><mark>Vous \u00eates en classe de 3\u00e8me, Seconde ou Premi\u00e8re et souhaitez explorer les options technologiques pour votre avenir scolaire ? <br>Bienvenue dans nos Mini Stages d&#8217;immersion ! <\/mark><\/p>\n\n\n<div class=\"wp-block-image\">\n<figure class=\"aligncenter size-full is-resized\"><img fetchpriority=\"high\" decoding=\"async\" width=\"588\" height=\"272\" src=\"https:\/\/www.lycee-valin.fr\/RJVALIN\/wp-content\/uploads\/2025\/03\/arton177-2db04-2fb07-1.jpg\" alt=\"\" class=\"wp-image-7351\" style=\"width:298px;height:auto\" srcset=\"https:\/\/www.lycee-valin.fr\/RJVALIN\/wp-content\/uploads\/2025\/03\/arton177-2db04-2fb07-1.jpg 588w, https:\/\/www.lycee-valin.fr\/RJVALIN\/wp-content\/uploads\/2025\/03\/arton177-2db04-2fb07-1-300x139.jpg 300w\" sizes=\"(max-width: 588px) 100vw, 588px\" \/><\/figure>\n<\/div>\n\n\n<h1 class=\"wp-block-heading\">Une Exp\u00e9rience Immersive pour les Futurs Lyc\u00e9ens<\/h1>\n\n\n\n<p><br>Le Lyc\u00e9e Valin vous ouvre ses portes et vous propose des mini-stages immersifs d&#8217;une demi-journ\u00e9e sur la p\u00e9riode de janvier \u00e0 mi-mai pour d\u00e9couvrir ses formations ST2S et STL. <br>L&#8217;\u00e9l\u00e8ve participe \u00e0 une s\u00e9quence d&#8217;activit\u00e9s pratiques ou \u00e0 une s\u00e9ance de pr\u00e9sentation avec professeurs et \u00e9l\u00e8ves de ST2S ou de STL de la formation demand\u00e9e.<\/p>\n\n\n\n<h2 class=\"wp-block-heading\">Pourquoi Participer \u00e0 un Mini-Stage ?<\/h2>\n\n\n\n<p>Ces mini-stages, d&#8217;une demi-journ\u00e9e, permettent aux \u00e9l\u00e8ves de plonger dans l&#8217;univers des Sciences et Technologies en assistant \u00e0 des activit\u00e9s pratiques ou des pr\u00e9sentations interactives avec nos enseignants et \u00e9l\u00e8ves.<\/p>\n\n\n\n<h2 class=\"wp-block-heading\">Deux Formations \u00e0 Explorer :<\/h2>\n\n\n\n<figure class=\"wp-block-image size-full\"><img decoding=\"async\" width=\"368\" height=\"119\" src=\"https:\/\/www.lycee-valin.fr\/RJVALIN\/wp-content\/uploads\/2025\/03\/image.png\" alt=\"\" class=\"wp-image-7341\" srcset=\"https:\/\/www.lycee-valin.fr\/RJVALIN\/wp-content\/uploads\/2025\/03\/image.png 368w, https:\/\/www.lycee-valin.fr\/RJVALIN\/wp-content\/uploads\/2025\/03\/image-300x97.png 300w\" sizes=\"(max-width: 368px) 100vw, 368px\" \/><\/figure>\n\n\n\n<p><strong>Mini-stage ST2S<\/strong> : D\u00e9couverte de l&#8217;option facultative &#8216;Sant\u00e9-Social&#8217; en classe de Seconde et du Bac ST2S (Sciences et Technologies de la Sant\u00e9 et du Social).<\/p>\n\n\n\n<figure class=\"wp-block-image size-full\"><img decoding=\"async\" width=\"200\" height=\"140\" src=\"https:\/\/www.lycee-valin.fr\/RJVALIN\/wp-content\/uploads\/2025\/03\/image-1.png\" alt=\"\" class=\"wp-image-7342\"\/><\/figure>\n\n\n\n<p><strong>Mini-stage STL <\/strong>: Immersion dans l&#8217;option facultative &#8216;Biotechnologie&#8217; en Seconde et pr\u00e9sentation du Bac STL (Sciences et Technologies du Laboratoire, sp\u00e9cialit\u00e9 Biotechnologies). Pour cette option, une blouse de laboratoire est requise.<\/p>\n\n\n\n<h2 class=\"wp-block-heading\">Un Atout pour Votre Orientation<\/h2>\n\n\n\n<p>Les options &#8216;Sant\u00e9-Social&#8217; et &#8216;Biotechnologie&#8217; peuvent donner droit \u00e0 une d\u00e9rogation de carte scolaire pour les \u00e9l\u00e8ves souhaitant s&#8217;orienter vers ces fili\u00e8res.<\/p>\n\n\n\n<h2 class=\"wp-block-heading\">Comment S&#8217;Inscrire ?<\/h2>\n\n\n\n<p>1. L&#8217;\u00e9tablissement d&#8217;origine (coll\u00e8ge ou lyc\u00e9e) envoie la demande mini-stages via le document ci-dessous \u00e0 l\u2019adresse mail\u00a0du DDFPT : <strong>emmanuel.lubbers@ac-poitiers.fr<\/strong> (adresse \u00e0 copier-coller)<\/p>\n\n\n\n<div data-wp-interactive=\"core\/file\" class=\"wp-block-file\"><object data-wp-bind--hidden=\"!state.hasPdfPreview\" hidden class=\"wp-block-file__embed\" data=\"https:\/\/www.lycee-valin.fr\/RJVALIN\/wp-content\/uploads\/2025\/03\/formulaire-Mini-stage-site-Valin.pdf\" type=\"application\/pdf\" style=\"width:100%;height:600px\" aria-label=\"Contenu embarqu\u00e9 formulaire Mini-stage site Valin.\"><\/object><a id=\"wp-block-file--media-b14f47ef-0a4c-46ae-87a4-1c90bf8f6441\" href=\"https:\/\/www.lycee-valin.fr\/RJVALIN\/wp-content\/uploads\/2025\/03\/formulaire-Mini-stage-site-Valin.pdf\">formulaire Mini-stage site Valin<\/a><a href=\"https:\/\/www.lycee-valin.fr\/RJVALIN\/wp-content\/uploads\/2025\/03\/formulaire-Mini-stage-site-Valin.pdf\" class=\"wp-block-file__button wp-element-button\" download aria-describedby=\"wp-block-file--media-b14f47ef-0a4c-46ae-87a4-1c90bf8f6441\">T\u00e9l\u00e9charger<\/a><\/div>\n\n\n\n<p>2. Le Lyc\u00e9e Valin \u00e9tablit une convention de mini-stage, qui sera envoy\u00e9e pour signature au chef d&#8217;\u00e9tablissement et aux parents.<\/p>\n\n\n\n<p>3. Dans des cas exceptionnels, vous pouvez envoyer directement une demande \u00e0 l&#8217;adresse mentionn\u00e9e en indiquant :<\/p>\n\n\n\n<p>&nbsp;&nbsp; &#8211; Votre \u00e9tablissement<br>&nbsp;&nbsp; &#8211; Vos nom et pr\u00e9nom<br>&nbsp;&nbsp; &#8211; Votre classe<\/p>\n\n\n\n<h2 class=\"wp-block-heading\">Ne Manquez Pas Cette Opportunit\u00e9 !<\/h2>\n\n\n\n<p>Ces mini-stages sont accessibles de janvier \u00e0 mi-mai. Une occasion unique de confirmer votre projet d&#8217;orientation et de faire un choix inform\u00e9 pour votre avenir !<\/p>\n<div class='watch-action'><div class='watch-position align-left'><div class='action-like'><a class='lbg-style3 like-4616 jlk' href='javascript:void(0)' data-task='like' data-post_id='4616' data-nonce='8d02716d51' rel='nofollow'><img class='wti-pixel' src='https:\/\/www.lycee-valin.fr\/RJVALIN\/wp-content\/plugins\/wti-like-post\/images\/pixel.gif' title='j&#039;aime' \/><span class='lc-4616 lc'>0<\/span><\/a><\/div><\/div> <div class='status-4616 status align-left'><\/div><\/div><div class='wti-clear'><\/div>","protected":false},"excerpt":{"rendered":"<p>Vous \u00eates en classe de 3\u00e8me, Seconde ou Premi\u00e8re et souhaitez explorer les options technologiques pour votre avenir scolaire ? Bienvenue dans nos Mini Stages d&#8217;immersion ! Une Exp\u00e9rience Immersive pour les Futurs Lyc\u00e9ens Le <a class=\"more-link\" href=\"https:\/\/www.lycee-valin.fr\/RJVALIN\/mini-stages-de-decouverte-des-options-technologiques-de-seconde-et-des-bacs-technologiques-au-lycee-valin\/\">Lire plus &#8230;<\/a><\/p>\n","protected":false},"author":3,"featured_media":7351,"parent":0,"menu_order":0,"comment_status":"closed","ping_status":"closed","template":"","meta":{"footnotes":""},"class_list":["post-4616","page","type-page","status-publish","has-post-thumbnail","hentry"],"_links":{"self":[{"href":"https:\/\/www.lycee-valin.fr\/RJVALIN\/wp-json\/wp\/v2\/pages\/4616","targetHints":{"allow":["GET"]}}],"collection":[{"href":"https:\/\/www.lycee-valin.fr\/RJVALIN\/wp-json\/wp\/v2\/pages"}],"about":[{"href":"https:\/\/www.lycee-valin.fr\/RJVALIN\/wp-json\/wp\/v2\/types\/page"}],"author":[{"embeddable":true,"href":"https:\/\/www.lycee-valin.fr\/RJVALIN\/wp-json\/wp\/v2\/users\/3"}],"replies":[{"embeddable":true,"href":"https:\/\/www.lycee-valin.fr\/RJVALIN\/wp-json\/wp\/v2\/comments?post=4616"}],"version-history":[{"count":20,"href":"https:\/\/www.lycee-valin.fr\/RJVALIN\/wp-json\/wp\/v2\/pages\/4616\/revisions"}],"predecessor-version":[{"id":7361,"href":"https:\/\/www.lycee-valin.fr\/RJVALIN\/wp-json\/wp\/v2\/pages\/4616\/revisions\/7361"}],"wp:featuredmedia":[{"embeddable":true,"href":"https:\/\/www.lycee-valin.fr\/RJVALIN\/wp-json\/wp\/v2\/media\/7351"}],"wp:attachment":[{"href":"https:\/\/www.lycee-valin.fr\/RJVALIN\/wp-json\/wp\/v2\/media?parent=4616"}],"curies":[{"name":"wp","href":"https:\/\/api.w.org\/{rel}","templated":true}]}}