{"id":4189,"date":"2023-03-10T15:25:24","date_gmt":"2023-03-10T14:25:24","guid":{"rendered":"https:\/\/www.lycee-valin.fr\/RJVALIN\/?page_id=4189"},"modified":"2026-04-02T11:05:49","modified_gmt":"2026-04-02T09:05:49","slug":"loption-theatre-en-seconde","status":"publish","type":"page","link":"https:\/\/www.lycee-valin.fr\/RJVALIN\/loption-theatre-en-seconde\/","title":{"rendered":"L&#8217;option Th\u00e9\u00e2tre en 2de-1ere et Term"},"content":{"rendered":"\t\t<div data-elementor-type=\"wp-page\" data-elementor-id=\"4189\" class=\"elementor elementor-4189\">\n\t\t\t\t\t\t<section class=\"elementor-section elementor-top-section elementor-element elementor-element-8f31893 elementor-section-boxed elementor-section-height-default elementor-section-height-default\" data-id=\"8f31893\" data-element_type=\"section\" data-e-type=\"section\">\n\t\t\t\t\t\t<div class=\"elementor-container elementor-column-gap-default\">\n\t\t\t\t\t<div class=\"elementor-column elementor-col-50 elementor-top-column elementor-element elementor-element-59b5723\" data-id=\"59b5723\" data-element_type=\"column\" data-e-type=\"column\">\n\t\t\t<div class=\"elementor-widget-wrap elementor-element-populated\">\n\t\t\t\t\t\t<div class=\"elementor-element elementor-element-78ad317 elementor-widget elementor-widget-text-editor\" data-id=\"78ad317\" data-element_type=\"widget\" data-e-type=\"widget\" data-widget_type=\"text-editor.default\">\n\t\t\t\t<div class=\"elementor-widget-container\">\n\t\t\t\t\t\t\t\t\t<p><strong>Dur\u00e9e<\/strong> : 3H<\/p>\n<p><!-- \/wp:paragraph --><!-- wp:paragraph --><\/p>\n<p><strong>R\u00e9partition <\/strong>:<\/p>\n<p><strong>2ndes :<br \/><\/strong>\u00a0\u00a0\u00a0\u00a0 &#8211; un groupe le mercredi apr\u00e8s midi de 13h \u00e0 16h<br \/>\u00a0\u00a0\u00a0\u00a0 &#8211; un groupe : heures int\u00e9gr\u00e9es \u00e0 l\u2019emploi du temps<\/p>\n<p><strong>1\u00e8res :<\/strong> <em><span style=\"color: #0000ff;\">(Cumul possible avec la Sp\u00e9cialit\u00e9 Th\u00e9\u00e2tre)<\/span><br \/><\/em>\u00a0\u00a0\u00a0\u00a0 &#8211; un groupe hors emploi du temps (18h -21h)<\/p>\n<p><strong>Terminales :<\/strong> <em><span style=\"color: #0000ff;\">(Cumul possible avec la Sp\u00e9cialit\u00e9 Th\u00e9\u00e2tre)<\/span><br \/><\/em>\u00a0\u00a0\u00a0\u00a0 &#8211; un groupe hors emploi du temps (18h -21h)<\/p>\t\t\t\t\t\t\t\t<\/div>\n\t\t\t\t<\/div>\n\t\t\t\t\t<\/div>\n\t\t<\/div>\n\t\t\t\t<div class=\"elementor-column elementor-col-50 elementor-top-column elementor-element elementor-element-efad048\" data-id=\"efad048\" data-element_type=\"column\" data-e-type=\"column\">\n\t\t\t<div class=\"elementor-widget-wrap elementor-element-populated\">\n\t\t\t\t\t\t<div class=\"elementor-element elementor-element-bb363e2 elementor-widget elementor-widget-image\" data-id=\"bb363e2\" data-element_type=\"widget\" data-e-type=\"widget\" data-widget_type=\"image.default\">\n\t\t\t\t<div class=\"elementor-widget-container\">\n\t\t\t\t\t\t\t\t\t\t\t\t\t\t\t<img fetchpriority=\"high\" decoding=\"async\" width=\"511\" height=\"311\" src=\"https:\/\/www.lycee-valin.fr\/RJVALIN\/wp-content\/uploads\/2024\/12\/image-6.png\" class=\"attachment-large size-large wp-image-6829\" alt=\"\" srcset=\"https:\/\/www.lycee-valin.fr\/RJVALIN\/wp-content\/uploads\/2024\/12\/image-6.png 511w, https:\/\/www.lycee-valin.fr\/RJVALIN\/wp-content\/uploads\/2024\/12\/image-6-300x183.png 300w\" sizes=\"(max-width: 511px) 100vw, 511px\" \/>\t\t\t\t\t\t\t\t\t\t\t\t\t\t\t<\/div>\n\t\t\t\t<\/div>\n\t\t\t\t\t<\/div>\n\t\t<\/div>\n\t\t\t\t\t<\/div>\n\t\t<\/section>\n\t\t\t\t<section class=\"elementor-section elementor-top-section elementor-element elementor-element-c94a41b elementor-section-boxed elementor-section-height-default elementor-section-height-default\" data-id=\"c94a41b\" data-element_type=\"section\" data-e-type=\"section\">\n\t\t\t\t\t\t<div class=\"elementor-container elementor-column-gap-default\">\n\t\t\t\t\t<div class=\"elementor-column elementor-col-100 elementor-top-column elementor-element elementor-element-a79b9aa\" data-id=\"a79b9aa\" data-element_type=\"column\" data-e-type=\"column\">\n\t\t\t<div class=\"elementor-widget-wrap elementor-element-populated\">\n\t\t\t\t\t\t<div class=\"elementor-element elementor-element-f6094dd elementor-widget-divider--view-line elementor-widget elementor-widget-divider\" data-id=\"f6094dd\" data-element_type=\"widget\" data-e-type=\"widget\" data-widget_type=\"divider.default\">\n\t\t\t\t<div class=\"elementor-widget-container\">\n\t\t\t\t\t\t\t<div class=\"elementor-divider\">\n\t\t\t<span class=\"elementor-divider-separator\">\n\t\t\t\t\t\t<\/span>\n\t\t<\/div>\n\t\t\t\t\t\t<\/div>\n\t\t\t\t<\/div>\n\t\t\t\t<div class=\"elementor-element elementor-element-402cf5a elementor-widget elementor-widget-text-editor\" data-id=\"402cf5a\" data-element_type=\"widget\" data-e-type=\"widget\" data-widget_type=\"text-editor.default\">\n\t\t\t\t<div class=\"elementor-widget-container\">\n\t\t\t\t\t\t\t\t\t<p><strong><span style=\"text-decoration: underline;\">Contenu :<\/span><br \/><\/strong><\/p>\n<p style=\"text-align: justify;\">\u2192 L\u2019enseignement de l\u2019option Th\u00e9\u00e2tre repose essentiellement sur<strong> <u>la pratique sc\u00e9nique.<\/u><\/strong><\/p>\n<p style=\"text-align: justify;\">Les \u00e9l\u00e8ves, dans une premi\u00e8re phase, constituent le groupe via des jeux au plateau, abordent les techniques de base de la pr\u00e9sence sc\u00e9nique (posture, voix, regard\u2026). La suite de l\u2019ann\u00e9e propose g\u00e9n\u00e9ralement d\u2019encha\u00eener 2 projets diff\u00e9rents et compl\u00e9mentaires, accompagn\u00e9s par des artistes com\u00e9diens \/ metteurs en sc\u00e8ne. Ainsi, les \u00e9l\u00e8ves sont amen\u00e9s \u00e0 jouer leurs spectacles entre 4 et 6 fois par an, chaque projet donnant lieu \u00e0 2 ou 3 repr\u00e9sentations.<\/p>\n<p style=\"text-align: justify;\">\u2192 Cette option propose \u00e9galement aux \u00e9l\u00e8ves <strong><u>des sorties culturelles.<\/u><\/strong><\/p>\n<p style=\"text-align: justify;\">Les spectacles, g\u00e9n\u00e9ralement \u00e0 la Coursive en soir\u00e9e, sont choisis pour la vari\u00e9t\u00e9 de leurs propositions afin d\u2019ouvrir les \u00e9l\u00e8ves \u00e0 des langages sc\u00e9niques diff\u00e9rents. Les \u00e9l\u00e8ves sont ainsi amen\u00e9s \u00e0 voir environ <strong>4 spectacles<\/strong> dans l\u2019ann\u00e9e.<\/p>\t\t\t\t\t\t\t\t<\/div>\n\t\t\t\t<\/div>\n\t\t\t\t<div class=\"elementor-element elementor-element-ce80d9b elementor-widget-divider--view-line elementor-widget elementor-widget-divider\" data-id=\"ce80d9b\" data-element_type=\"widget\" data-e-type=\"widget\" data-widget_type=\"divider.default\">\n\t\t\t\t<div class=\"elementor-widget-container\">\n\t\t\t\t\t\t\t<div class=\"elementor-divider\">\n\t\t\t<span class=\"elementor-divider-separator\">\n\t\t\t\t\t\t<\/span>\n\t\t<\/div>\n\t\t\t\t\t\t<\/div>\n\t\t\t\t<\/div>\n\t\t\t\t\t<\/div>\n\t\t<\/div>\n\t\t\t\t\t<\/div>\n\t\t<\/section>\n\t\t\t\t<section class=\"elementor-section elementor-top-section elementor-element elementor-element-c2e01e3 elementor-section-boxed elementor-section-height-default elementor-section-height-default\" data-id=\"c2e01e3\" data-element_type=\"section\" data-e-type=\"section\">\n\t\t\t\t\t\t<div class=\"elementor-container elementor-column-gap-default\">\n\t\t\t\t\t<div class=\"elementor-column elementor-col-100 elementor-top-column elementor-element elementor-element-1008034\" data-id=\"1008034\" data-element_type=\"column\" data-e-type=\"column\">\n\t\t\t<div class=\"elementor-widget-wrap elementor-element-populated\">\n\t\t\t\t\t\t<div class=\"elementor-element elementor-element-5abccfa elementor-widget elementor-widget-text-editor\" data-id=\"5abccfa\" data-element_type=\"widget\" data-e-type=\"widget\" data-widget_type=\"text-editor.default\">\n\t\t\t\t<div class=\"elementor-widget-container\">\n\t\t\t\t\t\t\t\t\t<p><strong><u>\u00c9valuation :<\/u><\/strong><\/p>\n<ul>\n<li>Les notes, int\u00e9gr\u00e9es au bulletin, sont donn\u00e9es en collaboration avec l\u2019artiste intervenant.<\/li>\n<li>Les \u00e9l\u00e8ves sont \u00e9valu\u00e9s sur l\u2019apprentissage du texte, l\u2019engagement dans les projets, la capacit\u00e9 \u00e0 int\u00e9grer les conseils et \u00e0 prendre des risques pour sortir de sa zone de confort, la g\u00e9n\u00e9rosit\u00e9 en jeu.<\/li>\n<\/ul>\t\t\t\t\t\t\t\t<\/div>\n\t\t\t\t<\/div>\n\t\t\t\t<div class=\"elementor-element elementor-element-57cb115 elementor-widget-divider--view-line elementor-widget elementor-widget-divider\" data-id=\"57cb115\" data-element_type=\"widget\" data-e-type=\"widget\" data-widget_type=\"divider.default\">\n\t\t\t\t<div class=\"elementor-widget-container\">\n\t\t\t\t\t\t\t<div class=\"elementor-divider\">\n\t\t\t<span class=\"elementor-divider-separator\">\n\t\t\t\t\t\t<\/span>\n\t\t<\/div>\n\t\t\t\t\t\t<\/div>\n\t\t\t\t<\/div>\n\t\t\t\t\t<\/div>\n\t\t<\/div>\n\t\t\t\t\t<\/div>\n\t\t<\/section>\n\t\t\t\t<section class=\"elementor-section elementor-top-section elementor-element elementor-element-e2c050e elementor-section-boxed elementor-section-height-default elementor-section-height-default\" data-id=\"e2c050e\" data-element_type=\"section\" data-e-type=\"section\">\n\t\t\t\t\t\t<div class=\"elementor-container elementor-column-gap-default\">\n\t\t\t\t\t<div class=\"elementor-column elementor-col-100 elementor-top-column elementor-element elementor-element-e0143f4\" data-id=\"e0143f4\" data-element_type=\"column\" data-e-type=\"column\">\n\t\t\t<div class=\"elementor-widget-wrap elementor-element-populated\">\n\t\t\t\t\t\t<div class=\"elementor-element elementor-element-0a12ba5 elementor-widget elementor-widget-text-editor\" data-id=\"0a12ba5\" data-element_type=\"widget\" data-e-type=\"widget\" data-widget_type=\"text-editor.default\">\n\t\t\t\t<div class=\"elementor-widget-container\">\n\t\t\t\t\t\t\t\t\t<p><strong><u>Profil d\u2019\u00e9l\u00e8ves :<\/u><\/strong><\/p>\n<ul>\n<li>Les \u00e9l\u00e8ves doivent \u00eatre <span style=\"color: #0000ff;\"><strong>motiv\u00e9s<\/strong><\/span> : comme toute option, choisir le Th\u00e9\u00e2tre implique des heures en plus, du travail en plus, quelques sorties en soir\u00e9e. Il est donc important d\u2019avoir envie de suivre cet enseignement suppl\u00e9mentaire.<\/li>\n<li>Il est pr\u00e9f\u00e9rable que les \u00e9l\u00e8ves aient un <strong><span style=\"color: #0000ff;\">bon niveau scolaire<\/span>.<\/strong><\/li>\n<li>Les \u00e9l\u00e8ves doivent se montrer pleinement <span style=\"color: #0000ff;\"><strong>engag\u00e9s<\/strong><\/span> et <span style=\"color: #0000ff;\"><strong>assidus<\/strong><\/span>. L\u2019enseignement sous forme de projets collectifs, et non de cours classiques, requiert la pr\u00e9sence de chacun afin de garantir la qualit\u00e9, et la possibilit\u00e9, des r\u00e9p\u00e9titions.<\/li>\n<li>La <strong><span style=\"color: #0000ff;\">curiosit\u00e9, l\u2019ouverture, l\u2019enthousiasme, l\u2019envie de se d\u00e9passer<\/span><\/strong> sont tout autant de qualit\u00e9s recherch\u00e9es et appr\u00e9ci\u00e9es pour pratiquer le th\u00e9\u00e2tre.<\/li>\n<\/ul>\t\t\t\t\t\t\t\t<\/div>\n\t\t\t\t<\/div>\n\t\t\t\t<div class=\"elementor-element elementor-element-276175c elementor-widget-divider--view-line elementor-widget elementor-widget-divider\" data-id=\"276175c\" data-element_type=\"widget\" data-e-type=\"widget\" data-widget_type=\"divider.default\">\n\t\t\t\t<div class=\"elementor-widget-container\">\n\t\t\t\t\t\t\t<div class=\"elementor-divider\">\n\t\t\t<span class=\"elementor-divider-separator\">\n\t\t\t\t\t\t<\/span>\n\t\t<\/div>\n\t\t\t\t\t\t<\/div>\n\t\t\t\t<\/div>\n\t\t\t\t\t<\/div>\n\t\t<\/div>\n\t\t\t\t\t<\/div>\n\t\t<\/section>\n\t\t\t\t<section class=\"elementor-section elementor-top-section elementor-element elementor-element-b195701 elementor-section-boxed elementor-section-height-default elementor-section-height-default\" data-id=\"b195701\" data-element_type=\"section\" data-e-type=\"section\">\n\t\t\t\t\t\t<div class=\"elementor-container elementor-column-gap-default\">\n\t\t\t\t\t<div class=\"elementor-column elementor-col-100 elementor-top-column elementor-element elementor-element-676c1bd\" data-id=\"676c1bd\" data-element_type=\"column\" data-e-type=\"column\">\n\t\t\t<div class=\"elementor-widget-wrap elementor-element-populated\">\n\t\t\t\t\t\t<div class=\"elementor-element elementor-element-215f209 elementor-widget elementor-widget-text-editor\" data-id=\"215f209\" data-element_type=\"widget\" data-e-type=\"widget\" data-widget_type=\"text-editor.default\">\n\t\t\t\t<div class=\"elementor-widget-container\">\n\t\t\t\t\t\t\t\t\t<p><strong><u>Comment demander l\u2019option Th\u00e9\u00e2tre en 2nde :<\/u><\/strong><\/p>\n<p>Cette option ayant une jauge limit\u00e9e, le recrutement se fait <strong>sur dossier<\/strong>, transmis par le coll\u00e8ge d\u2019origine au lyc\u00e9e Valin. Ces dossiers doivent \u00eatre r\u00e9alis\u00e9s et transmis <strong>avant le mois de juin<\/strong>.<\/p>\n<p>Les pi\u00e8ces \u00e0 ajouter sont les suivantes :<\/p>\n<ul>\n<li>Bulletins scolaires de 3\u00e8me<\/li>\n<li>Fiche de parcours artistique (disponible en ligne sur le site du lyc\u00e9e)<\/li>\n<li>Lettre de motivation r\u00e9dig\u00e9e par l\u2019\u00e9l\u00e8ve<\/li>\n<\/ul>\n<p style=\"text-align: center;\"><br \/>M\u00eame si le lyc\u00e9e Valin n\u2019est pas votre lyc\u00e9e de secteur, vous pouvez demander l\u2019option Th\u00e9\u00e2tre : <span style=\"color: #ff0000;\"><strong>elle est d\u00e9rogatoire.<\/strong><\/span><\/p>\t\t\t\t\t\t\t\t<\/div>\n\t\t\t\t<\/div>\n\t\t\t\t\t<\/div>\n\t\t<\/div>\n\t\t\t\t\t<\/div>\n\t\t<\/section>\n\t\t\t\t<section class=\"elementor-section elementor-top-section elementor-element elementor-element-c6dbd28 elementor-section-boxed elementor-section-height-default elementor-section-height-default\" data-id=\"c6dbd28\" data-element_type=\"section\" data-e-type=\"section\">\n\t\t\t\t\t\t<div class=\"elementor-container elementor-column-gap-default\">\n\t\t\t\t\t<div class=\"elementor-column elementor-col-100 elementor-top-column elementor-element elementor-element-3eb24a3\" data-id=\"3eb24a3\" data-element_type=\"column\" data-e-type=\"column\">\n\t\t\t<div class=\"elementor-widget-wrap elementor-element-populated\">\n\t\t\t\t\t\t<div class=\"elementor-element elementor-element-444f959 elementor-widget elementor-widget-image\" data-id=\"444f959\" data-element_type=\"widget\" data-e-type=\"widget\" data-widget_type=\"image.default\">\n\t\t\t\t<div class=\"elementor-widget-container\">\n\t\t\t\t\t\t\t\t\t\t\t\t\t\t\t<img decoding=\"async\" width=\"780\" height=\"506\" src=\"https:\/\/www.lycee-valin.fr\/RJVALIN\/wp-content\/uploads\/2024\/12\/image-7.png\" class=\"attachment-large size-large wp-image-6830\" alt=\"\" srcset=\"https:\/\/www.lycee-valin.fr\/RJVALIN\/wp-content\/uploads\/2024\/12\/image-7.png 841w, https:\/\/www.lycee-valin.fr\/RJVALIN\/wp-content\/uploads\/2024\/12\/image-7-300x195.png 300w, https:\/\/www.lycee-valin.fr\/RJVALIN\/wp-content\/uploads\/2024\/12\/image-7-768x499.png 768w\" sizes=\"(max-width: 780px) 100vw, 780px\" \/>\t\t\t\t\t\t\t\t\t\t\t\t\t\t\t<\/div>\n\t\t\t\t<\/div>\n\t\t\t\t\t<\/div>\n\t\t<\/div>\n\t\t\t\t\t<\/div>\n\t\t<\/section>\n\t\t\t\t<section class=\"elementor-section elementor-top-section elementor-element elementor-element-ae0e289 elementor-section-boxed elementor-section-height-default elementor-section-height-default\" data-id=\"ae0e289\" data-element_type=\"section\" data-e-type=\"section\">\n\t\t\t\t\t\t<div class=\"elementor-container elementor-column-gap-default\">\n\t\t\t\t\t<div class=\"elementor-column elementor-col-100 elementor-top-column elementor-element elementor-element-14af4c5\" data-id=\"14af4c5\" data-element_type=\"column\" data-e-type=\"column\">\n\t\t\t<div class=\"elementor-widget-wrap elementor-element-populated\">\n\t\t\t\t\t\t<div class=\"elementor-element elementor-element-6299e5a elementor-widget elementor-widget-text-editor\" data-id=\"6299e5a\" data-element_type=\"widget\" data-e-type=\"widget\" data-widget_type=\"text-editor.default\">\n\t\t\t\t<div class=\"elementor-widget-container\">\n\t\t\t\t\t\t\t\t\t<p style=\"text-align: center;\">Choisir la voie th\u00e9\u00e2trale,<br \/>c\u2019est faire de votre parcours au lyc\u00e9e<br \/>une vraie aventure personnelle et collective !<\/p>\n<p><br \/><strong><u>Contacts :<br \/><\/u><\/strong><\/p>\n<p>L\u2019enseignement du th\u00e9\u00e2tre au lyc\u00e9e Valin est encadr\u00e9 par des professeurs ayant la certification \u00ab Th\u00e9\u00e2tre Enseignement Dramatique \u00bb :<\/p>\n<ul>\n<li>St\u00e9phane Jacob<\/li>\n<li>C\u00e9line Deshayes<\/li>\n<\/ul>\t\t\t\t\t\t\t\t<\/div>\n\t\t\t\t<\/div>\n\t\t\t\t\t<\/div>\n\t\t<\/div>\n\t\t\t\t\t<\/div>\n\t\t<\/section>\n\t\t\t\t<section class=\"elementor-section elementor-top-section elementor-element elementor-element-64ab334 elementor-section-boxed elementor-section-height-default elementor-section-height-default\" data-id=\"64ab334\" data-element_type=\"section\" data-e-type=\"section\">\n\t\t\t\t\t\t<div class=\"elementor-container elementor-column-gap-default\">\n\t\t\t\t\t<div class=\"elementor-column elementor-col-100 elementor-top-column elementor-element elementor-element-3ed548c\" data-id=\"3ed548c\" data-element_type=\"column\" data-e-type=\"column\">\n\t\t\t<div class=\"elementor-widget-wrap elementor-element-populated\">\n\t\t\t\t\t\t<div class=\"elementor-element elementor-element-1186b82 elementor-align-center elementor-widget elementor-widget-button\" data-id=\"1186b82\" data-element_type=\"widget\" data-e-type=\"widget\" data-widget_type=\"button.default\">\n\t\t\t\t<div class=\"elementor-widget-container\">\n\t\t\t\t\t\t\t\t\t<div class=\"elementor-button-wrapper\">\n\t\t\t\t\t<a class=\"elementor-button elementor-button-link elementor-size-sm\" href=\"https:\/\/www.lycee-valin.fr\/RJVALIN\/wp-content\/uploads\/2026\/04\/Enseignement-optionnel-Parcours-artistique-.pdf\" target=\"_blank\">\n\t\t\t\t\t\t<span class=\"elementor-button-content-wrapper\">\n\t\t\t\t\t\t\t\t\t<span class=\"elementor-button-text\">Dossier d'inscription 2026<\/span>\n\t\t\t\t\t<\/span>\n\t\t\t\t\t<\/a>\n\t\t\t\t<\/div>\n\t\t\t\t\t\t\t\t<\/div>\n\t\t\t\t<\/div>\n\t\t\t\t\t<\/div>\n\t\t<\/div>\n\t\t\t\t\t<\/div>\n\t\t<\/section>\n\t\t\t\t<\/div>\n\t\t<div class='watch-action'><div class='watch-position align-left'><div class='action-like'><a class='lbg-style3 like-4189 jlk' href='javascript:void(0)' data-task='like' data-post_id='4189' data-nonce='5e1022fd9f' rel='nofollow'><img class='wti-pixel' src='https:\/\/www.lycee-valin.fr\/RJVALIN\/wp-content\/plugins\/wti-like-post\/images\/pixel.gif' title='j&#039;aime' \/><span class='lc-4189 lc'>0<\/span><\/a><\/div><\/div> <div class='status-4189 status align-left'><\/div><\/div><div class='wti-clear'><\/div>","protected":false},"excerpt":{"rendered":"<p>Dur\u00e9e : 3H R\u00e9partition : 2ndes :\u00a0\u00a0\u00a0\u00a0 &#8211; un groupe le mercredi apr\u00e8s midi de 13h \u00e0 16h\u00a0\u00a0\u00a0\u00a0 &#8211; un groupe : heures int\u00e9gr\u00e9es \u00e0 l\u2019emploi du temps 1\u00e8res : (Cumul possible avec la Sp\u00e9cialit\u00e9 <a class=\"more-link\" href=\"https:\/\/www.lycee-valin.fr\/RJVALIN\/loption-theatre-en-seconde\/\">Lire plus &#8230;<\/a><\/p>\n","protected":false},"author":5,"featured_media":0,"parent":0,"menu_order":0,"comment_status":"closed","ping_status":"closed","template":"","meta":{"footnotes":""},"class_list":["post-4189","page","type-page","status-publish","hentry"],"_links":{"self":[{"href":"https:\/\/www.lycee-valin.fr\/RJVALIN\/wp-json\/wp\/v2\/pages\/4189","targetHints":{"allow":["GET"]}}],"collection":[{"href":"https:\/\/www.lycee-valin.fr\/RJVALIN\/wp-json\/wp\/v2\/pages"}],"about":[{"href":"https:\/\/www.lycee-valin.fr\/RJVALIN\/wp-json\/wp\/v2\/types\/page"}],"author":[{"embeddable":true,"href":"https:\/\/www.lycee-valin.fr\/RJVALIN\/wp-json\/wp\/v2\/users\/5"}],"replies":[{"embeddable":true,"href":"https:\/\/www.lycee-valin.fr\/RJVALIN\/wp-json\/wp\/v2\/comments?post=4189"}],"version-history":[{"count":33,"href":"https:\/\/www.lycee-valin.fr\/RJVALIN\/wp-json\/wp\/v2\/pages\/4189\/revisions"}],"predecessor-version":[{"id":8729,"href":"https:\/\/www.lycee-valin.fr\/RJVALIN\/wp-json\/wp\/v2\/pages\/4189\/revisions\/8729"}],"wp:attachment":[{"href":"https:\/\/www.lycee-valin.fr\/RJVALIN\/wp-json\/wp\/v2\/media?parent=4189"}],"curies":[{"name":"wp","href":"https:\/\/api.w.org\/{rel}","templated":true}]}}