{"id":387,"date":"2022-05-27T03:33:26","date_gmt":"2022-05-27T01:33:26","guid":{"rendered":"https:\/\/www.lycee-valin.fr\/RJVALIN\/?page_id=387"},"modified":"2026-04-02T11:10:15","modified_gmt":"2026-04-02T09:10:15","slug":"arts-plastiques","status":"publish","type":"page","link":"https:\/\/www.lycee-valin.fr\/RJVALIN\/arts-plastiques\/","title":{"rendered":"Arts plastiques"},"content":{"rendered":"\n<p><\/p>\n\n\n\n<h2 class=\"wp-block-heading\">Seconde : <\/h2>\n\n\n\n<ul class=\"wp-block-list\">\n<li>3 heures<\/li>\n<\/ul>\n\n\n\n<p><strong>Fiche de candidature \u00e0 t\u00e9l\u00e9charger<\/strong><\/p>\n\n\n\n<p><\/p>\n\n\n\n<div data-wp-interactive=\"core\/file\" class=\"wp-block-file\"><object data-wp-bind--hidden=\"!state.hasPdfPreview\" hidden class=\"wp-block-file__embed\" data=\"https:\/\/www.lycee-valin.fr\/RJVALIN\/wp-content\/uploads\/2026\/04\/Enseignement-optionnel-Parcours-artistique-1-1.pdf\" type=\"application\/pdf\" style=\"width:100%;height:600px\" aria-label=\"Contenu embarqu\u00e9 Enseignement optionnel \u00ab Parcours artistique \u00bb.\"><\/object><a id=\"wp-block-file--media-0eaf3719-9e43-4d0a-8d23-4d239da2442f\" href=\"https:\/\/www.lycee-valin.fr\/RJVALIN\/wp-content\/uploads\/2026\/04\/Enseignement-optionnel-Parcours-artistique-1-1.pdf\">Enseignement optionnel \u00ab Parcours artistique \u00bb<\/a><a href=\"https:\/\/www.lycee-valin.fr\/RJVALIN\/wp-content\/uploads\/2026\/04\/Enseignement-optionnel-Parcours-artistique-1-1.pdf\" class=\"wp-block-file__button wp-element-button\" download aria-describedby=\"wp-block-file--media-0eaf3719-9e43-4d0a-8d23-4d239da2442f\">T\u00e9l\u00e9charger<\/a><\/div>\n\n\n\n<p><\/p>\n\n\n\n<h2 class=\"wp-block-heading\">Premi\u00e8re et terminale (cycle terminal) <\/h2>\n\n\n\n<ul class=\"wp-block-list\">\n<li>4 heures (sp\u00e9cialit\u00e9 seule)<\/li>\n\n\n\n<li>ou 4h + 3h (sp\u00e9cialit\u00e9 + option)<\/li>\n<\/ul>\n\n\n\n<figure class=\"wp-block-image size-full is-resized\"><img fetchpriority=\"high\" decoding=\"async\" width=\"1000\" height=\"744\" src=\"https:\/\/www.lycee-valin.fr\/RJVALIN\/wp-content\/uploads\/2023\/03\/Projet-dinstallation-eleve-de-terminale-gr1.jpg\" alt=\"Projet d'installation-e\u00e9l\u00e8ve de terminale sp\u00e9cialit\u00e9\" class=\"wp-image-4213\" style=\"width:500px;height:372px\" srcset=\"https:\/\/www.lycee-valin.fr\/RJVALIN\/wp-content\/uploads\/2023\/03\/Projet-dinstallation-eleve-de-terminale-gr1.jpg 1000w, https:\/\/www.lycee-valin.fr\/RJVALIN\/wp-content\/uploads\/2023\/03\/Projet-dinstallation-eleve-de-terminale-gr1-300x223.jpg 300w, https:\/\/www.lycee-valin.fr\/RJVALIN\/wp-content\/uploads\/2023\/03\/Projet-dinstallation-eleve-de-terminale-gr1-768x571.jpg 768w\" sizes=\"(max-width: 1000px) 100vw, 1000px\" \/><\/figure>\n\n\n\n<h2 class=\"wp-block-heading\">L&#8217;enseignement de sp\u00e9cialit\u00e9<\/h2>\n\n\n\n<p>Les enseignements de sp\u00e9cialit\u00e9 suivis <strong>\u00e0 partir de la classe de premi\u00e8re <\/strong>accueillent des \u00e9l\u00e8ves <strong>particuli\u00e8rement int\u00e9ress\u00e9s par le domaine<\/strong> des arts plastiques.<\/p>\n\n\n\n<p><strong>La pratique artistique et le renforcement des connaissances culturelles<\/strong> sont les principaux objectifs de ces enseignements. S\u2019y ajoute <strong>le d\u00e9veloppement de la capacit\u00e9 de l\u2019\u00e9l\u00e8ve \u00e0 penser son rapport \u00e0 l\u2019art dans le contexte de la soci\u00e9t\u00e9 contemporaine et \u00e0 construire son parcours d\u2019\u00e9tudes sup\u00e9rieures en r\u00e9f\u00e9rence aux m\u00e9tiers des arts et de la culture<\/strong>.<\/p>\n\n\n\n<p>L\u2019enseignement de sp\u00e9cialit\u00e9 en classe terminale concerne les \u00e9l\u00e8ves ayant confirm\u00e9 ce choix parmi les trois sp\u00e9cialit\u00e9s suivies en classe de premi\u00e8re. \u00c0 ce titre, dans le cadre des <strong>six heures hebdomadaires<\/strong> et dans une logique d&#8217;exigence disciplinaire et de <strong>pr\u00e9paration \u00e0 l&#8217;enseignement sup\u00e9rieur<\/strong>, <strong>les \u00e9l\u00e8ves sont amen\u00e9s \u00e0 approfondir leurs connaissances et \u00e0 d\u00e9velopper un solide niveau de comp\u00e9tences.<\/strong><\/p>\n\n\n\n<p>Les enseignements artistiques d\u00e9veloppent des <strong>comp\u00e9tences transversales <\/strong>qui contribuent \u00e0 la r\u00e9ussite des \u00e9l\u00e8ves dans de <strong>nombreuses voies d\u2019\u00e9tudes<\/strong>. La stimulation de l\u2019imaginaire au service de la cr\u00e9ation, l\u2019exigence m\u00e9thodologique, la capacit\u00e9 d\u2019abstraction, l\u2019esprit collaboratif et l\u2019analyse critique sont quelques-unes de ces <strong>comp\u00e9tences<\/strong> travaill\u00e9es.<br>Comme tous les enseignements, cette sp\u00e9cialit\u00e9 contribue au <strong>d\u00e9veloppement des comp\u00e9tences orales<\/strong> \u00e0 travers notamment la pratique de l\u2019argumentation.<\/p>\n\n\n\n<p>L\u2019enseignement des arts plastiques au lyc\u00e9e a pour principe l\u2019<strong>exercice d\u2019une pratique plastique en relation \u00e9troite avec la construction d\u2019une culture artistique<\/strong>. Fond\u00e9 sur la cr\u00e9ation artistique, cet enseignement met en relation les formes contemporaines avec celles l\u00e9gu\u00e9es par l\u2019<strong>histoire de l\u2019art<\/strong>. Il couvre l\u2019ensemble des domaines o\u00f9 s\u2019inventent et se questionnent les formes. <strong>Dessin, peinture, sculpture, photographie, architecture, cr\u00e9ation num\u00e9rique, nouvelles attitudes des artistes, modalit\u00e9s contemporaines de production des images rel\u00e8vent en effet du travail des arts plastiques<\/strong>. L\u2019enseignement des arts plastiques constitue \u00e9galement un <strong>point d\u2019appui pour le<\/strong><strong> design<\/strong>. Prenant en compte cette pluralit\u00e9 de domaines et d\u2019esth\u00e9tiques, de langages et de moyens, de processus et de pratiques, <strong>l\u2019enseignement des arts plastiques fait d\u00e9couvrir la diversit\u00e9<\/strong> des \u0153uvres. Il encourage les \u00e9l\u00e8ves \u00e0 <strong>exp\u00e9rimenter et \u00e0 explorer, \u00e0 rechercher et \u00e0 inventer, \u00e0 conduire des projets individuels et collectifs<\/strong>, \u00e0 appr\u00e9hender de mani\u00e8re sensible la cr\u00e9ation artistique et l\u2019art en g\u00e9n\u00e9ral. Il offre ainsi de multiples possibilit\u00e9s d\u2019expression \u00e0 <strong>des \u00e9l\u00e8ves aux profils et aux aspirations diff\u00e9rents<\/strong>.<\/p>\n\n\n\n<p>Le volume horaire de six heures leur apporte les moyens de <strong>s\u2019engager en d\u00e9veloppant une autonomie, une maturit\u00e9<\/strong>, une ambition et une ma\u00eetrise accrues. Dispensant une <strong>formation \u00e9quilibr\u00e9e entre pratique et culture artistiques, entre savoirs, approches sensibles et d\u00e9marches de proje<\/strong>t, cet enseignement contribue \u00e0 l\u2019accompagnement des intentions de l\u2019\u00e9l\u00e8ve <strong>vers des \u00e9tudes sup\u00e9rieures motiv\u00e9es, r\u00e9alistes et r\u00e9fl\u00e9chies<\/strong>. La cr\u00e9ativit\u00e9, la sensibilit\u00e9 et la culture artistiques sont en effet aujourd\u2019hui appr\u00e9ci\u00e9es, attendues, voire requises dans de <strong>nombreuses formations apr\u00e8s le baccalaur\u00e9at<\/strong>, <strong>y compris en dehors des arts<\/strong>. <strong>Cet enseignement forme les \u00e9l\u00e8ves souhaitant plus particuli\u00e8rement acc\u00e9der aux domaines des \u00e9tudes sup\u00e9rieures artistiques.<\/strong><\/p>\n\n\n\n<p>Les questionnements des programmes du cycle terminal, les dynamiques de projet et les d\u00e9marches qu\u2019ils sous-tendent, la diversit\u00e9 des productions plastiques r\u00e9alis\u00e9es comme la pluralit\u00e9 des \u0153uvres \u00e9tudi\u00e9es, sont des points d\u2019appui propices \u00e0 l\u2019<strong>\u00e9preuve orale terminale du baccalaur\u00e9at. Ils peuvent motiver et susciter des appariements fructueux avec divers enseignements et sp\u00e9cialit\u00e9s : autres domaines artistiques, disciplines scientifiques et technologiques, domaines touchant au num\u00e9rique, disciplines litt\u00e9raires et linguistiques ou, plus globalement, des humanit\u00e9s, les sciences \u00e9conomiques et sociales<\/strong>\u2026<\/p>\n\n\n\n<p>L\u2019enseignement des arts plastiques est conduit par des <strong>professeurs sp\u00e9cialistes<\/strong>. S\u2019il n\u2019est pas obligatoire, le <strong>partenariat avec des institutions artistiques et culturelles ou des artistes peut \u00eatre envisag\u00e9 \u00e0 l\u2019initiative du professeur<\/strong>. En fonction de ses projets et des occasions qui se pr\u00e9sentent, seul ou dans des actions interdisciplinaires, il peut notamment tirer parti de <strong>ressources de proximit\u00e9 et de l\u2019environnement artistique et culturel<\/strong>.<\/p>\n\n\n\n<p><strong>Enjeux et objectifs<\/strong><\/p>\n\n\n\n<p>Les grands objectifs de l\u2019enseignement de sp\u00e9cialit\u00e9 de la classe de premi\u00e8re sont maintenus en classe terminale :<\/p>\n\n\n\n<ul class=\"wp-block-list\">\n<li>d\u00e9velopper et \u00e9tayer la pratique plastique et artistique de l\u2019\u00e9l\u00e8ve\u2009;<\/li>\n\n\n\n<li>enrichir la culture artistique et \u00e9largir des repr\u00e9sentations culturelles des \u00e9l\u00e8ves\u2009;<\/li>\n\n\n\n<li>rendre attentif aux donn\u00e9es et aux dimensions sensibles des pratiques plastiques\u2009;<\/li>\n\n\n\n<li>d\u00e9velopper de la curiosit\u00e9 pour la cr\u00e9ation artistique et la culture en g\u00e9n\u00e9ral\u2009;<\/li>\n\n\n\n<li>accompagner l\u2019\u00e9l\u00e8ve dans les choix qu\u2019il effectue concernant son parcours de<\/li>\n\n\n\n<li>formation au lyc\u00e9e ainsi que ceux portant sur son orientation vers les \u00e9tudes sup\u00e9rieures ;<\/li>\n\n\n\n<li>comprendre la nature et la diversit\u00e9 des d\u00e9marches artistiques, de leurs<\/li>\n\n\n\n<li>pr\u00e9sentations et r\u00e9ceptions\u2009;<\/li>\n\n\n\n<li>engager une r\u00e9flexion sur le statut de la pratique et de la technique dans l\u2019expression artistique\u2009;<\/li>\n\n\n\n<li>s\u2019interroger sur les conditions et les enjeux de la cr\u00e9ation artistique dans des contextes historiques et culturels pr\u00e9cis.<\/li>\n<\/ul>\n\n\n\n<h2 class=\"wp-block-heading\">Enseignement optionnel<\/h2>\n\n\n\n<p>L\u2019enseignement optionnel en arts plastiques propose aux \u00e9l\u00e8ves d\u2019acqu\u00e9rir et de d\u00e9velopper une pratique et une culture artistique diverses. L\u2019enseignement est fond\u00e9 sur la cr\u00e9ation artistique, il met en relation les formes contemporaines avec celles l\u00e9gu\u00e9es par l\u2019histoire de l\u2019art. Il couvre l\u2019ensemble des domaines o\u00f9 s\u2019inventent et se questionnent les formes : dessin, gravure, s\u00e9rigraphie, vid\u00e9o, animation, peinture, sculpture, photographie argentique et num\u00e9rique, architecture, cr\u00e9ation num\u00e9rique, cr\u00e9ation sonore, nouvelles attitudes des artistes, nouvelles modalit\u00e9s de production des images.<\/p>\n\n\n\n<figure class=\"wp-block-embed is-type-video is-provider-youtube wp-block-embed-youtube wp-embed-aspect-4-3 wp-has-aspect-ratio\"><div class=\"wp-block-embed__wrapper\">\n<iframe title=\"Diaporama Option Arts plastiques 2020 2021\" width=\"540\" height=\"405\" src=\"https:\/\/www.youtube.com\/embed\/B63QjB39-fg?feature=oembed\" frameborder=\"0\" allow=\"accelerometer; autoplay; clipboard-write; encrypted-media; gyroscope; picture-in-picture; web-share\" referrerpolicy=\"strict-origin-when-cross-origin\" allowfullscreen><\/iframe>\n<\/div><\/figure>\n\n\n\n<hr class=\"wp-block-separator has-alpha-channel-opacity\"\/>\n\n\n\n<p>Liens des articles li\u00e9s \u00e0 cette cat\u00e9gorie<\/p>\n\n\n<ul class=\"wp-block-latest-posts__list has-dates has-author wp-block-latest-posts\"><li><a class=\"wp-block-latest-posts__post-title\" href=\"https:\/\/www.lycee-valin.fr\/RJVALIN\/workshop-archeologie-du-present-chloe-petitjean\/\">Workshop &#8220;Arch\u00e9ologie du pr\u00e9sent&#8221; Chlo\u00e9 Petitjean<\/a><div class=\"wp-block-latest-posts__post-author\">par Stephanie Catherine-Duchemin<\/div><time datetime=\"2026-03-18T17:27:50+01:00\" class=\"wp-block-latest-posts__post-date\">18 mars 2026<\/time><\/li>\n<li><a class=\"wp-block-latest-posts__post-title\" href=\"https:\/\/www.lycee-valin.fr\/RJVALIN\/classe-prepa-rencontre-avec-lartiste-maeva-ferreira-da-costa-a-la-maison-des-ecritures\/\">Classe pr\u00e9pa : Rencontre avec l&#8217;artiste Ma\u00ebva Ferreira Da Costa \u00e0 la maison des \u00e9critures<\/a><div class=\"wp-block-latest-posts__post-author\">par ronan marec<\/div><time datetime=\"2026-01-04T11:27:21+01:00\" class=\"wp-block-latest-posts__post-date\">4 janvier 2026<\/time><\/li>\n<li><a class=\"wp-block-latest-posts__post-title\" href=\"https:\/\/www.lycee-valin.fr\/RJVALIN\/leau-et-le-diamant-exposition\/\">L&#8217;Eau et le Diamant &#8211;  exposition<\/a><div class=\"wp-block-latest-posts__post-author\">par ronan marec<\/div><time datetime=\"2026-01-02T18:22:20+01:00\" class=\"wp-block-latest-posts__post-date\">2 janvier 2026<\/time><\/li>\n<li><a class=\"wp-block-latest-posts__post-title\" href=\"https:\/\/www.lycee-valin.fr\/RJVALIN\/visuels-de-travaux-de-terminale-arts-plastiques-specialite-gr1\/\">Visuels de travaux de terminale arts plastiques sp\u00e9cialit\u00e9 gr1.<\/a><div class=\"wp-block-latest-posts__post-author\">par Stephanie Catherine-Duchemin<\/div><time datetime=\"2025-07-02T09:45:22+02:00\" class=\"wp-block-latest-posts__post-date\">2 juillet 2025<\/time><\/li>\n<li><a class=\"wp-block-latest-posts__post-title\" href=\"https:\/\/www.lycee-valin.fr\/RJVALIN\/le-film-du-club-valinimation-selectionne-pour-le-festival-international-du-film-de-prevention-et-de-citoyennete-jeunesse\/\">Le film du club Valinimation s\u00e9lectionn\u00e9 pour le Festival International du\u00a0Film\u00a0de Pr\u00e9vention et de Citoyennet\u00e9 Jeunesse<\/a><div class=\"wp-block-latest-posts__post-author\">par Charlotte DAVID<\/div><time datetime=\"2025-04-08T16:26:10+02:00\" class=\"wp-block-latest-posts__post-date\">8 avril 2025<\/time><\/li>\n<\/ul>\n\n<form role=\"search\" method=\"get\" action=\"https:\/\/www.lycee-valin.fr\/RJVALIN\/\" class=\"wp-block-search__button-outside wp-block-search__icon-button wp-block-search\"    ><label class=\"wp-block-search__label\" for=\"wp-block-search__input-1\" >Rechercher un autre article<\/label><div class=\"wp-block-search__inside-wrapper\" ><input class=\"wp-block-search__input\" id=\"wp-block-search__input-1\" placeholder=\"\" value=\"\" type=\"search\" name=\"s\" required \/><button aria-label=\"Rechercher\" class=\"wp-block-search__button has-icon wp-element-button\" type=\"submit\" ><svg class=\"search-icon\" viewBox=\"0 0 24 24\" width=\"24\" height=\"24\">\n\t\t\t\t\t<path d=\"M13 5c-3.3 0-6 2.7-6 6 0 1.4.5 2.7 1.3 3.7l-3.8 3.8 1.1 1.1 3.8-3.8c1 .8 2.3 1.3 3.7 1.3 3.3 0 6-2.7 6-6S16.3 5 13 5zm0 10.5c-2.5 0-4.5-2-4.5-4.5s2-4.5 4.5-4.5 4.5 2 4.5 4.5-2 4.5-4.5 4.5z\"><\/path>\n\t\t\t\t<\/svg><\/button><\/div><\/form><div class='watch-action'><div class='watch-position align-left'><div class='action-like'><a class='lbg-style3 like-387 jlk' href='javascript:void(0)' data-task='like' data-post_id='387' data-nonce='8c72c58970' rel='nofollow'><img class='wti-pixel' src='https:\/\/www.lycee-valin.fr\/RJVALIN\/wp-content\/plugins\/wti-like-post\/images\/pixel.gif' title='j&#039;aime' \/><span class='lc-387 lc'>0<\/span><\/a><\/div><\/div> <div class='status-387 status align-left'><\/div><\/div><div class='wti-clear'><\/div>","protected":false},"excerpt":{"rendered":"<p>Seconde : Fiche de candidature \u00e0 t\u00e9l\u00e9charger Premi\u00e8re et terminale (cycle terminal) L&#8217;enseignement de sp\u00e9cialit\u00e9 Les enseignements de sp\u00e9cialit\u00e9 suivis \u00e0 partir de la classe de premi\u00e8re accueillent des \u00e9l\u00e8ves particuli\u00e8rement int\u00e9ress\u00e9s par le domaine <a class=\"more-link\" href=\"https:\/\/www.lycee-valin.fr\/RJVALIN\/arts-plastiques\/\">Lire plus &#8230;<\/a><\/p>\n","protected":false},"author":1,"featured_media":4213,"parent":0,"menu_order":0,"comment_status":"closed","ping_status":"closed","template":"","meta":{"footnotes":""},"class_list":["post-387","page","type-page","status-publish","has-post-thumbnail","hentry"],"_links":{"self":[{"href":"https:\/\/www.lycee-valin.fr\/RJVALIN\/wp-json\/wp\/v2\/pages\/387","targetHints":{"allow":["GET"]}}],"collection":[{"href":"https:\/\/www.lycee-valin.fr\/RJVALIN\/wp-json\/wp\/v2\/pages"}],"about":[{"href":"https:\/\/www.lycee-valin.fr\/RJVALIN\/wp-json\/wp\/v2\/types\/page"}],"author":[{"embeddable":true,"href":"https:\/\/www.lycee-valin.fr\/RJVALIN\/wp-json\/wp\/v2\/users\/1"}],"replies":[{"embeddable":true,"href":"https:\/\/www.lycee-valin.fr\/RJVALIN\/wp-json\/wp\/v2\/comments?post=387"}],"version-history":[{"count":21,"href":"https:\/\/www.lycee-valin.fr\/RJVALIN\/wp-json\/wp\/v2\/pages\/387\/revisions"}],"predecessor-version":[{"id":8737,"href":"https:\/\/www.lycee-valin.fr\/RJVALIN\/wp-json\/wp\/v2\/pages\/387\/revisions\/8737"}],"wp:featuredmedia":[{"embeddable":true,"href":"https:\/\/www.lycee-valin.fr\/RJVALIN\/wp-json\/wp\/v2\/media\/4213"}],"wp:attachment":[{"href":"https:\/\/www.lycee-valin.fr\/RJVALIN\/wp-json\/wp\/v2\/media?parent=387"}],"curies":[{"name":"wp","href":"https:\/\/api.w.org\/{rel}","templated":true}]}}