{"id":379,"date":"2022-05-26T07:39:21","date_gmt":"2022-05-26T05:39:21","guid":{"rendered":"https:\/\/www.lycee-valin.fr\/RJVALIN\/?page_id=379"},"modified":"2026-03-16T10:40:25","modified_gmt":"2026-03-16T09:40:25","slug":"organigrame","status":"publish","type":"page","link":"https:\/\/www.lycee-valin.fr\/RJVALIN\/organigrame\/","title":{"rendered":"Organigramme"},"content":{"rendered":"\n<div class=\"wp-block-columns is-layout-flex wp-container-core-columns-is-layout-9d6595d7 wp-block-columns-is-layout-flex\">\n<div class=\"wp-block-column is-layout-flow wp-block-column-is-layout-flow\" style=\"flex-basis:100%\">\n<h1 class=\"wp-block-heading has-text-align-center\"><strong>Organigramme<\/strong><\/h1>\n\n\n\n<hr class=\"wp-block-separator has-alpha-channel-opacity\"\/>\n\n\n\n<p><\/p>\n\n\n\n<p><\/p>\n\n\n\n<div class=\"wp-block-columns are-vertically-aligned-top is-layout-flex wp-container-core-columns-is-layout-9d6595d7 wp-block-columns-is-layout-flex\">\n<div class=\"wp-block-column is-vertically-aligned-top is-layout-flow wp-block-column-is-layout-flow\" style=\"flex-basis:20%\">\n<h2 class=\"wp-block-heading alignwide\">Direction<\/h2>\n<\/div>\n\n\n\n<div class=\"wp-block-column is-vertically-aligned-top is-layout-flow wp-block-column-is-layout-flow\" style=\"flex-basis:66.66%\">\n<blockquote class=\"wp-block-quote is-layout-flow wp-block-quote-is-layout-flow\">\n<p><strong>Proviseur<\/strong>&nbsp;&#8211; B\u00e2t A &#8211; 1er \u00e9tage<br><em>PELLETIER Fabrice<\/em><\/p>\n<\/blockquote>\n\n\n\n<p><\/p>\n\n\n\n<blockquote class=\"wp-block-quote is-layout-flow wp-block-quote-is-layout-flow\">\n<p><strong>Proviseurs-adjoints<\/strong>&nbsp;&#8211; B\u00e2t A &#8211; 1er \u00e9tage<br><em>HUMEAU Sophie<\/em><br><em>LUMIA S\u00e9bastien<\/em><\/p>\n<\/blockquote>\n\n\n\n<p><\/p>\n\n\n\n<blockquote class=\"wp-block-quote is-layout-flow wp-block-quote-is-layout-flow\">\n<p><strong>Secr\u00e9taire g\u00e9n\u00e9rale<\/strong>&nbsp;&#8211; B\u00e2t A &#8211; 1er \u00e9tage<br><em>GAUTHIER St\u00e9phanie<\/em><\/p>\n<\/blockquote>\n\n\n\n<p><\/p>\n\n\n\n<blockquote class=\"wp-block-quote is-layout-flow wp-block-quote-is-layout-flow\">\n<p><strong>Responsable administrative et charg\u00e9e de communication<\/strong> &#8211; B\u00e2t A &#8211; 1er \u00e9tage<br><em>DAVID Charlotte<\/em><\/p>\n<\/blockquote>\n\n\n\n<p><\/p>\n\n\n\n<blockquote class=\"wp-block-quote is-layout-flow wp-block-quote-is-layout-flow\">\n<p><strong>Directeur d\u00e9l\u00e9gu\u00e9 aux formations professionnelles et technologiques<\/strong>&nbsp;&#8211; B\u00e2t C &#8211; 1er \u00e9tage &#8211; Salle C103<br><em>LUBBERS Emmanuel<\/em><br>Secteur technologique ( STL Biotechnologies &#8211; ST2S) &#8211; BTS Bioanalyses en Laboratoire de Contr\u00f4le et BTS MECP<\/p>\n<\/blockquote>\n<\/div>\n<\/div>\n<\/div>\n<\/div>\n\n\n\n<hr class=\"wp-block-separator has-alpha-channel-opacity\"\/>\n\n\n\n<div class=\"wp-block-columns is-layout-flex wp-container-core-columns-is-layout-9d6595d7 wp-block-columns-is-layout-flex\">\n<div class=\"wp-block-column is-layout-flow wp-block-column-is-layout-flow\" style=\"flex-basis:20%\">\n<h2 class=\"wp-block-heading alignwide\">Vie scolaire<\/h2>\n<\/div>\n\n\n\n<div class=\"wp-block-column is-layout-flow wp-block-column-is-layout-flow\" style=\"flex-basis:66.66%\">\n<blockquote class=\"wp-block-quote is-layout-flow wp-block-quote-is-layout-flow\">\n<p><strong>CPE<\/strong>&nbsp;&#8211; B\u00e2t E &#8211; Rez de chauss\u00e9e<br><em>JAUVERT Alexandra<\/em><br><em>LATHIERE Val\u00e9rie<\/em><br><em>MESLET V\u00e9ronique<\/em><\/p>\n<\/blockquote>\n\n\n\n<p>Organisation g\u00e9n\u00e9rale de l\u2019internat &#8211; D\u00e9l\u00e9gu\u00e9s de classe &#8211; CVL\/MDL- Changements de r\u00e9gime &#8211; Salles d\u2019\u00e9tudes<\/p>\n\n\n\n<blockquote class=\"wp-block-quote is-layout-flow wp-block-quote-is-layout-flow\">\n<p><strong>Surveillants &amp; Assistants d\u2019\u00e9ducation<\/strong>\u00a0<br>B\u00e2t E &#8211; rez de chauss\u00e9e<br>Accueil des \u00e9l\u00e8ves &#8211; Gestion des absences &#8211; Soutien scolaire &#8211; Animations<\/p>\n\n\n\n<p><strong>\u200b<\/strong><\/p>\n<\/blockquote>\n\n\n\n<figure class=\"wp-block-table\"><table><tbody><tr><td><strong>Une adresse mail d\u00e9di\u00e9e&nbsp;: absencesvalin@ac-poitiers.fr<\/strong><\/td><td><strong>via l&#8217;ENT \u00e0 l\u2019attention <\/strong><strong>du&nbsp;<\/strong><strong>\u00ab&nbsp;service vie scolaire&nbsp;\u00bb<\/strong><\/td><\/tr><\/tbody><\/table><figcaption class=\"wp-element-caption\"><strong>Absences en classe<\/strong><\/figcaption><\/figure>\n<\/div>\n<\/div>\n\n\n\n<hr class=\"wp-block-separator has-alpha-channel-opacity\"\/>\n\n\n\n<div class=\"wp-block-columns is-layout-flex wp-container-core-columns-is-layout-9d6595d7 wp-block-columns-is-layout-flex\">\n<div class=\"wp-block-column is-layout-flow wp-block-column-is-layout-flow\" style=\"flex-basis:20%\">\n<h2 class=\"wp-block-heading\">Secr\u00e9tariats<\/h2>\n<\/div>\n\n\n\n<div class=\"wp-block-column is-layout-flow wp-block-column-is-layout-flow\" style=\"flex-basis:80%\">\n<blockquote class=\"wp-block-quote is-layout-flow wp-block-quote-is-layout-flow\">\n<div class=\"wp-block-columns is-layout-flex wp-container-core-columns-is-layout-9d6595d7 wp-block-columns-is-layout-flex\">\n<div class=\"wp-block-column is-layout-flow wp-block-column-is-layout-flow\" style=\"flex-basis:100%\">\n<div class=\"wp-block-group is-vertical is-layout-flex wp-container-core-group-is-layout-8cf370e7 wp-block-group-is-layout-flex\">\n<p><strong>Proviseur<\/strong>&nbsp;&#8211; B\u00e2t A &#8211; 1er \u00e9tage<br><em>COIGNARD Delphine<\/em><\/p>\n\n\n\n<p>Secr\u00e9tariat de direction<br><strong>ce.0170027m@ac-poitiers.fr<\/strong><\/p>\n<\/div>\n<\/div>\n<\/div>\n<\/blockquote>\n\n\n\n<blockquote class=\"wp-block-quote is-layout-flow wp-block-quote-is-layout-flow\">\n<div class=\"wp-block-group\"><div class=\"wp-block-group__inner-container is-layout-constrained wp-block-group-is-layout-constrained\">\n<div class=\"wp-block-group\"><div class=\"wp-block-group__inner-container is-layout-constrained wp-block-group-is-layout-constrained\">\n<p><strong>Proviseur-adjoint<\/strong>&nbsp;&#8211; B\u00e2t A &#8211; 1er \u00e9tage<br><em>DE SOUSA Rosalie<br>MARTIN Ma\u00efth\u00e9<br>OLIVIER Estelle<\/em><\/p>\n\n\n\n<p><br>Secr\u00e9tariat de scolarit\u00e9 (suivi de la scolarit\u00e9 des \u00e9l\u00e8ves)<br><strong>scolarit\u00e9-valin@ac-poitiers.fr<\/strong><\/p>\n<\/div><\/div>\n<\/div><\/div>\n<\/blockquote>\n\n\n\n<p><\/p>\n\n\n\n<blockquote class=\"wp-block-quote is-layout-flow wp-block-quote-is-layout-flow\">\n<p><strong>Intendance<\/strong>&nbsp;&#8211; B\u00e2t A &#8211; 1er \u00e9tage<br><em>DAY Nathalie<\/em><br><em>FANDILOVA Adeline<\/em><br><em>FLEURY Sophie<\/em><\/p>\n\n\n\n<p> <strong>int.0170027m@ac-poitiers.fr<\/strong><\/p>\n<\/blockquote>\n<\/div>\n<\/div>\n\n\n\n<hr class=\"wp-block-separator has-alpha-channel-opacity\"\/>\n\n\n\n<div class=\"wp-block-columns is-layout-flex wp-container-core-columns-is-layout-9d6595d7 wp-block-columns-is-layout-flex\">\n<div class=\"wp-block-column is-layout-flow wp-block-column-is-layout-flow\" style=\"flex-basis:20%\">\n<h2 class=\"wp-block-heading\">Sant\u00e9<\/h2>\n<\/div>\n\n\n\n<div class=\"wp-block-column is-layout-flow wp-block-column-is-layout-flow\" style=\"flex-basis:66.66%\">\n<blockquote class=\"wp-block-quote is-layout-flow wp-block-quote-is-layout-flow\">\n<p><strong>M\u00e9decin scolaire<\/strong><br><em>Dr Pascale POUCHELLE-DAVID<\/em><\/p>\n<\/blockquote>\n\n\n\n<p><\/p>\n\n\n\n<blockquote class=\"wp-block-quote is-layout-flow wp-block-quote-is-layout-flow\">\n<p><strong>Infirmerie<\/strong>\u00a0&#8211; Internat &#8211; Rez de chauss\u00e9e<br><em>BAJOLET Sophie<\/em><br>BARRAULT Jennifer<br><em>HERMOUET Ga\u00eblle<\/em><br>Soins &#8211; Dispenses EPS &#8211; Visite m\u00e9dicale &#8211; Vaccinations<\/p>\n<\/blockquote>\n\n\n\n<p><\/p>\n\n\n\n<p>\u200b<\/p>\n\n\n\n<p><\/p>\n\n\n\n<blockquote class=\"wp-block-quote is-layout-flow wp-block-quote-is-layout-flow\">\n<p><strong>Assistante sociale<\/strong>&nbsp;&#8211; Infirmerie &#8211; Rez de chauss\u00e9e (2 matin\u00e9es par semaine)<br><em>ROSE Alice<\/em><br>Probl\u00e8me d\u2019ordre personnel ou social &#8211; Demande de dossier pour le Fonds Social Lyc\u00e9en<\/p>\n<\/blockquote>\n\n\n\n<hr class=\"wp-block-separator has-alpha-channel-opacity\"\/>\n<\/div>\n<\/div>\n\n\n\n<div class=\"wp-block-columns is-layout-flex wp-container-core-columns-is-layout-9d6595d7 wp-block-columns-is-layout-flex\">\n<div class=\"wp-block-column is-layout-flow wp-block-column-is-layout-flow\" style=\"flex-basis:20%\">\n<h2 class=\"wp-block-heading\">Psy-En<\/h2>\n<\/div>\n\n\n\n<div class=\"wp-block-column is-layout-flow wp-block-column-is-layout-flow\" style=\"flex-basis:66.66%\">\n<div class=\"wp-block-group\"><div class=\"wp-block-group__inner-container is-layout-flow wp-block-group-is-layout-flow\">\n<div class=\"wp-block-group\"><div class=\"wp-block-group__inner-container is-layout-flow wp-block-group-is-layout-flow\">\n<div class=\"wp-block-group\"><div class=\"wp-block-group__inner-container is-layout-flow wp-block-group-is-layout-flow\">\n<div class=\"wp-block-columns is-layout-flex wp-container-core-columns-is-layout-9d6595d7 wp-block-columns-is-layout-flex\">\n<div class=\"wp-block-column is-layout-flow wp-block-column-is-layout-flow\" style=\"flex-basis:100%\">\n<blockquote class=\"wp-block-quote is-layout-flow wp-block-quote-is-layout-flow\" style=\"font-size:16px\">\n<p><strong>Psychologues de l&#8217;\u00c9ducation nationale<\/strong>&#8211; 1er \u00e9tage, \u00e0 c\u00f4t\u00e9 du CDI<\/p>\n\n\n\n<p><em>ASCON-BOUTTIER Pascale<\/em><br>LEVASSEUR M\u00e9lanie<\/p>\n\n\n\n<p>Sp\u00e9cialit\u00e9 \u00c9ducation, D\u00e9veloppement et Conseil en Orientation Scolaire et Professionnelle<\/p>\n\n\n\n<p><\/p>\n<\/blockquote>\n\n\n\n<p><strong>AU LYC\u00c9E <\/strong>: les mardis matin, mercredi matin, jeudis toute la journ\u00e9e, vendredi apr\u00e8s-midi (Prise de RDV aupr\u00e8s des CPE et de la Vie scolaire)<\/p>\n\n\n\n<p><strong>AU CIO DE LA ROCHELLE<\/strong><br>Prise de rdv au 0516526928<\/p>\n<\/div>\n<\/div>\n<\/div><\/div>\n<\/div><\/div>\n<\/div><\/div>\n<\/div>\n<\/div>\n\n\n\n<hr class=\"wp-block-separator has-alpha-channel-opacity\"\/>\n\n\n\n<p><\/p>\n\n\n\n<div class=\"wp-block-columns is-layout-flex wp-container-core-columns-is-layout-9d6595d7 wp-block-columns-is-layout-flex\">\n<div class=\"wp-block-column is-layout-flow wp-block-column-is-layout-flow\" style=\"flex-basis:20%\">\n<h2 class=\"wp-block-heading\">CDI<\/h2>\n<\/div>\n\n\n\n<div class=\"wp-block-column is-layout-flow wp-block-column-is-layout-flow\" style=\"flex-basis:66.66%\">\n<blockquote class=\"wp-block-quote is-layout-flow wp-block-quote-is-layout-flow\">\n<p><strong>Professeurs documentalistes<\/strong>&nbsp;&#8211; B\u00e2t A &#8211; 1er \u00e9tage<br><em>DEFAYE Nadine<\/em><br><em>SAUMONEAU Fran\u00e7ois<\/em><\/p>\n\n\n\n<p>Formation \u00e0 la recherche documentaire<\/p>\n\n\n\n<p>Aide au travail sur documents<\/p>\n<\/blockquote>\n\n\n\n<p><\/p>\n\n\n\n<p><\/p>\n\n\n\n<p><\/p>\n<\/div>\n<\/div>\n\n\n\n<hr class=\"wp-block-separator has-alpha-channel-opacity\"\/>\n\n\n\n<div class=\"wp-block-columns is-layout-flex wp-container-core-columns-is-layout-9d6595d7 wp-block-columns-is-layout-flex\">\n<div class=\"wp-block-column is-layout-flow wp-block-column-is-layout-flow\" style=\"flex-basis:20%\">\n<h2 class=\"wp-block-heading\">Laboratoires<\/h2>\n<\/div>\n\n\n\n<div class=\"wp-block-column is-layout-flow wp-block-column-is-layout-flow\" style=\"flex-basis:66.66%\">\n<blockquote class=\"wp-block-quote is-layout-flow wp-block-quote-is-layout-flow\">\n<p><strong>Sciences physiques<\/strong>&nbsp;&#8211; B\u00e2t C &#8211; Rez de chauss\u00e9e<br><em>BEAUCHAMP R\u00e9mi<\/em><br>Pr\u00e9parations en physique et chimie<\/p>\n<\/blockquote>\n\n\n\n<p><\/p>\n\n\n\n<blockquote class=\"wp-block-quote is-layout-flow wp-block-quote-is-layout-flow\">\n<p><strong>Sciences de la vie et de la Terre<\/strong>&nbsp;&#8211; B\u00e2t B &#8211; 1er \u00e9tage<br><em>BOUVET Fabrice<\/em><br>Pr\u00e9parations en biologie et g\u00e9ologie<\/p>\n<\/blockquote>\n\n\n\n<p><\/p>\n\n\n\n<blockquote class=\"wp-block-quote is-layout-flow wp-block-quote-is-layout-flow\">\n<p><strong>Biochimie<\/strong>&nbsp;&#8211; B\u00e2t C &#8211; 1er \u00e9tage<br><em><em>MILLE Claire<\/em><\/em><br><em>SUIRE-HANAFI Fabienne<\/em><br><em>CHERI Magalie<\/em><br>Pr\u00e9parations en chimie et biochimie<\/p>\n<\/blockquote>\n\n\n\n<p><\/p>\n\n\n\n<blockquote class=\"wp-block-quote is-layout-flow wp-block-quote-is-layout-flow\">\n<p><strong>Microbiologie<\/strong>&nbsp;&#8211; B\u00e2t C &#8211; 2\u00e8me \u00e9tage<br><em>BURGEAUD Fabrice<\/em><br><em>COINTE M\u00e9lody<\/em><br>KUDER Ana\u00efs<br>Pr\u00e9parations en microbiologie<\/p>\n<\/blockquote>\n<\/div>\n<\/div>\n\n\n\n<hr class=\"wp-block-separator has-alpha-channel-opacity\"\/>\n\n\n\n<div class=\"wp-block-columns is-layout-flex wp-container-core-columns-is-layout-9d6595d7 wp-block-columns-is-layout-flex\">\n<div class=\"wp-block-column is-layout-flow wp-block-column-is-layout-flow\" style=\"flex-basis:20%\">\n<h2 class=\"wp-block-heading\">Informatique<\/h2>\n<\/div>\n\n\n\n<div class=\"wp-block-column is-layout-flow wp-block-column-is-layout-flow\" style=\"flex-basis:66.66%\">\n<blockquote class=\"wp-block-quote is-layout-flow wp-block-quote-is-layout-flow\">\n<p><strong>Maintenance Informatique et Audiovisuel&nbsp;&#8211; B\u00e2t C &#8211; Rez de chauss\u00e9e <\/strong><br><em>RAUD Eric<\/em><\/p>\n<\/blockquote>\n\n\n\n<p><\/p>\n\n\n\n<blockquote class=\"wp-block-quote is-layout-flow wp-block-quote-is-layout-flow\">\n<p><strong>RUPN<\/strong>&nbsp;&#8211; R\u00e9f\u00e9rents pour les Usages Num\u00e9riques P\u00e9dagogiques <br>et <strong>Webmestres <\/strong>du site Web du lyc\u00e9e VALIN :<\/p>\n\n\n\n<p><em>GROSSIN Wilfrid<\/em><br><em>GUITTARD Jules<\/em><br>(contact: <strong>rupnvalin@gmail.com<\/strong>)<\/p>\n<\/blockquote>\n<\/div>\n<\/div>\n\n\n\n<hr class=\"wp-block-separator has-alpha-channel-opacity\"\/>\n\n\n\n<div class=\"wp-block-columns is-layout-flex wp-container-core-columns-is-layout-9d6595d7 wp-block-columns-is-layout-flex\">\n<div class=\"wp-block-column is-layout-flow wp-block-column-is-layout-flow\" style=\"flex-basis:100%\">\n<h2 class=\"wp-block-heading\">Liste des professeurs<\/h2>\n\n\n\n<p>Cliquer <a rel=\"noreferrer noopener\" href=\"https:\/\/www.lycee-valin.fr\/RJVALIN\/liste-des-professeurs\/\" target=\"_blank\">ici<\/a><a href=\"https:\/\/www.lycee-valin.fr\/RJVALIN\/liste-des-professeurs\/\" target=\"_blank\" rel=\"noreferrer noopener\"> pour rejoindre la liste des professeurs<\/a><\/p>\n<\/div>\n<\/div>\n<div class='watch-action'><div class='watch-position align-left'><div class='action-like'><a class='lbg-style3 like-379 jlk' href='javascript:void(0)' data-task='like' data-post_id='379' data-nonce='7915f9e339' rel='nofollow'><img class='wti-pixel' src='https:\/\/www.lycee-valin.fr\/RJVALIN\/wp-content\/plugins\/wti-like-post\/images\/pixel.gif' title='j&#039;aime' \/><span class='lc-379 lc'>0<\/span><\/a><\/div><\/div> <div class='status-379 status align-left'><\/div><\/div><div class='wti-clear'><\/div>","protected":false},"excerpt":{"rendered":"<p>Organigramme Direction Proviseur&nbsp;&#8211; B\u00e2t A &#8211; 1er \u00e9tagePELLETIER Fabrice Proviseurs-adjoints&nbsp;&#8211; B\u00e2t A &#8211; 1er \u00e9tageHUMEAU SophieLUMIA S\u00e9bastien Secr\u00e9taire g\u00e9n\u00e9rale&nbsp;&#8211; B\u00e2t A &#8211; 1er \u00e9tageGAUTHIER St\u00e9phanie Responsable administrative et charg\u00e9e de communication &#8211; B\u00e2t A &#8211; <a class=\"more-link\" href=\"https:\/\/www.lycee-valin.fr\/RJVALIN\/organigrame\/\">Lire plus &#8230;<\/a><\/p>\n","protected":false},"author":1,"featured_media":0,"parent":0,"menu_order":0,"comment_status":"closed","ping_status":"closed","template":"elementor_header_footer","meta":{"footnotes":""},"class_list":["post-379","page","type-page","status-publish","hentry"],"_links":{"self":[{"href":"https:\/\/www.lycee-valin.fr\/RJVALIN\/wp-json\/wp\/v2\/pages\/379","targetHints":{"allow":["GET"]}}],"collection":[{"href":"https:\/\/www.lycee-valin.fr\/RJVALIN\/wp-json\/wp\/v2\/pages"}],"about":[{"href":"https:\/\/www.lycee-valin.fr\/RJVALIN\/wp-json\/wp\/v2\/types\/page"}],"author":[{"embeddable":true,"href":"https:\/\/www.lycee-valin.fr\/RJVALIN\/wp-json\/wp\/v2\/users\/1"}],"replies":[{"embeddable":true,"href":"https:\/\/www.lycee-valin.fr\/RJVALIN\/wp-json\/wp\/v2\/comments?post=379"}],"version-history":[{"count":74,"href":"https:\/\/www.lycee-valin.fr\/RJVALIN\/wp-json\/wp\/v2\/pages\/379\/revisions"}],"predecessor-version":[{"id":8632,"href":"https:\/\/www.lycee-valin.fr\/RJVALIN\/wp-json\/wp\/v2\/pages\/379\/revisions\/8632"}],"wp:attachment":[{"href":"https:\/\/www.lycee-valin.fr\/RJVALIN\/wp-json\/wp\/v2\/media?parent=379"}],"curies":[{"name":"wp","href":"https:\/\/api.w.org\/{rel}","templated":true}]}}