{"id":2692,"date":"2022-09-27T05:06:39","date_gmt":"2022-09-27T03:06:39","guid":{"rendered":"https:\/\/www.lycee-valin.fr\/RJVALIN\/?page_id=2692"},"modified":"2026-03-13T15:33:16","modified_gmt":"2026-03-13T14:33:16","slug":"e3d","status":"publish","type":"page","link":"https:\/\/www.lycee-valin.fr\/RJVALIN\/e3d\/","title":{"rendered":"CESCE : Volet d\u00e9veloppement durable"},"content":{"rendered":"\t\t<div data-elementor-type=\"wp-page\" data-elementor-id=\"2692\" class=\"elementor elementor-2692\">\n\t\t\t\t\t\t<section class=\"elementor-section elementor-top-section elementor-element elementor-element-3c4e3b9b elementor-section-boxed elementor-section-height-default elementor-section-height-default\" data-id=\"3c4e3b9b\" data-element_type=\"section\" data-e-type=\"section\">\n\t\t\t\t\t\t<div class=\"elementor-container elementor-column-gap-default\">\n\t\t\t\t\t<div class=\"elementor-column elementor-col-100 elementor-top-column elementor-element elementor-element-748ddfe3\" data-id=\"748ddfe3\" data-element_type=\"column\" data-e-type=\"column\">\n\t\t\t<div class=\"elementor-widget-wrap elementor-element-populated\">\n\t\t\t\t\t\t<div class=\"elementor-element elementor-element-7245d760 elementor-widget elementor-widget-text-editor\" data-id=\"7245d760\" data-element_type=\"widget\" data-e-type=\"widget\" data-widget_type=\"text-editor.default\">\n\t\t\t\t<div class=\"elementor-widget-container\">\n\t\t\t\t\t\t\t\t\t\n<h3>Label E3D Expert<\/h3>\n\n<p class=\"has-text-align-left\">Votre lyc\u00e9e s&#8217;engage dans la pr\u00e9servation de la biodiversit\u00e9 et en particulier de la faune urbaine. Il est labellis\u00e9 E3D de niveau 3 (Etablissement en d\u00e9marche de d\u00e9veloppement durable) et Refuge LPO (Ligue de protection des oiseaux).<\/p>\n\n<p class=\"has-text-align-left\">Les agents du lyc\u00e9e ont notamment r\u00e9alis\u00e9 des abris \u00e0 h\u00e9rissons, des h\u00f4tels \u00e0 insectes, des dorlotoirs \u00e0 abeilles ou des nichoirs pour oiseaux.<\/p>\n\n<p class=\"has-text-align-left\">Les h\u00f4tels \u00e0 insectes agissent sur la conservation de la biodiversit\u00e9 et constituent un formidable outil de sensibilisation.<\/p>\n\n<p class=\"has-text-align-left\">Les dorlotoirs \u00e0 abeilles sont de petites maisons destin\u00e9es \u00e0 accueillir les abeilles sauvages. On d\u00e9nombre en France environ un millier d\u2019abeilles sauvages, dont la vie n\u2019a rien \u00e0 voir avec celle des abeilles domestiques, que l\u2019on trouve dans les ruches. L\u2019abeille sauvage est une formidable pollinisatrice et elle ne pique pas.<\/p>\n\n<p class=\"has-text-align-left\">Par ailleurs, Cyril et Pascal, aux espaces verts, font une gestion responsable des tontes, ce qui \u00a0permet de respecter le cycle de la nature, notamment dans la prairie fleurie situ\u00e9e derri\u00e8re le b\u00e2timent C.<\/p>\n\n<p class=\"has-text-align-left\">Ce fauchage raisonn\u00e9 favorise l\u2019interaction entre les plantes, la vie sauvage des petits animaux et l\u2019essor des insectes butineurs. C\u2019est toute la biodiversit\u00e9 des espaces verts qui est concern\u00e9e, puisque le fauchage tardif favorise \u00e9galement la nidification des oiseaux.<\/p>\n\n<p class=\"has-text-align-left\">Les \u00e9quipes p\u00e9dagogiques ne sont pas en reste et proposent tr\u00e8s r\u00e9guli\u00e8rement aux \u00e9l\u00e8ves des activit\u00e9s de sensibilisation aux objectifs du d\u00e9veloppement durable.<\/p>\n\n<p class=\"has-text-align-left\">Toute cette dynamique fait du lyc\u00e9e Valin un \u00e9tablissement o\u00f9 il fait bon vivre et travailler.<\/p>\n\n<figure class=\"wp-block-image size-full\"><img fetchpriority=\"high\" decoding=\"async\" width=\"593\" height=\"667\" class=\"wp-image-4668\" src=\"https:\/\/www.lycee-valin.fr\/RJVALIN\/wp-content\/uploads\/2023\/05\/logo-label-E3D-2d-degre_expert.png\" alt=\"\" srcset=\"https:\/\/www.lycee-valin.fr\/RJVALIN\/wp-content\/uploads\/2023\/05\/logo-label-E3D-2d-degre_expert.png 593w, https:\/\/www.lycee-valin.fr\/RJVALIN\/wp-content\/uploads\/2023\/05\/logo-label-E3D-2d-degre_expert-267x300.png 267w\" sizes=\"(max-width: 593px) 100vw, 593px\" \/><\/figure>\n<hr class=\"wp-block-separator has-alpha-channel-opacity\" \/>\n<p>Liens des articles li\u00e9s \u00e0 cette cat\u00e9gorie<\/p>\n<ul class=\"wp-block-latest-posts__list has-dates has-author wp-block-latest-posts\"><li><a class=\"wp-block-latest-posts__post-title\" href=\"https:\/\/www.lycee-valin.fr\/RJVALIN\/challenge-innovatech-mission-ingenieure\/\">Challenge Innovatech &#8211; Mission : Ing\u00e9nieure !!<\/a><div class=\"wp-block-latest-posts__post-author\">par cecile thibeaud<\/div><time datetime=\"2026-03-22T19:31:15+01:00\" class=\"wp-block-latest-posts__post-date\">22 mars 2026<\/time><\/li>\n<li><a class=\"wp-block-latest-posts__post-title\" href=\"https:\/\/www.lycee-valin.fr\/RJVALIN\/un-escape-game-et-un-quiz-pour-celebrer-leurope-malgre-le-vent\/\">Un Escape Game et un Quiz pour c\u00e9l\u00e9brer l\u2019Europe, malgr\u00e9 le vent !<\/a><div class=\"wp-block-latest-posts__post-author\">par heiko mueller<\/div><time datetime=\"2026-03-20T09:28:46+01:00\" class=\"wp-block-latest-posts__post-date\">20 mars 2026<\/time><\/li>\n<li><a class=\"wp-block-latest-posts__post-title\" href=\"https:\/\/www.lycee-valin.fr\/RJVALIN\/%e2%9c%a8-quand-un-ancien-etudiant-de-bts-bioac-revient-partager-son-parcours-avec-la-nouvelle-generation\/\">\u2728 Quand un ancien \u00e9tudiant de BTS BioAC revient partager son parcours avec la nouvelle g\u00e9n\u00e9ration\u2026<\/a><div class=\"wp-block-latest-posts__post-author\">par WILFRID GROSSIN<\/div><time datetime=\"2026-03-11T20:54:07+01:00\" class=\"wp-block-latest-posts__post-date\">11 mars 2026<\/time><\/li>\n<li><a class=\"wp-block-latest-posts__post-title\" href=\"https:\/\/www.lycee-valin.fr\/RJVALIN\/la-classe-de-s05-a-la-rencontre-du-roman-maneges-et-de-son-adaptation-cinematographique\/\">La classe de S05 \u00e0 la rencontre du roman &#8220;Man\u00e8ges&#8221; et de son adaptation cin\u00e9matographique<\/a><div class=\"wp-block-latest-posts__post-author\">par WILFRID GROSSIN<\/div><time datetime=\"2026-03-04T19:48:46+01:00\" class=\"wp-block-latest-posts__post-date\">4 mars 2026<\/time><\/li>\n<li><a class=\"wp-block-latest-posts__post-title\" href=\"https:\/\/www.lycee-valin.fr\/RJVALIN\/%e2%9c%a8-decouverte-des-coulisses-de-la-qualite-et-de-laccreditation-des-laboratoires-par-les-bts-bioalc2\/\">\u2728 D\u00e9couverte des coulisses de la qualit\u00e9 et de l\u2019accr\u00e9ditation des laboratoires par les BTS BioALC2<\/a><div class=\"wp-block-latest-posts__post-author\">par WILFRID GROSSIN<\/div><time datetime=\"2026-02-26T16:49:00+01:00\" class=\"wp-block-latest-posts__post-date\">26 f\u00e9vrier 2026<\/time><\/li>\n<\/ul><form role=\"search\" method=\"get\" action=\"https:\/\/www.lycee-valin.fr\/RJVALIN\/\" class=\"wp-block-search__button-outside wp-block-search__icon-button wp-block-search\"    ><label class=\"wp-block-search__label\" for=\"wp-block-search__input-2\" >Rechercher un autre article<\/label><div class=\"wp-block-search__inside-wrapper\" ><input class=\"wp-block-search__input\" id=\"wp-block-search__input-2\" placeholder=\"\" value=\"\" type=\"search\" name=\"s\" required \/><button aria-label=\"Rechercher\" class=\"wp-block-search__button has-icon wp-element-button\" type=\"submit\" ><svg class=\"search-icon\" viewBox=\"0 0 24 24\" width=\"24\" height=\"24\">\n\t\t\t\t\t<path d=\"M13 5c-3.3 0-6 2.7-6 6 0 1.4.5 2.7 1.3 3.7l-3.8 3.8 1.1 1.1 3.8-3.8c1 .8 2.3 1.3 3.7 1.3 3.3 0 6-2.7 6-6S16.3 5 13 5zm0 10.5c-2.5 0-4.5-2-4.5-4.5s2-4.5 4.5-4.5 4.5 2 4.5 4.5-2 4.5-4.5 4.5z\"><\/path>\n\t\t\t\t<\/svg><\/button><\/div><\/form>\n<p>\u00a0<\/p>\n\t\t\t\t\t\t\t\t<\/div>\n\t\t\t\t<\/div>\n\t\t\t\t\t<\/div>\n\t\t<\/div>\n\t\t\t\t\t<\/div>\n\t\t<\/section>\n\t\t\t\t<\/div>\n\t\t<div class='watch-action'><div class='watch-position align-left'><div class='action-like'><a class='lbg-style3 like-2692 jlk' href='javascript:void(0)' data-task='like' data-post_id='2692' data-nonce='fd945d8c06' rel='nofollow'><img class='wti-pixel' src='https:\/\/www.lycee-valin.fr\/RJVALIN\/wp-content\/plugins\/wti-like-post\/images\/pixel.gif' title='j&#039;aime' \/><span class='lc-2692 lc'>0<\/span><\/a><\/div><\/div> <div class='status-2692 status align-left'><\/div><\/div><div class='wti-clear'><\/div>","protected":false},"excerpt":{"rendered":"<p>Votre lyc\u00e9e s&#8217;engage dans la pr\u00e9servation de la biodiversit\u00e9 et en particulier de la faune urbaine. Il est labellis\u00e9 E3D de niveau 3 (Etablissement en d\u00e9marche de d\u00e9veloppement durable) et Refuge LPO (Ligue de protection <a class=\"more-link\" href=\"https:\/\/www.lycee-valin.fr\/RJVALIN\/e3d\/\">Lire plus &#8230;<\/a><\/p>\n","protected":false},"author":2,"featured_media":4668,"parent":0,"menu_order":0,"comment_status":"closed","ping_status":"closed","template":"","meta":{"footnotes":""},"class_list":["post-2692","page","type-page","status-publish","has-post-thumbnail","hentry"],"_links":{"self":[{"href":"https:\/\/www.lycee-valin.fr\/RJVALIN\/wp-json\/wp\/v2\/pages\/2692","targetHints":{"allow":["GET"]}}],"collection":[{"href":"https:\/\/www.lycee-valin.fr\/RJVALIN\/wp-json\/wp\/v2\/pages"}],"about":[{"href":"https:\/\/www.lycee-valin.fr\/RJVALIN\/wp-json\/wp\/v2\/types\/page"}],"author":[{"embeddable":true,"href":"https:\/\/www.lycee-valin.fr\/RJVALIN\/wp-json\/wp\/v2\/users\/2"}],"replies":[{"embeddable":true,"href":"https:\/\/www.lycee-valin.fr\/RJVALIN\/wp-json\/wp\/v2\/comments?post=2692"}],"version-history":[{"count":17,"href":"https:\/\/www.lycee-valin.fr\/RJVALIN\/wp-json\/wp\/v2\/pages\/2692\/revisions"}],"predecessor-version":[{"id":8624,"href":"https:\/\/www.lycee-valin.fr\/RJVALIN\/wp-json\/wp\/v2\/pages\/2692\/revisions\/8624"}],"wp:featuredmedia":[{"embeddable":true,"href":"https:\/\/www.lycee-valin.fr\/RJVALIN\/wp-json\/wp\/v2\/media\/4668"}],"wp:attachment":[{"href":"https:\/\/www.lycee-valin.fr\/RJVALIN\/wp-json\/wp\/v2\/media?parent=2692"}],"curies":[{"name":"wp","href":"https:\/\/api.w.org\/{rel}","templated":true}]}}