{"id":2628,"date":"2022-09-23T18:04:52","date_gmt":"2022-09-23T16:04:52","guid":{"rendered":"https:\/\/www.lycee-valin.fr\/RJVALIN\/?page_id=2628"},"modified":"2023-07-15T07:30:42","modified_gmt":"2023-07-15T05:30:42","slug":"ouverture-europeenne-et-internationale","status":"publish","type":"page","link":"https:\/\/www.lycee-valin.fr\/RJVALIN\/ouverture-europeenne-et-internationale\/","title":{"rendered":"Ouverture Europ\u00e9enne et Internationale"},"content":{"rendered":"\n<p><\/p>\n\n\n\n<p>Un des exemples pour les possibilit\u00e9s de faire un \u00e9change \u00e0 Valin &#8211; t\u00e9moignage de Agathe et de Safia<\/p>\n\n\n\n<iframe width=\"560\" height=\"315\" src=\"https:\/\/www.youtube-nocookie.com\/embed\/XjwcGoCOLYY\" title=\"YouTube video player\" frameborder=\"0\" allow=\"accelerometer; autoplay; clipboard-write; encrypted-media; gyroscope; picture-in-picture; web-share\" allowfullscreen=\"\"><\/iframe>\n\n\n\n<p><strong>Pr\u00e9sentation du lyc\u00e9e Valin<\/strong><\/p>\n\n\n\n<p>Situ\u00e9 \u00e0 proximit\u00e9 de la gare de La Rochelle et de son centre-ville, aux portes du quartier de Villeneuve-les-Salines, le&nbsp;<strong>Lyc\u00e9e Ren\u00e9-Josu\u00e9 VALIN<\/strong>&nbsp;accueille&nbsp;<strong>1600 \u00e9l\u00e8ves et \u00e9tudiants<\/strong>, r\u00e9partis sur&nbsp;<strong>52 divisions<\/strong>(classes) dans un cadre spacieux, studieux et accueillant.<\/p>\n\n\n\n<p>Au sein du service<strong>&nbsp;public d\u2019Education<\/strong>, le Lyc\u00e9e propose un \u00e9ventail de formations large qui permet aux \u00e9l\u00e8ves de suivre des parcours de r\u00e9ussite diversifi\u00e9s&nbsp;:<\/p>\n\n\n\n<ul class=\"wp-block-list\">\n<li>Une&nbsp;<strong>fili\u00e8re g\u00e9n\u00e9rale<\/strong>&nbsp;pr\u00e9parant au baccalaur\u00e9at g\u00e9n\u00e9ral avec un choix de 10 sp\u00e9cialit\u00e9s<\/li>\n\n\n\n<li>Des&nbsp;<strong>options artistiques<\/strong>&nbsp;autour des&nbsp;<strong>arts plastiques<\/strong>&nbsp;et du&nbsp;<strong>th\u00e9\u00e2tre&nbsp;<\/strong>pour se construire tout au long du cursus lyc\u00e9en une culture g\u00e9n\u00e9rale enrichie et d\u00e9velopper sa cr\u00e9ativit\u00e9.<\/li>\n\n\n\n<li>Une&nbsp;<strong>fili\u00e8re technologique<\/strong>&nbsp;avec deux options&nbsp;:\n<ul class=\"wp-block-list\">\n<li>une pr\u00e9parant au baccalaur\u00e9at des&nbsp;<strong>sciences et technologie de la sant\u00e9 et du social (ST2S)<\/strong>&nbsp;pour les \u00e9l\u00e8ves qui souhaitent \u00e9voluer dans les secteurs social et param\u00e9dical.<\/li>\n\n\n\n<li>l\u2019autre pr\u00e9parant au baccalaur\u00e9at des&nbsp;<strong>sciences et technologies de laboratoire (STL)&nbsp;<\/strong>qui s\u2019adresse aux \u00e9l\u00e8ves qui ont un go\u00fbt affirm\u00e9 pour la biologie et qui souhaitent acqu\u00e9rir un solide bagage scientifique.<\/li>\n<\/ul>\n<\/li>\n\n\n\n<li>Un&nbsp;<strong>BTS Bioanalyses &amp; Contr\u00f4les<\/strong>.<\/li>\n\n\n\n<li>Une <strong>Classe Pr\u00e9paratoire \u00e0 l\u2019enseignement sup\u00e9rieur en Arts plastiques<\/strong> (CPES-CAAP)<\/li>\n<\/ul>\n\n\n\n<p><\/p>\n\n\n\n<figure class=\"wp-block-image size-full is-resized\"><img decoding=\"async\" src=\"https:\/\/www.lycee-valin.fr\/RJVALIN\/wp-content\/uploads\/2022\/09\/2400421880_10c2610d5e.jpg\" alt=\"\" class=\"wp-image-2659\" width=\"99\" height=\"62\" srcset=\"https:\/\/www.lycee-valin.fr\/RJVALIN\/wp-content\/uploads\/2022\/09\/2400421880_10c2610d5e.jpg 500w, https:\/\/www.lycee-valin.fr\/RJVALIN\/wp-content\/uploads\/2022\/09\/2400421880_10c2610d5e-300x188.jpg 300w\" sizes=\"(max-width: 99px) 100vw, 99px\" \/><\/figure>\n\n\n\n<p>Das <strong>Lyc\u00e9e Valin<\/strong> liegt in der N\u00e4he des Bahnhofs und der Altstadt von La Rochelle, unweit des Stadtviertels Villeneuve-les-Salines. 1600 Sch\u00fcler und Studenten, auf 52 Klassen verteilt, besuchen das Gymnasium mit seinem gro\u00dfz\u00fcgigen, ger\u00e4umigen und freundlichen Umfeld, das zum Lernen einl\u00e4dt.<\/p>\n\n\n\n<p>Innerhalb des \u00f6ffentlichen Bildungswesens bietet es eine gro\u00dfe Spannbreite an verschiedenen Bildungswegen, unter denen die Sch\u00fcler w\u00e4hlen k\u00f6nnen:<\/p>\n\n\n\n<ul class=\"wp-block-list\">\n<li>einen allgemeinen Bildungsweg mit 10 verschiedenen Leistungskursen, um mit der <strong>Allgemeinen Hochschulreife<\/strong> abzuschlie\u00dfen.<\/li>\n\n\n\n<li>verschiedene <strong>Wahlf\u00e4cher mit dem Schwerpunkt Bildende Kunst und Theater<\/strong>, mit denen die Sch\u00fcler w\u00e4hrend ihrer Schulzeit sich eine gr\u00f6\u00dfere Allgemeinbildung zulegen und ihre Kreativit\u00e4t ausbauen k\u00f6nnen.<\/li>\n\n\n\n<li>einen technologischen Zweig mit zwei Wahlm\u00f6glichkeiten:\n<ul class=\"wp-block-list\">\n<li>eine, die auf ein <strong>naturwissenschaftlich technologisches Abitur im Bereich Gesundheit und Soziales<\/strong> vorbereitet, das f\u00fcr Sch\u00fcler geeignet ist, die sich im Sozial- und Gesundheitsbereich fortentwickeln wollen.<\/li>\n\n\n\n<li>und eine, die auf ein <strong>natur<\/strong><strong>wissenschaftlich technologisches Abitur<\/strong> <strong>im Bereich Laborwesen<\/strong> vorbereitet, das sich an Sch\u00fcler wendet, die sich f\u00fcr Biologie interessieren und daf\u00fcr ein gro\u00dfes naturwissenschaftliches Wissen erwerben m\u00f6chten.<\/li>\n<\/ul>\n<\/li>\n\n\n\n<li>ein <strong>h\u00f6heres Fachdiplom <\/strong><strong>(BTS)<\/strong> im Bereich Bioanalyse und Kontrollen.<\/li>\n\n\n\n<li><strong>eine Vorbereitungsklasse (Classe pr\u00e9paratoire)<\/strong>, die auf die Aufnahme zum Hochschulstudium der Bildenden K\u00fcnste vorbereitet (CPES-CAAP).<\/li>\n<\/ul>\n\n\n\n<p><\/p>\n\n\n\n<p><\/p>\n\n\n\n<figure class=\"wp-block-image size-full is-resized\"><img decoding=\"async\" src=\"https:\/\/www.lycee-valin.fr\/RJVALIN\/wp-content\/uploads\/2022\/08\/1009498-Drapeau_du_Royaume-Uni_de_Grande-Bretagne_et_dIrlande_du_Nord.jpg\" alt=\"\" class=\"wp-image-1887\" width=\"95\" height=\"48\" srcset=\"https:\/\/www.lycee-valin.fr\/RJVALIN\/wp-content\/uploads\/2022\/08\/1009498-Drapeau_du_Royaume-Uni_de_Grande-Bretagne_et_dIrlande_du_Nord.jpg 600w, https:\/\/www.lycee-valin.fr\/RJVALIN\/wp-content\/uploads\/2022\/08\/1009498-Drapeau_du_Royaume-Uni_de_Grande-Bretagne_et_dIrlande_du_Nord-300x150.jpg 300w\" sizes=\"(max-width: 95px) 100vw, 95px\" \/><\/figure>\n\n\n\n<p>In close proximity to La Rochelle town centre and train station, and just next to the neighbourhood of Villeneuve-les-Salines, <strong>Ren\u00e9-Josu\u00e9 VALIN high school<\/strong> welcomes 1600 pupils and further education students divided between 52 classgroups. The school campus is spacious, welcoming, and conducive to studying.<\/p>\n\n\n\n<p>As part of the <strong>state education system<\/strong>, the school offers pupils and students a wide range of courses, which include&nbsp;:<\/p>\n\n\n\n<ul class=\"wp-block-list\">\n<li><strong>A <\/strong><strong>General Education programme, <\/strong>&nbsp;leading to the French Baccalaur\u00e9at, with a choice of 10 specialist subjects.<\/li>\n\n\n\n<li><strong>Arts-based options<\/strong> in <strong>P<\/strong><strong>lastic <\/strong><strong>A<\/strong><strong>rts<\/strong> and <strong>Drama, <\/strong>enabling pupils to develop their creativity and enhance their general knowledge of the arts and culture.<\/li>\n\n\n\n<li><strong>A technological programme<\/strong>&nbsp;with two different options:\n<ul class=\"wp-block-list\">\n<li>A <strong>Health and Social <\/strong><strong>S<\/strong><strong>ciences<\/strong> Baccalaur\u00e9at (<em>STS<\/em>) for pupils who wish to work in social services, in paramedical careers, or in nursing.<\/li>\n\n\n\n<li>A <strong>Laboratory Science<\/strong> Baccalaur\u00e9at (<em>STL<\/em>) for pupils interested in biology and hands-on lab work, and who wish to gain a solid scientific grounding.<\/li>\n<\/ul>\n<\/li>\n<\/ul>\n\n\n\n<p>FURTHER EDUCATION COURSES<\/p>\n\n\n\n<ul class=\"wp-block-list\">\n<li>A <strong>BTEC Higher National Diploma<\/strong> (<em>BTS<\/em>) in bioanalysis and quality control.<\/li>\n\n\n\n<li><strong>A <\/strong><strong>one<\/strong><strong>-year<\/strong><strong> Art School preparatory course <\/strong><strong>(CPES-ARTS)<\/strong><strong> <\/strong><strong>for students wishing to sit <\/strong><strong>selective<\/strong><strong> <\/strong><strong>art school <\/strong><strong>entrance exams<\/strong><strong>.<\/strong><\/li>\n<\/ul>\n\n\n\n<p><\/p>\n\n\n\n<figure class=\"wp-block-image size-large is-resized\"><img decoding=\"async\" src=\"https:\/\/upload.wikimedia.org\/wikipedia\/commons\/thumb\/3\/32\/Flag_of_Spain_(Civil).svg\/200px-Flag_of_Spain_(Civil).svg.png\" alt=\"\" width=\"98\" height=\"65\"\/><\/figure>\n\n\n\n<p>Situado cerca de la estaci\u00f3n de trenes de La Rochelle y del centro de la ciudad, al lado del barrio de Villeneuve-les-Salines, el Instituto <strong>Ren\u00e9-Josu\u00e9 VALIN <\/strong>acoge a 1600 alumnos y estudiantes, repartidos en 52 grupos en un ambiente estudioso y acogedor.<\/p>\n\n\n\n<p>El instituto es un establecimiento escolar p\u00fablico que ofrece muchas formaciones que permiten a los estudiantes seguir diferentes caminos hacia el \u00e9xito:<\/p>\n\n\n\n<p>\u2022 Una formaci\u00f3n general de preparaci\u00f3n para el bachillerato general con una oferta de 10 especialidades<\/p>\n\n\n\n<p>\u2022 Opciones art\u00edsticas en torno a las artes visuales y el teatro para adquirir en la escuela secundaria una cultura general rica y desarrollar la creatividad<\/p>\n\n\n\n<p>\u2022 Una formaci\u00f3n tecnol\u00f3gica con dos opciones:<\/p>\n\n\n\n<p>\u25e6 Una preparaci\u00f3n para el Bachillerato de Ciencias y Tecnolog\u00edas de la Salud y de lo Social (ST2S) para estudiantes que desean evolucionar en el \u00e1mbito social y param\u00e9dico.<\/p>\n\n\n\n<p>\u25e6 Otra opci\u00f3n que prepara a los estudiantes para el Bachillerato en Ciencias y Tecnolog\u00edas de Laboratorio (STL), para los alumnos que tienen gusto por la biolog\u00eda y que desean adquirir una s\u00f3lida formaci\u00f3n cient\u00edfica.<\/p>\n\n\n\n<p>\u2022 Un BTS de bioan\u00e1lisis y controles<\/p>\n\n\n\n<p>\u2022 Una clase preparatoria para la educaci\u00f3n superior en artes visuales (CPES-CAAP)<\/p>\n\n\n\n<p><\/p>\n\n\n\n<figure class=\"wp-block-image size-large is-resized\"><img loading=\"lazy\" decoding=\"async\" src=\"https:\/\/upload.wikimedia.org\/wikipedia\/commons\/thumb\/5\/5c\/Flag_of_Portugal.svg\/1200px-Flag_of_Portugal.svg.png\" alt=\"\" width=\"101\" height=\"67\"\/><\/figure>\n\n\n\n<p>Localizada perto da esta\u00e7\u00e3o ferrovi\u00e1ria de La Rochelle e do seu centro, nas portas de entrada do bairro Villeneuve-les-Salines, a escola secund\u00e1ria <strong>Ren\u00e9-Josu\u00e9 VALIN<\/strong> acolhe <strong>1.600 alunos e estudantes<\/strong>, divididos em <strong>52 divis\u00f5es<\/strong> (classes) em um ambiente espa\u00e7oso, estudioso e acolhedor.<\/p>\n\n\n\n<p>No seio do servi\u00e7o <strong>p\u00fablico de Educa\u00e7\u00e3o<\/strong>, a escola oferece uma vasta gama de forma\u00e7\u00f5es que permite aos estudantes seguirem percursos diversificados de sucesso:<\/p>\n\n\n\n<ul class=\"wp-block-list\">\n<li>Uma <strong>filial geral<\/strong> preparando para o diploma geral do ensino secund\u00e1rio com uma escolha de 10 especialidades<\/li>\n\n\n\n<li><strong>Op\u00e7\u00f5es art\u00edsticas <\/strong>em torno das <strong>artes pl\u00e1sticas<\/strong> e do <strong>teatro<\/strong> para construir ao longo do curso secund\u00e1rio uma cultura geral rica e desenvolver sua criatividade.<\/li>\n\n\n\n<li>Uma <strong>filial tecnol\u00f3gica <\/strong>com duas op\u00e7\u00f5es:<\/li>\n<\/ul>\n\n\n\n<ul class=\"wp-block-list\">\n<li>uma preparando para o diploma em <strong>ci\u00eancias e tecnologia da sa\u00fade e do social (ST2S)<\/strong> para estudantes que desejem evoluir nos setores social e param\u00e9dico.<\/li>\n\n\n\n<li>a outra preparando os estudantes para o diploma em <strong>ci\u00eancias e tecnologia laboratorial<\/strong> <strong>(STL)<\/strong>, que se destina aos estudantes que t\u00eam um forte interesse em biologia e que desejam adquirir uma s\u00f3lida bagagem cient\u00edfica.<\/li>\n<\/ul>\n\n\n\n<ul class=\"wp-block-list\">\n<li>Uma <strong>BTS Bioan\u00e1lise e Controle<\/strong>.<\/li>\n\n\n\n<li>Uma <strong>Classe Preparat\u00f3ria para o ensino superior em Artes Pl\u00e1sticas (CPES-CAAP)<\/strong><\/li>\n<\/ul>\n\n\n\n<hr class=\"wp-block-separator has-alpha-channel-opacity\"\/>\n\n\n\n<p>Liens des articles li\u00e9s \u00e0 cette cat\u00e9gorie<\/p>\n\n\n<ul class=\"wp-block-latest-posts__list has-dates has-author wp-block-latest-posts\"><li><a class=\"wp-block-latest-posts__post-title\" href=\"https:\/\/www.lycee-valin.fr\/RJVALIN\/un-escape-game-et-un-quiz-pour-celebrer-leurope-malgre-le-vent\/\">Un Escape Game et un Quiz pour c\u00e9l\u00e9brer l\u2019Europe, malgr\u00e9 le vent !<\/a><div class=\"wp-block-latest-posts__post-author\">par heiko mueller<\/div><time datetime=\"2026-03-20T09:28:46+01:00\" class=\"wp-block-latest-posts__post-date\">20 mars 2026<\/time><\/li>\n<li><a class=\"wp-block-latest-posts__post-title\" href=\"https:\/\/www.lycee-valin.fr\/RJVALIN\/visite-professionnelle-a-lanae-pour-nos-etudiant%c2%b7e%c2%b7s-du-bts-bioanalyses-en-laboratoire-de-controle\/\">Visite professionnelle \u00e0 LANAE pour nos \u00e9tudiant\u00b7e\u00b7s du BTS Bioanalyses en Laboratoire de Contr\u00f4le !<\/a><div class=\"wp-block-latest-posts__post-author\">par WILFRID GROSSIN<\/div><time datetime=\"2025-12-02T14:59:29+01:00\" class=\"wp-block-latest-posts__post-date\">2 d\u00e9cembre 2025<\/time><\/li>\n<li><a class=\"wp-block-latest-posts__post-title\" href=\"https:\/\/www.lycee-valin.fr\/RJVALIN\/de-la-stabulation-a-la-paillasse-une-nouvelle-collecte-de-lait-pour-les-etudiants-du-bts-bioalc1\/\">De la stabulation \u00e0 la paillasse : une nouvelle collecte de lait pour les \u00e9tudiants du BTS BioALC1<\/a><div class=\"wp-block-latest-posts__post-author\">par JULES GUITTARD<\/div><time datetime=\"2025-11-26T17:17:39+01:00\" class=\"wp-block-latest-posts__post-date\">26 novembre 2025<\/time><\/li>\n<li><a class=\"wp-block-latest-posts__post-title\" href=\"https:\/\/www.lycee-valin.fr\/RJVALIN\/%f0%9f%92%8a-partenariat-ecole-entreprise-rencontre-avec-allis-na-au-lycee-valin\/\">\ud83d\udc8a Partenariat \u00c9cole-Entreprise : rencontre avec ALLIS-NA au lyc\u00e9e Valin<\/a><div class=\"wp-block-latest-posts__post-author\">par WILFRID GROSSIN<\/div><time datetime=\"2025-11-07T10:33:21+01:00\" class=\"wp-block-latest-posts__post-date\">7 novembre 2025<\/time><\/li>\n<li><a class=\"wp-block-latest-posts__post-title\" href=\"https:\/\/www.lycee-valin.fr\/RJVALIN\/immersion-au-coeur-de-lartisanat-cosmetique-avec-latelier-maloa\/\">Immersion au c\u0153ur de l\u2019artisanat cosm\u00e9tique avec l\u2019Atelier Maloa<\/a><div class=\"wp-block-latest-posts__post-author\">par Christelle hardouineau<\/div><time datetime=\"2025-05-07T21:39:44+02:00\" class=\"wp-block-latest-posts__post-date\">7 mai 2025<\/time><\/li>\n<\/ul>\n\n<form role=\"search\" method=\"get\" action=\"https:\/\/www.lycee-valin.fr\/RJVALIN\/\" class=\"wp-block-search__button-outside wp-block-search__icon-button wp-block-search\"    ><label class=\"wp-block-search__label\" for=\"wp-block-search__input-1\" >Rechercher un autre article<\/label><div class=\"wp-block-search__inside-wrapper\" ><input class=\"wp-block-search__input\" id=\"wp-block-search__input-1\" placeholder=\"\" value=\"\" type=\"search\" name=\"s\" required \/><button aria-label=\"Rechercher\" class=\"wp-block-search__button has-icon wp-element-button\" type=\"submit\" ><svg class=\"search-icon\" viewBox=\"0 0 24 24\" width=\"24\" height=\"24\">\n\t\t\t\t\t<path d=\"M13 5c-3.3 0-6 2.7-6 6 0 1.4.5 2.7 1.3 3.7l-3.8 3.8 1.1 1.1 3.8-3.8c1 .8 2.3 1.3 3.7 1.3 3.3 0 6-2.7 6-6S16.3 5 13 5zm0 10.5c-2.5 0-4.5-2-4.5-4.5s2-4.5 4.5-4.5 4.5 2 4.5 4.5-2 4.5-4.5 4.5z\"><\/path>\n\t\t\t\t<\/svg><\/button><\/div><\/form><div class='watch-action'><div class='watch-position align-left'><div class='action-like'><a class='lbg-style3 like-2628 jlk' href='javascript:void(0)' data-task='like' data-post_id='2628' data-nonce='c92f237723' rel='nofollow'><img class='wti-pixel' src='https:\/\/www.lycee-valin.fr\/RJVALIN\/wp-content\/plugins\/wti-like-post\/images\/pixel.gif' title='j&#039;aime' \/><span class='lc-2628 lc'>0<\/span><\/a><\/div><\/div> <div class='status-2628 status align-left'><\/div><\/div><div class='wti-clear'><\/div>","protected":false},"excerpt":{"rendered":"<p>Un des exemples pour les possibilit\u00e9s de faire un \u00e9change \u00e0 Valin &#8211; t\u00e9moignage de Agathe et de Safia Pr\u00e9sentation du lyc\u00e9e Valin Situ\u00e9 \u00e0 proximit\u00e9 de la gare de La Rochelle et de son <a class=\"more-link\" href=\"https:\/\/www.lycee-valin.fr\/RJVALIN\/ouverture-europeenne-et-internationale\/\">Lire plus &#8230;<\/a><\/p>\n","protected":false},"author":1,"featured_media":0,"parent":0,"menu_order":0,"comment_status":"closed","ping_status":"closed","template":"","meta":{"footnotes":""},"class_list":["post-2628","page","type-page","status-publish","hentry"],"_links":{"self":[{"href":"https:\/\/www.lycee-valin.fr\/RJVALIN\/wp-json\/wp\/v2\/pages\/2628","targetHints":{"allow":["GET"]}}],"collection":[{"href":"https:\/\/www.lycee-valin.fr\/RJVALIN\/wp-json\/wp\/v2\/pages"}],"about":[{"href":"https:\/\/www.lycee-valin.fr\/RJVALIN\/wp-json\/wp\/v2\/types\/page"}],"author":[{"embeddable":true,"href":"https:\/\/www.lycee-valin.fr\/RJVALIN\/wp-json\/wp\/v2\/users\/1"}],"replies":[{"embeddable":true,"href":"https:\/\/www.lycee-valin.fr\/RJVALIN\/wp-json\/wp\/v2\/comments?post=2628"}],"version-history":[{"count":8,"href":"https:\/\/www.lycee-valin.fr\/RJVALIN\/wp-json\/wp\/v2\/pages\/2628\/revisions"}],"predecessor-version":[{"id":4996,"href":"https:\/\/www.lycee-valin.fr\/RJVALIN\/wp-json\/wp\/v2\/pages\/2628\/revisions\/4996"}],"wp:attachment":[{"href":"https:\/\/www.lycee-valin.fr\/RJVALIN\/wp-json\/wp\/v2\/media?parent=2628"}],"curies":[{"name":"wp","href":"https:\/\/api.w.org\/{rel}","templated":true}]}}