{"id":207,"date":"2022-05-25T13:43:38","date_gmt":"2022-05-25T11:43:38","guid":{"rendered":"https:\/\/www.lycee-valin.fr\/RJVALIN\/?page_id=207"},"modified":"2023-07-15T06:05:02","modified_gmt":"2023-07-15T04:05:02","slug":"llce-anglais-langue-litterature-et-civilisation-etrangere","status":"publish","type":"page","link":"https:\/\/www.lycee-valin.fr\/RJVALIN\/llce-anglais-langue-litterature-et-civilisation-etrangere\/","title":{"rendered":"LLCE- Anglais (Langue Litt\u00e9rature et Civilisation \u00e9trang\u00e8re)"},"content":{"rendered":"\n<hr class=\"wp-block-separator has-alpha-channel-opacity\"\/>\n\n\n\n<iframe width=\"1260\" height=\"630\" src=\"https:\/\/www.youtube-nocookie.com\/embed\/C9UGTJ925IQ\" title=\"YouTube video player\" frameborder=\"0\" allow=\"accelerometer; autoplay; clipboard-write; encrypted-media; gyroscope; picture-in-picture; web-share\" allowfullscreen><\/iframe>\n\n\n\n<hr class=\"wp-block-separator has-alpha-channel-opacity\"\/>\n\n\n\n<p>Liens des articles li\u00e9s \u00e0 cette cat\u00e9gorie<\/p>\n\n\n<ul class=\"wp-block-latest-posts__list has-dates has-author wp-block-latest-posts\"><li><a class=\"wp-block-latest-posts__post-title\" href=\"https:\/\/www.lycee-valin.fr\/RJVALIN\/echange-franco-americain-au-lycee-valin\/\">\u00c9change franco-am\u00e9ricain au lyc\u00e9e Valin<\/a><div class=\"wp-block-latest-posts__post-author\">par admin<\/div><time datetime=\"2023-06-29T02:09:00+02:00\" class=\"wp-block-latest-posts__post-date\">29 juin 2023<\/time><\/li>\n<li><a class=\"wp-block-latest-posts__post-title\" href=\"https:\/\/www.lycee-valin.fr\/RJVALIN\/rencontre-joute-de-traduction-en-presence-de-lautrice-britannique-jeni-whittaker-avec-des-eleves-de-terminales-generales\/\">Rencontre &#8220;Joute de traduction&#8221; en pr\u00e9sence de l\u2019autrice britannique Jeni Whittaker avec des \u00e9l\u00e8ves de Terminale en anglais<\/a><div class=\"wp-block-latest-posts__post-author\">par WILFRID GROSSIN<\/div><time datetime=\"2023-06-11T13:42:40+02:00\" class=\"wp-block-latest-posts__post-date\">11 juin 2023<\/time><\/li>\n<li><a class=\"wp-block-latest-posts__post-title\" href=\"https:\/\/www.lycee-valin.fr\/RJVALIN\/les-euros-anglais-a-londres\/\">Les euros anglais \u00e0 Londres<\/a><div class=\"wp-block-latest-posts__post-author\">par Jocelyne Le-Foll<\/div><time datetime=\"2023-01-23T17:30:03+01:00\" class=\"wp-block-latest-posts__post-date\">23 janvier 2023<\/time><\/li>\n<li><a class=\"wp-block-latest-posts__post-title\" href=\"https:\/\/www.lycee-valin.fr\/RJVALIN\/langlais-en-classe-de-seconde-au-lycee-valin\/\">L&#8217;anglais en classe de Seconde au Lyc\u00e9e Valin.<\/a><div class=\"wp-block-latest-posts__post-author\">par Mairead Fraire<\/div><time datetime=\"2022-11-24T15:13:59+01:00\" class=\"wp-block-latest-posts__post-date\">24 novembre 2022<\/time><\/li>\n<li><a class=\"wp-block-latest-posts__post-title\" href=\"https:\/\/www.lycee-valin.fr\/RJVALIN\/job-fair\/\">JOB FAIR<\/a><div class=\"wp-block-latest-posts__post-author\">par Alexandre Alder<\/div><time datetime=\"2022-11-23T20:35:07+01:00\" class=\"wp-block-latest-posts__post-date\">23 novembre 2022<\/time><\/li>\n<\/ul>\n\n<form role=\"search\" method=\"get\" action=\"https:\/\/www.lycee-valin.fr\/RJVALIN\/\" class=\"wp-block-search__button-outside wp-block-search__icon-button wp-block-search\"    ><label class=\"wp-block-search__label\" for=\"wp-block-search__input-1\" >Rechercher un autre article<\/label><div class=\"wp-block-search__inside-wrapper\" ><input class=\"wp-block-search__input\" id=\"wp-block-search__input-1\" placeholder=\"\" value=\"\" type=\"search\" name=\"s\" required \/><button aria-label=\"Rechercher\" class=\"wp-block-search__button has-icon wp-element-button\" type=\"submit\" ><svg class=\"search-icon\" viewBox=\"0 0 24 24\" width=\"24\" height=\"24\">\n\t\t\t\t\t<path d=\"M13 5c-3.3 0-6 2.7-6 6 0 1.4.5 2.7 1.3 3.7l-3.8 3.8 1.1 1.1 3.8-3.8c1 .8 2.3 1.3 3.7 1.3 3.3 0 6-2.7 6-6S16.3 5 13 5zm0 10.5c-2.5 0-4.5-2-4.5-4.5s2-4.5 4.5-4.5 4.5 2 4.5 4.5-2 4.5-4.5 4.5z\"><\/path>\n\t\t\t\t<\/svg><\/button><\/div><\/form><div class='watch-action'><div class='watch-position align-left'><div class='action-like'><a class='lbg-style3 like-207 jlk' href='javascript:void(0)' data-task='like' data-post_id='207' data-nonce='1c67a37790' rel='nofollow'><img class='wti-pixel' src='https:\/\/www.lycee-valin.fr\/RJVALIN\/wp-content\/plugins\/wti-like-post\/images\/pixel.gif' title='j&#039;aime' \/><span class='lc-207 lc'>0<\/span><\/a><\/div><\/div> <div class='status-207 status align-left'><\/div><\/div><div class='wti-clear'><\/div>","protected":false},"excerpt":{"rendered":"<p>Liens des articles li\u00e9s \u00e0 cette cat\u00e9gorie 0<\/p>\n","protected":false},"author":5,"featured_media":0,"parent":0,"menu_order":0,"comment_status":"closed","ping_status":"closed","template":"","meta":{"footnotes":""},"class_list":["post-207","page","type-page","status-publish","hentry"],"_links":{"self":[{"href":"https:\/\/www.lycee-valin.fr\/RJVALIN\/wp-json\/wp\/v2\/pages\/207","targetHints":{"allow":["GET"]}}],"collection":[{"href":"https:\/\/www.lycee-valin.fr\/RJVALIN\/wp-json\/wp\/v2\/pages"}],"about":[{"href":"https:\/\/www.lycee-valin.fr\/RJVALIN\/wp-json\/wp\/v2\/types\/page"}],"author":[{"embeddable":true,"href":"https:\/\/www.lycee-valin.fr\/RJVALIN\/wp-json\/wp\/v2\/users\/5"}],"replies":[{"embeddable":true,"href":"https:\/\/www.lycee-valin.fr\/RJVALIN\/wp-json\/wp\/v2\/comments?post=207"}],"version-history":[{"count":4,"href":"https:\/\/www.lycee-valin.fr\/RJVALIN\/wp-json\/wp\/v2\/pages\/207\/revisions"}],"predecessor-version":[{"id":4989,"href":"https:\/\/www.lycee-valin.fr\/RJVALIN\/wp-json\/wp\/v2\/pages\/207\/revisions\/4989"}],"wp:attachment":[{"href":"https:\/\/www.lycee-valin.fr\/RJVALIN\/wp-json\/wp\/v2\/media?parent=207"}],"curies":[{"name":"wp","href":"https:\/\/api.w.org\/{rel}","templated":true}]}}