{"id":1976,"date":"2022-11-24T09:12:19","date_gmt":"2022-11-24T08:12:19","guid":{"rendered":"https:\/\/meteo.lycee-valin.fr\/?page_id=1976"},"modified":"2026-04-02T11:08:17","modified_gmt":"2026-04-02T09:08:17","slug":"section-europeenne-anglais","status":"publish","type":"page","link":"https:\/\/www.lycee-valin.fr\/RJVALIN\/section-europeenne-anglais\/","title":{"rendered":"Section europ\u00e9enne anglais"},"content":{"rendered":"<div class=\"wp-block-image\">\n<figure class=\"aligncenter size-medium\"><img fetchpriority=\"high\" decoding=\"async\" width=\"300\" height=\"168\" src=\"https:\/\/www.lycee-valin.fr\/RJVALIN\/wp-content\/uploads\/2024\/05\/gg-300x168.jpg\" alt=\"\" class=\"wp-image-5990\" srcset=\"https:\/\/www.lycee-valin.fr\/RJVALIN\/wp-content\/uploads\/2024\/05\/gg-300x168.jpg 300w, https:\/\/www.lycee-valin.fr\/RJVALIN\/wp-content\/uploads\/2024\/05\/gg-400x225.jpg 400w, https:\/\/www.lycee-valin.fr\/RJVALIN\/wp-content\/uploads\/2024\/05\/gg.jpg 586w\" sizes=\"(max-width: 300px) 100vw, 300px\" \/><\/figure>\n<\/div>\n\n\n<h2 class=\"wp-block-heading\"><strong>Pr\u00e9sentation<\/strong><\/h2>\n\n\n\n<p>Int\u00e9grer la section europ\u00e9enne anglais, du lyc\u00e9e Valin, est une opportunit\u00e9 exceptionnelle pour les \u00e9l\u00e8ves passionn\u00e9s par la langue anglaise, et int\u00e9ress\u00e9s par une immersion approfondie dans la culture anglophone. Dans cette section, les \u00e9l\u00e8ves peuvent non seulement perfectionner leurs comp\u00e9tences linguistiques, mais aussi enrichir leur connaissances du monde anglo-saxon.<\/p>\n\n\n\n<p>La Section europ\u00e9enne est con\u00e7ue pour les \u00e9l\u00e8ves dynamiques et motiv\u00e9s, ayant d\u00e9j\u00e0 un niveau solide en anglais leur permettant de s&#8217;exprimer avec aisance.<\/p>\n\n\n\n<h2 class=\"wp-block-heading\"><strong>Contenu de l\u2019option<\/strong><\/h2>\n\n\n\n<p>En plus de suivre les cours r\u00e9guliers de leur classe, les \u00e9l\u00e8ves de la section europ\u00e9enne b\u00e9n\u00e9ficient&nbsp;:<\/p>\n\n\n\n<ul class=\"wp-block-list\">\n<li>D&#8217;un enseignement en anglais dans une discipline non linguistique (DNL), ajout\u00e9 \u00e0 leur emploi du temps en 2nde, 1\u00e8re et Terminale. Au lyc\u00e9e Valin, les DNL sont l&#8217;histoire-g\u00e9ographie (rentr\u00e9e ann\u00e9e paire) et l\u2019enseignement scientifique (ann\u00e9e impaire). Cela requiert que les \u00e9l\u00e8ves aient un int\u00e9r\u00eat pour la discipline qu\u2019ils suivront 3 ans et acceptent un emploi du temps plus charg\u00e9 et exigeant.<\/li>\n<\/ul>\n\n\n\n<ul class=\"wp-block-list\">\n<li>D\u2019une heure suppl\u00e9mentaire de cours d&#8217;anglais par semaine tout au long de leurs 3 ann\u00e9es de lyc\u00e9e. Le contenu du travail est similaire \u00e0 celui des \u00e9l\u00e8ves qui ne sont pas en section euro, mais le rythme est plus soutenu, mettant davantage l&#8217;accent sur l&#8217;oral.<\/li>\n<\/ul>\n\n\n\n<ul class=\"wp-block-list\">\n<li>Pour obtenir la mention europ\u00e9enne au Baccalaur\u00e9at, il est obligatoire de r\u00e9ussir l&#8217;\u00e9preuve orale de DNL (obtenir au moins 10\/20) et d\u2019avoir une moyenne annuelle au moins \u00e9gale \u00e0 12\/20 en anglais de tronc commun.<\/li>\n<\/ul>\n\n\n\n<h2 class=\"wp-block-heading\"><strong>Voyage p\u00e9dagogique<\/strong><\/h2>\n\n\n\n<p>En classe de premi\u00e8re, il est propos\u00e9 aux \u00e9l\u00e8ves un voyage p\u00e9dagogique, en lien avec les programmes, au Royaume-Uni. Ils sont h\u00e9berg\u00e9s dans des familles h\u00f4tes et participent \u00e0 des visites et activit\u00e9s dans la journ\u00e9e. Ce s\u00e9jour permet de d\u00e9velopper leurs qualit\u00e9s linguistiques et de d\u00e9couvrir le mode de vie britannique.<\/p>\n\n\n\n<p><\/p>\n\n\n\n<p><\/p>\n\n\n\n<h2 class=\"wp-block-heading\"><strong>Conditions d&#8217;admission<\/strong><\/h2>\n\n\n\n<p>Les \u00e9l\u00e8ves de 3\u00e8me devront fournir un dossier de candidature. Pour les \u00e9l\u00e8ves issus d\u2019une section europ\u00e9enne de coll\u00e8ge, l\u2019admission n\u2019est pas \u00ab de droit \u00bb (circulaire de rentr\u00e9e BO n\u00b03 du 20\/01\/2000), ils doivent donc aussi candidater.<\/p>\n\n\n\n<p>Le dossier \u00e0 compl\u00e9ter s\u2019obtient aupr\u00e8s des secr\u00e9tariats de scolarit\u00e9 de coll\u00e8ge. Il faut les renvoyer avant la fin du mois de mai. La commission de s\u00e9lection se r\u00e9unit d\u00e9but juin. Une liste principale de 35 \u00e9l\u00e8ves est alors constitu\u00e9e, s\u2019y ajoutent 3 \u00e9l\u00e8ves en liste d\u2019attente.<\/p>\n\n\n\n<p><mark>La section euro n\u2019est pas d\u00e9rogatoire<\/mark> pour venir suivre ses \u00e9tudes au lyc\u00e9e Valin.<\/p>\n\n\n\n<hr class=\"wp-block-separator has-alpha-channel-opacity\"\/>\n\n\n\n<div data-wp-interactive=\"core\/file\" class=\"wp-block-file\"><object data-wp-bind--hidden=\"!state.hasPdfPreview\" hidden class=\"wp-block-file__embed\" data=\"https:\/\/www.lycee-valin.fr\/RJVALIN\/wp-content\/uploads\/2026\/04\/03a_Fiche_Candidature_2GT_section_europeenne_R2026-1-1.pdf\" type=\"application\/pdf\" style=\"width:100%;height:600px\" aria-label=\"Contenu embarqu\u00e9 03a_Fiche_Candidature_2GT_section_europeenne_R2026-1.\"><\/object><a id=\"wp-block-file--media-49594140-f228-4714-9407-03a43d42e1a7\" href=\"https:\/\/www.lycee-valin.fr\/RJVALIN\/wp-content\/uploads\/2026\/04\/03a_Fiche_Candidature_2GT_section_europeenne_R2026-1-1.pdf\">03a_Fiche_Candidature_2GT_section_europeenne_R2026-1<\/a><a href=\"https:\/\/www.lycee-valin.fr\/RJVALIN\/wp-content\/uploads\/2026\/04\/03a_Fiche_Candidature_2GT_section_europeenne_R2026-1-1.pdf\" class=\"wp-block-file__button wp-element-button\" download aria-describedby=\"wp-block-file--media-49594140-f228-4714-9407-03a43d42e1a7\">T\u00e9l\u00e9charger<\/a><\/div>\n\n\n\n<p>Liens des articles li\u00e9s \u00e0 cette cat\u00e9gorie<\/p>\n\n\n<ul class=\"wp-block-latest-posts__list has-dates has-author wp-block-latest-posts\"><li><a class=\"wp-block-latest-posts__post-title\" href=\"https:\/\/www.lycee-valin.fr\/RJVALIN\/les-euros-anglais-a-londres\/\">Les euros anglais \u00e0 Londres<\/a><div class=\"wp-block-latest-posts__post-author\">par Jocelyne Le-Foll<\/div><time datetime=\"2023-01-23T17:30:03+01:00\" class=\"wp-block-latest-posts__post-date\">23 janvier 2023<\/time><\/li>\n<li><a class=\"wp-block-latest-posts__post-title\" href=\"https:\/\/www.lycee-valin.fr\/RJVALIN\/premiere-edition-des-erasmus-days\/\">Premi\u00e8re Edition des ERASMUS DAYS<\/a><div class=\"wp-block-latest-posts__post-author\">par heiko mueller<\/div><time datetime=\"2022-10-11T19:25:07+02:00\" class=\"wp-block-latest-posts__post-date\">11 octobre 2022<\/time><\/li>\n<li><a class=\"wp-block-latest-posts__post-title\" href=\"https:\/\/www.lycee-valin.fr\/RJVALIN\/dnl-euro-anglais\/\">DNL Euro anglais<\/a><div class=\"wp-block-latest-posts__post-author\">par Jocelyne Le-Foll<\/div><time datetime=\"2022-08-31T14:26:28+02:00\" class=\"wp-block-latest-posts__post-date\">31 ao\u00fbt 2022<\/time><\/li>\n<\/ul>","protected":false},"excerpt":{"rendered":"<p>Pr\u00e9sentation Int\u00e9grer la section europ\u00e9enne anglais, du lyc\u00e9e Valin, est une opportunit\u00e9 exceptionnelle pour les \u00e9l\u00e8ves passionn\u00e9s par la langue anglaise, et int\u00e9ress\u00e9s par une immersion approfondie dans la culture anglophone. Dans cette section, les <a class=\"more-link\" href=\"https:\/\/www.lycee-valin.fr\/RJVALIN\/section-europeenne-anglais\/\">Lire plus &#8230;<\/a><\/p>\n","protected":false},"author":1,"featured_media":5990,"parent":0,"menu_order":0,"comment_status":"closed","ping_status":"closed","template":"","meta":{"footnotes":""},"class_list":["post-1976","page","type-page","status-publish","has-post-thumbnail","hentry"],"_links":{"self":[{"href":"https:\/\/www.lycee-valin.fr\/RJVALIN\/wp-json\/wp\/v2\/pages\/1976","targetHints":{"allow":["GET"]}}],"collection":[{"href":"https:\/\/www.lycee-valin.fr\/RJVALIN\/wp-json\/wp\/v2\/pages"}],"about":[{"href":"https:\/\/www.lycee-valin.fr\/RJVALIN\/wp-json\/wp\/v2\/types\/page"}],"author":[{"embeddable":true,"href":"https:\/\/www.lycee-valin.fr\/RJVALIN\/wp-json\/wp\/v2\/users\/1"}],"replies":[{"embeddable":true,"href":"https:\/\/www.lycee-valin.fr\/RJVALIN\/wp-json\/wp\/v2\/comments?post=1976"}],"version-history":[{"count":20,"href":"https:\/\/www.lycee-valin.fr\/RJVALIN\/wp-json\/wp\/v2\/pages\/1976\/revisions"}],"predecessor-version":[{"id":8733,"href":"https:\/\/www.lycee-valin.fr\/RJVALIN\/wp-json\/wp\/v2\/pages\/1976\/revisions\/8733"}],"wp:featuredmedia":[{"embeddable":true,"href":"https:\/\/www.lycee-valin.fr\/RJVALIN\/wp-json\/wp\/v2\/media\/5990"}],"wp:attachment":[{"href":"https:\/\/www.lycee-valin.fr\/RJVALIN\/wp-json\/wp\/v2\/media?parent=1976"}],"curies":[{"name":"wp","href":"https:\/\/api.w.org\/{rel}","templated":true}]}}