{"id":1937,"date":"2022-08-31T18:40:57","date_gmt":"2022-08-31T16:40:57","guid":{"rendered":"https:\/\/meteo.lycee-valin.fr\/?page_id=1937"},"modified":"2023-07-15T05:57:25","modified_gmt":"2023-07-15T03:57:25","slug":"sciences-economiques-et-sociales-2-2","status":"publish","type":"page","link":"https:\/\/www.lycee-valin.fr\/RJVALIN\/sciences-economiques-et-sociales-2-2\/","title":{"rendered":"Sciences \u00c9conomiques et Sociales"},"content":{"rendered":"\n<p class=\"has-yellow-background-color has-background has-normal-font-size\"><strong>Pour acc\u00e9der aux informations relatives \u00e0 la sp\u00e9cialit\u00e9 SES, cliquer sur l&#8217;image ci-dessous.<\/strong><\/p>\n\n\n\n<figure class=\"wp-block-image size-full is-resized\"><a href=\"https:\/\/padlet.com\/morichonmathieu\/les-sciences-conomiques-et-sociales-au-lyc-e-lyc-e-ren-josu--1kk1b5wewi4mo463\"><img fetchpriority=\"high\" decoding=\"async\" src=\"https:\/\/www.lycee-valin.fr\/RJVALIN\/wp-content\/uploads\/2023\/03\/Sans-titre.png\" alt=\"\" class=\"wp-image-4306\" width=\"859\" height=\"800\" srcset=\"https:\/\/www.lycee-valin.fr\/RJVALIN\/wp-content\/uploads\/2023\/03\/Sans-titre.png 973w, https:\/\/www.lycee-valin.fr\/RJVALIN\/wp-content\/uploads\/2023\/03\/Sans-titre-300x280.png 300w, https:\/\/www.lycee-valin.fr\/RJVALIN\/wp-content\/uploads\/2023\/03\/Sans-titre-768x716.png 768w\" sizes=\"(max-width: 859px) 100vw, 859px\" \/><\/a><\/figure>\n\n\n\n<hr class=\"wp-block-separator has-alpha-channel-opacity\"\/>\n\n\n\n<p>Liens des articles li\u00e9s \u00e0 cette cat\u00e9gorie<\/p>\n\n\n<ul class=\"wp-block-latest-posts__list has-dates has-author wp-block-latest-posts\"><li><a class=\"wp-block-latest-posts__post-title\" href=\"https:\/\/www.lycee-valin.fr\/RJVALIN\/valin-sous-haute-tension-serie-de-podcasr-des-s09\/\">Valin sous haute tension &#8211; S\u00e9rie de podcast des S09<\/a><div class=\"wp-block-latest-posts__post-author\">par Charlotte DAVID<\/div><time datetime=\"2025-09-22T12:08:13+02:00\" class=\"wp-block-latest-posts__post-date\">22 septembre 2025<\/time><\/li>\n<li><a class=\"wp-block-latest-posts__post-title\" href=\"https:\/\/www.lycee-valin.fr\/RJVALIN\/cycle-de-conferences-episode-4-rencontre-avec-monsieur-emmanuel-legay-journaliste-et-chef-du-service-societe-et-sports-a-france-televisions\/\">Cycle de conf\u00e9rences, \u00e9pisode 4 : rencontre avec Monsieur Emmanuel Legay, journaliste et chef du service \u00ab\u00a0soci\u00e9t\u00e9 et sports\u00a0\u00bb \u00e0 France T\u00e9l\u00e9visions.<\/a><div class=\"wp-block-latest-posts__post-author\">par admin<\/div><time datetime=\"2023-06-18T14:51:52+02:00\" class=\"wp-block-latest-posts__post-date\">18 juin 2023<\/time><\/li>\n<li><a class=\"wp-block-latest-posts__post-title\" href=\"https:\/\/www.lycee-valin.fr\/RJVALIN\/cycle-de-conferences-episode-3-rencontre-avec-un-chercheur-en-sciences-politiques\/\">Cycle de conf\u00e9rences, \u00e9pisode 3 : rencontre avec un chercheur en sciences politiques<\/a><div class=\"wp-block-latest-posts__post-author\">par Thibault MACE<\/div><time datetime=\"2023-06-15T09:55:28+02:00\" class=\"wp-block-latest-posts__post-date\">15 juin 2023<\/time><\/li>\n<li><a class=\"wp-block-latest-posts__post-title\" href=\"https:\/\/www.lycee-valin.fr\/RJVALIN\/cycle-de-conferences-episode-2-rencontre-avec-un-chercheur-en-geopolitique\/\">Cycle de conf\u00e9rences, \u00e9pisode 2 : rencontre avec un chercheur en G\u00e9opolitique<\/a><div class=\"wp-block-latest-posts__post-author\">par Thibault MACE<\/div><time datetime=\"2023-06-15T09:52:12+02:00\" class=\"wp-block-latest-posts__post-date\">15 juin 2023<\/time><\/li>\n<\/ul>\n\n<form role=\"search\" method=\"get\" action=\"https:\/\/www.lycee-valin.fr\/RJVALIN\/\" class=\"wp-block-search__button-outside wp-block-search__icon-button wp-block-search\"    ><label class=\"wp-block-search__label\" for=\"wp-block-search__input-1\" >Rechercher un autre article<\/label><div class=\"wp-block-search__inside-wrapper\" ><input class=\"wp-block-search__input\" id=\"wp-block-search__input-1\" placeholder=\"\" value=\"\" type=\"search\" name=\"s\" required \/><button aria-label=\"Rechercher\" class=\"wp-block-search__button has-icon wp-element-button\" type=\"submit\" ><svg class=\"search-icon\" viewBox=\"0 0 24 24\" width=\"24\" height=\"24\">\n\t\t\t\t\t<path d=\"M13 5c-3.3 0-6 2.7-6 6 0 1.4.5 2.7 1.3 3.7l-3.8 3.8 1.1 1.1 3.8-3.8c1 .8 2.3 1.3 3.7 1.3 3.3 0 6-2.7 6-6S16.3 5 13 5zm0 10.5c-2.5 0-4.5-2-4.5-4.5s2-4.5 4.5-4.5 4.5 2 4.5 4.5-2 4.5-4.5 4.5z\"><\/path>\n\t\t\t\t<\/svg><\/button><\/div><\/form><div class='watch-action'><div class='watch-position align-left'><div class='action-like'><a class='lbg-style3 like-1937 jlk' href='javascript:void(0)' data-task='like' data-post_id='1937' data-nonce='6f2f86f822' rel='nofollow'><img class='wti-pixel' src='https:\/\/www.lycee-valin.fr\/RJVALIN\/wp-content\/plugins\/wti-like-post\/images\/pixel.gif' title='j&#039;aime' \/><span class='lc-1937 lc'>0<\/span><\/a><\/div><\/div> <div class='status-1937 status align-left'><\/div><\/div><div class='wti-clear'><\/div>","protected":false},"excerpt":{"rendered":"<p>Pour acc\u00e9der aux informations relatives \u00e0 la sp\u00e9cialit\u00e9 SES, cliquer sur l&#8217;image ci-dessous. Liens des articles li\u00e9s \u00e0 cette cat\u00e9gorie 0<\/p>\n","protected":false},"author":1,"featured_media":0,"parent":0,"menu_order":0,"comment_status":"closed","ping_status":"closed","template":"","meta":{"footnotes":""},"class_list":["post-1937","page","type-page","status-publish","hentry"],"_links":{"self":[{"href":"https:\/\/www.lycee-valin.fr\/RJVALIN\/wp-json\/wp\/v2\/pages\/1937","targetHints":{"allow":["GET"]}}],"collection":[{"href":"https:\/\/www.lycee-valin.fr\/RJVALIN\/wp-json\/wp\/v2\/pages"}],"about":[{"href":"https:\/\/www.lycee-valin.fr\/RJVALIN\/wp-json\/wp\/v2\/types\/page"}],"author":[{"embeddable":true,"href":"https:\/\/www.lycee-valin.fr\/RJVALIN\/wp-json\/wp\/v2\/users\/1"}],"replies":[{"embeddable":true,"href":"https:\/\/www.lycee-valin.fr\/RJVALIN\/wp-json\/wp\/v2\/comments?post=1937"}],"version-history":[{"count":18,"href":"https:\/\/www.lycee-valin.fr\/RJVALIN\/wp-json\/wp\/v2\/pages\/1937\/revisions"}],"predecessor-version":[{"id":4982,"href":"https:\/\/www.lycee-valin.fr\/RJVALIN\/wp-json\/wp\/v2\/pages\/1937\/revisions\/4982"}],"wp:attachment":[{"href":"https:\/\/www.lycee-valin.fr\/RJVALIN\/wp-json\/wp\/v2\/media?parent=1937"}],"curies":[{"name":"wp","href":"https:\/\/api.w.org\/{rel}","templated":true}]}}