{"id":1821,"date":"2022-07-11T14:20:18","date_gmt":"2022-07-11T12:20:18","guid":{"rendered":"https:\/\/www.lycee-valin.fr\/RJVALIN\/?page_id=1821"},"modified":"2025-06-26T11:38:14","modified_gmt":"2025-06-26T09:38:14","slug":"prepa-sciences-po-valin","status":"publish","type":"page","link":"https:\/\/www.lycee-valin.fr\/RJVALIN\/prepa-sciences-po-valin\/","title":{"rendered":"Atelier IEP &#8211; Valin"},"content":{"rendered":"\n<p><\/p>\n\n\n\n<p><strong>Cursus Sciences Po \/ IEP<\/strong><\/p>\n\n\n\n<p>Les IEP, ou instituts d\u2019Etudes Politiques sont des centres de formation sup\u00e9rieurs en <strong>sciences humaines et sociales<\/strong>, visant \u00e0 donner aux \u00e9tudiant.e.s les cl\u00e9s d\u2019une meilleure compr\u00e9hension du monde contemporain et l\u2019envie d\u2019agir pour l\u2019int\u00e9r\u00eat g\u00e9n\u00e9ral. L\u2019enseignement dispens\u00e9 se caract\u00e9rise par une <strong>approche pluridisciplinaire <\/strong>(droit, sciences politiques, histoire, \u00e9conomie, g\u00e9ographie, sociologie, langues\u2026) et par son <strong>ouverture \u00e0 l\u2019international<\/strong>.<\/p>\n\n\n\n<p><strong>L&#8217;atelier IEP<\/strong><\/p>\n\n\n\n<figure class=\"wp-block-image size-full is-resized\"><img fetchpriority=\"high\" decoding=\"async\" width=\"298\" height=\"169\" src=\"https:\/\/www.lycee-valin.fr\/RJVALIN\/wp-content\/uploads\/2025\/06\/Sans-titre.jpg\" alt=\"\" class=\"wp-image-7641\" style=\"width:395px;height:auto\"\/><\/figure>\n\n\n\n<p><\/p>\n\n\n\n<p>L\u2019atelier IEP est une aide \u00e0 la pr\u00e9paration du concours commun au 7 IEP du r\u00e9seau Sciences Politiques ayant lieu chaque ann\u00e9e durant les vacances d\u2019avril.<\/p>\n\n\n\n<p>Le concours commun a lieu chaque ann\u00e9e un week-end des vacances d&#8217;avril. <\/p>\n\n\n\n<p>Il se compose de 3 \u00e9preuves:<\/p>\n\n\n\n<ul class=\"wp-block-list\">\n<li>Question contemporaine: une dissertation en 3h sur un des deux th\u00e8mes au programme (enseignants de SES)<\/li>\n<\/ul>\n\n\n\n<ul class=\"wp-block-list\">\n<li>Histoire: une \u00e9tude critique de document(s) en 2h sur le programme d\u2019histoire de Terminale (enseignants d\u2019histoire)<\/li>\n<\/ul>\n\n\n\n<ul class=\"wp-block-list\">\n<li>Langue vivante: \u00e0 choisir au moment de l\u2019inscription (Parcoursup)<\/li>\n<\/ul>\n\n\n\n<p>L\u2019atelier a lieu deux heures par semaine :<\/p>\n\n\n\n<ul class=\"wp-block-list\">\n<li>1h d\u2019histoire<\/li>\n\n\n\n<li>1h de sciences \u00e9conomiques et sociales<\/li>\n<\/ul>\n\n\n\n<p>Cet atelier pr\u00e9pare aux \u00e9preuves :<\/p>\n\n\n\n<ul class=\"wp-block-list\">\n<li>Question contemporaine<\/li>\n\n\n\n<li>\u00c9tude critique de documents d\u2019histoire<\/li>\n\n\n\n<li>Langues vivantes<\/li>\n<\/ul>\n\n\n\n<p>et permet \u00e9galement une ouverture \u00e0 la culture g\u00e9n\u00e9rale et \u00e0 l\u2019actualit\u00e9 facilitant l\u2019oral d\u2019admission de Sciences politiques Bordeaux<\/p>\n\n\n\n<p><\/p>\n<div class='watch-action'><div class='watch-position align-left'><div class='action-like'><a class='lbg-style3 like-1821 jlk' href='javascript:void(0)' data-task='like' data-post_id='1821' data-nonce='5e1022fd9f' rel='nofollow'><img class='wti-pixel' src='https:\/\/www.lycee-valin.fr\/RJVALIN\/wp-content\/plugins\/wti-like-post\/images\/pixel.gif' title='j&#039;aime' \/><span class='lc-1821 lc'>0<\/span><\/a><\/div><\/div> <div class='status-1821 status align-left'><\/div><\/div><div class='wti-clear'><\/div>","protected":false},"excerpt":{"rendered":"<p>Cursus Sciences Po \/ IEP Les IEP, ou instituts d\u2019Etudes Politiques sont des centres de formation sup\u00e9rieurs en sciences humaines et sociales, visant \u00e0 donner aux \u00e9tudiant.e.s les cl\u00e9s d\u2019une meilleure compr\u00e9hension du monde contemporain <a class=\"more-link\" href=\"https:\/\/www.lycee-valin.fr\/RJVALIN\/prepa-sciences-po-valin\/\">Lire plus &#8230;<\/a><\/p>\n","protected":false},"author":1,"featured_media":0,"parent":0,"menu_order":0,"comment_status":"closed","ping_status":"closed","template":"","meta":{"footnotes":""},"class_list":["post-1821","page","type-page","status-publish","hentry"],"_links":{"self":[{"href":"https:\/\/www.lycee-valin.fr\/RJVALIN\/wp-json\/wp\/v2\/pages\/1821","targetHints":{"allow":["GET"]}}],"collection":[{"href":"https:\/\/www.lycee-valin.fr\/RJVALIN\/wp-json\/wp\/v2\/pages"}],"about":[{"href":"https:\/\/www.lycee-valin.fr\/RJVALIN\/wp-json\/wp\/v2\/types\/page"}],"author":[{"embeddable":true,"href":"https:\/\/www.lycee-valin.fr\/RJVALIN\/wp-json\/wp\/v2\/users\/1"}],"replies":[{"embeddable":true,"href":"https:\/\/www.lycee-valin.fr\/RJVALIN\/wp-json\/wp\/v2\/comments?post=1821"}],"version-history":[{"count":2,"href":"https:\/\/www.lycee-valin.fr\/RJVALIN\/wp-json\/wp\/v2\/pages\/1821\/revisions"}],"predecessor-version":[{"id":7642,"href":"https:\/\/www.lycee-valin.fr\/RJVALIN\/wp-json\/wp\/v2\/pages\/1821\/revisions\/7642"}],"wp:attachment":[{"href":"https:\/\/www.lycee-valin.fr\/RJVALIN\/wp-json\/wp\/v2\/media?parent=1821"}],"curies":[{"name":"wp","href":"https:\/\/api.w.org\/{rel}","templated":true}]}}