{"id":156,"date":"2022-05-25T12:55:05","date_gmt":"2022-05-25T10:55:05","guid":{"rendered":"https:\/\/www.lycee-valin.fr\/RJVALIN\/?page_id=156"},"modified":"2023-07-08T05:52:27","modified_gmt":"2023-07-08T03:52:27","slug":"allemand","status":"publish","type":"page","link":"https:\/\/www.lycee-valin.fr\/RJVALIN\/allemand\/","title":{"rendered":"Allemand"},"content":{"rendered":"\n<p><img fetchpriority=\"high\" decoding=\"async\" width=\"500\" height=\"313\" class=\"wp-image-2659\" style=\"width: 150px\" src=\"https:\/\/www.lycee-valin.fr\/RJVALIN\/wp-content\/uploads\/2022\/09\/2400421880_10c2610d5e.jpg\" alt=\"\" srcset=\"https:\/\/www.lycee-valin.fr\/RJVALIN\/wp-content\/uploads\/2022\/09\/2400421880_10c2610d5e.jpg 500w, https:\/\/www.lycee-valin.fr\/RJVALIN\/wp-content\/uploads\/2022\/09\/2400421880_10c2610d5e-300x188.jpg 300w\" sizes=\"(max-width: 500px) 100vw, 500px\" \/><img decoding=\"async\" width=\"240\" height=\"240\" class=\"wp-image-2658\" style=\"width: 89px\" src=\"https:\/\/www.lycee-valin.fr\/RJVALIN\/wp-content\/uploads\/2022\/09\/240px-Early_Swiss_cross.svg_.png\" alt=\"\" srcset=\"https:\/\/www.lycee-valin.fr\/RJVALIN\/wp-content\/uploads\/2022\/09\/240px-Early_Swiss_cross.svg_.png 240w, https:\/\/www.lycee-valin.fr\/RJVALIN\/wp-content\/uploads\/2022\/09\/240px-Early_Swiss_cross.svg_-150x150.png 150w\" sizes=\"(max-width: 240px) 100vw, 240px\" \/><img decoding=\"async\" width=\"400\" height=\"267\" class=\"wp-image-2660\" style=\"width: 134px\" src=\"https:\/\/www.lycee-valin.fr\/RJVALIN\/wp-content\/uploads\/2022\/09\/Flag_of_Austria.svg_.png\" alt=\"\" srcset=\"https:\/\/www.lycee-valin.fr\/RJVALIN\/wp-content\/uploads\/2022\/09\/Flag_of_Austria.svg_.png 400w, https:\/\/www.lycee-valin.fr\/RJVALIN\/wp-content\/uploads\/2022\/09\/Flag_of_Austria.svg_-300x200.png 300w\" sizes=\"(max-width: 400px) 100vw, 400px\" \/><\/p>\n\n\n\n<p><strong>Willkommen, Gruezi, Servus<\/strong><\/p>\n\n\n\n<p>Am\u00e9liorer son niveau en allemand, communiquer de fa\u00e7on plus authentique, ouvrir l&#8217;esprit, devenir plus autonome, faire connaissance avec des personnes germanophones, acqu\u00e9rir un savoir interculturel, participer \u00e0 la construction de l&#8217;Europe et vivre son plurilinguisme, avoir plus des chance sur le march\u00e9 du travail etc. \u2013 les objectifs en cours de langue sont nombreux et ne ciblent pas seulement une bonne moyenne \u00e0 la fin du bac, nous mettons aussi l&#8217;accent sur la capacit\u00e9 \u00e0 communiquer pour voyager, faire des stages ou travailler,&#8230; dans les pays germanophones, comme l&#8217;Allemagne, l&#8217;Autriche et la Suisse pour citer seulement les trois plus grands. En tout, il y a \u00e0 peu pr\u00e8s de 100 Millions de germanophones en Europe et 130 Millions mondialement. C&#8217;est la premi\u00e8re langue maternelle parl\u00e9e en Europe.<\/p>\n\n\n\n<p>L&#8217;enseignement en langue consiste en 2,5 h en 2nde, 2 h en premi\u00e8re, 2 h en terminale et 1,5 h pour les s\u00e9ries technologiques et &#8230;<\/p>\n\n\n\n<p>pour la section euro allemand 1h en histoire-g\u00e9o enseign\u00e9 en allemand et 1h en allemand en plus.<\/p>\n\n\n\n<p><strong>L&#8217;ouverture europ\u00e9enne et internationale<\/strong><\/p>\n\n\n\n<p>Dans le cadre du programme de l&#8217;ouverture \u00e0 l&#8217;international, les lyc\u00e9ens germanophones profitent de plusieurs dispositions:<\/p>\n\n\n\n<p><strong>a) Le partenariat<\/strong><\/p>\n\n\n\n<p><img loading=\"lazy\" decoding=\"async\" width=\"213\" height=\"214\" class=\"wp-image-2653\" style=\"width: 87px\" src=\"https:\/\/www.lycee-valin.fr\/RJVALIN\/wp-content\/uploads\/2022\/09\/header_eckhorst-grafik10.png\" alt=\"\" srcset=\"https:\/\/www.lycee-valin.fr\/RJVALIN\/wp-content\/uploads\/2022\/09\/header_eckhorst-grafik10.png 213w, https:\/\/www.lycee-valin.fr\/RJVALIN\/wp-content\/uploads\/2022\/09\/header_eckhorst-grafik10-150x150.png 150w\" sizes=\"(max-width: 213px) 100vw, 213px\" \/><\/p>\n\n\n\n<p>Le Lyc\u00e9e Valin a un partenariat avec un lyc\u00e9e en Allemagne: le Gymnasium Eckhorst \u00e0 Bargteheide dans le Schleswig-Holstein, entre Hambourg et L\u00fcbeck, la ville partenaire de La Rochelle. Ce nouveau partenariat sert \u00e0 faire connaissance avec de jeunes allemands et \u00e0 apprendre de fa\u00e7on plus authentique via des cours par ex. par la plateforme eTwinning\/EPES, \u00e0 organiser des \u00e9changes individuels et collectifs.<\/p>\n\n\n\n<p><strong>b) Les \u00e9changes individuels<\/strong><\/p>\n\n\n\n<p>Le Lyc\u00e9e Valin encourage ses \u00e9l\u00e8ves \u00e0 faire au moins un \u00e9change individuel en 2nde. Tous ces \u00e9changes se basent sur le principe de la r\u00e9ciprocit\u00e9: C&#8217;est \u00e0 dire int\u00e9gration dans la famille du correspondant en Allemagne et accueil du correspondant en France.<\/p>\n\n\n\n<p>Pour cela il y a plusieurs possibilit\u00e9s: par le programme Brigitte Sauzay (3 mois), par le partenariat des r\u00e9gions (c&#8217;est l&#8217;organisme qui cherche un correspondant), ou en recherchant soi-m\u00eame son propre correspondant. Quelques \u00e9l\u00e8ves en ont d\u00e9j\u00e0 un d\u00e9puis le coll\u00e8ge.<\/p>\n\n\n\n<p>o\u00f9<\/p>\n\n\n\n<p>par le partenariat avec le Gymnasium Eckhorst. Dans ce cas nous mettons les \u00e9l\u00e8ves en contact qui se mettent d&#8217;accord sur la p\u00e9riode d&#8217;\u00e9change.<\/p>\n\n\n\n<p><strong>c) Les \u00e9changes collectifs<\/strong><\/p>\n\n\n\n<p>Nous organisons normalement tous les deux ans un \u00e9change collectif avec notre lyc\u00e9e partenaire \u00e0 Bargteheide pour mettre en contact les jeunes, mais aussi pour les faire immerger pendant une semaine dans le quotidien des allemands: lyc\u00e9e, famille d&#8217;accueil. Mais quelques excursions sont toujours au rendez-vous (la visite de Hambourg, de L\u00fcbeck,&#8230;)<\/p>\n\n\n\n<figure class=\"wp-block-embed is-type-video is-provider-youtube wp-block-embed-youtube wp-embed-aspect-16-9 wp-has-aspect-ratio\"><div class=\"wp-block-embed__wrapper\">\n<iframe title=\"Les \u00e9changes collectifs_ Allemand\" width=\"540\" height=\"304\" src=\"https:\/\/www.youtube.com\/embed\/xzQeOMURLAQ?feature=oembed\" frameborder=\"0\" allow=\"accelerometer; autoplay; clipboard-write; encrypted-media; gyroscope; picture-in-picture; web-share\" referrerpolicy=\"strict-origin-when-cross-origin\" allowfullscreen><\/iframe>\n<\/div><\/figure>\n\n\n\n<p><strong>d) Les voyages<\/strong><\/p>\n\n\n\n<p>La discipline propose normalement tous les deux ans \u00e9galement un voyage dans une grande ville (Berlin, Munich, &#8230;) ou dans une r\u00e9gion allemande. Ce voyage s&#8217;adresse d&#8217;abord aux \u00e9l\u00e8ves de la section Euro et puis aux germanophones de la terminale en g\u00e9n\u00e9ral.<\/p>\n\n\n\n<p><strong>e) La validation des acquis<\/strong><\/p>\n\n\n\n<ul class=\"wp-block-list\">\n<li><strong>La <\/strong><strong>Certification:<\/strong><\/li>\n<\/ul>\n\n\n\n<p><img loading=\"lazy\" decoding=\"async\" width=\"249\" height=\"144\" class=\"wp-image-2655\" style=\"width: 150px\" src=\"https:\/\/www.lycee-valin.fr\/RJVALIN\/wp-content\/uploads\/2022\/09\/DSD_logo-249x144-1.png\" alt=\"\"><\/p>\n\n\n\n<p>Les \u00e9l\u00e8ves de 2nde ont la possibilit\u00e9 de faire la certification en allemand qui est organis\u00e9e par l&#8217;Allemagne. Les \u00e9preuves testent les niveaux (A2, B1) dans les diff\u00e9rentes activit\u00e9s langagi\u00e8res, comme la compr\u00e9hension orale, la compr\u00e9hension \u00e9crite, l&#8217;expression \u00e9crite et l&#8217;expression orale. L&#8217;attestation d&#8217;un niveau A2 pour un \u00e9l\u00e8ve de seconde est d\u00e9j\u00e0 un grand succ\u00e8s vu que le niveau attendu \u00e0 la fin de la terminale est B1. Quelques \u00e9l\u00e8ves d\u00e9crochent m\u00eame d\u00e9j\u00e0 un niveau B1.<\/p>\n\n\n\n<ul class=\"wp-block-list\">\n<li><strong>Certilingua<\/strong><\/li>\n<\/ul>\n\n\n\n<p><\/p>\n\n\n\n<p>Dans le cadre du label certilingua les \u00e9l\u00e8ves peuvent se faire certifier un niveau B2 dans deux langues \u00e0 la fin de la terminale: c&#8217;est \u00e0 dire dans ce cas en anglais (langue vivante A) et en allemand (langue vivante B).<\/p>\n\n\n\n<hr class=\"wp-block-separator has-alpha-channel-opacity\"\/>\n\n\n\n<p>Liens vers les articles associ\u00e9s \u00e0 cette cat\u00e9gorie<\/p>\n\n\n<ul class=\"wp-block-latest-posts__list has-dates has-author wp-block-latest-posts\"><li><a class=\"wp-block-latest-posts__post-title\" href=\"https:\/\/www.lycee-valin.fr\/RJVALIN\/leipzig-a-lecoute-les-euros-allemand-a-leipzig\/\">Leipzig \u00e0 l&#8217;\u00e9coute &#8211; les euros allemand \u00e0 Leipzig<\/a><div class=\"wp-block-latest-posts__post-author\">par heiko mueller<\/div><time datetime=\"2026-05-03T19:00:46+02:00\" class=\"wp-block-latest-posts__post-date\">3 mai 2026<\/time><\/li>\n<li><a class=\"wp-block-latest-posts__post-title\" href=\"https:\/\/www.lycee-valin.fr\/RJVALIN\/le-grand-final-das-grose-finale\/\">Le grand final \/ Das gro\u00dfe Finale<\/a><div class=\"wp-block-latest-posts__post-author\">par heiko mueller<\/div><time datetime=\"2025-06-04T15:13:30+02:00\" class=\"wp-block-latest-posts__post-date\">4 juin 2025<\/time><\/li>\n<li><a class=\"wp-block-latest-posts__post-title\" href=\"https:\/\/www.lycee-valin.fr\/RJVALIN\/le-lycee-valin-a-vote\/\">Le Lyc\u00e9e Valin a vot\u00e9<\/a><div class=\"wp-block-latest-posts__post-author\">par heiko mueller<\/div><time datetime=\"2025-02-10T17:54:03+01:00\" class=\"wp-block-latest-posts__post-date\">10 f\u00e9vrier 2025<\/time><\/li>\n<li><a class=\"wp-block-latest-posts__post-title\" href=\"https:\/\/www.lycee-valin.fr\/RJVALIN\/la-hanse-un-reseau-qui-se-renouvelle\/\">La Hanse &#8211; un r\u00e9seau qui se renouvelle<\/a><div class=\"wp-block-latest-posts__post-author\">par heiko mueller<\/div><time datetime=\"2024-11-10T19:57:07+01:00\" class=\"wp-block-latest-posts__post-date\">10 novembre 2024<\/time><\/li>\n<li><a class=\"wp-block-latest-posts__post-title\" href=\"https:\/\/www.lycee-valin.fr\/RJVALIN\/la-vengeance-de-melusine\/\">La vengeance de M\u00e9lusine<\/a><div class=\"wp-block-latest-posts__post-author\">par heiko mueller<\/div><time datetime=\"2024-09-24T16:17:08+02:00\" class=\"wp-block-latest-posts__post-date\">24 septembre 2024<\/time><\/li>\n<\/ul>\n\n<form role=\"search\" method=\"get\" action=\"https:\/\/www.lycee-valin.fr\/RJVALIN\/\" class=\"wp-block-search__button-outside wp-block-search__icon-button wp-block-search\"    ><label class=\"wp-block-search__label\" for=\"wp-block-search__input-1\" >Rechercher un autre article<\/label><div class=\"wp-block-search__inside-wrapper\" ><input class=\"wp-block-search__input\" id=\"wp-block-search__input-1\" placeholder=\"\" value=\"\" type=\"search\" name=\"s\" required \/><button aria-label=\"Rechercher\" class=\"wp-block-search__button has-icon wp-element-button\" type=\"submit\" ><svg class=\"search-icon\" viewBox=\"0 0 24 24\" width=\"24\" height=\"24\">\n\t\t\t\t\t<path d=\"M13 5c-3.3 0-6 2.7-6 6 0 1.4.5 2.7 1.3 3.7l-3.8 3.8 1.1 1.1 3.8-3.8c1 .8 2.3 1.3 3.7 1.3 3.3 0 6-2.7 6-6S16.3 5 13 5zm0 10.5c-2.5 0-4.5-2-4.5-4.5s2-4.5 4.5-4.5 4.5 2 4.5 4.5-2 4.5-4.5 4.5z\"><\/path>\n\t\t\t\t<\/svg><\/button><\/div><\/form><div class='watch-action'><div class='watch-position align-left'><div class='action-like'><a class='lbg-style3 like-156 jlk' href='javascript:void(0)' data-task='like' data-post_id='156' data-nonce='8c72c58970' rel='nofollow'><img class='wti-pixel' src='https:\/\/www.lycee-valin.fr\/RJVALIN\/wp-content\/plugins\/wti-like-post\/images\/pixel.gif' title='j&#039;aime' \/><span class='lc-156 lc'>0<\/span><\/a><\/div><\/div> <div class='status-156 status align-left'><\/div><\/div><div class='wti-clear'><\/div>","protected":false},"excerpt":{"rendered":"<p>Willkommen, Gruezi, Servus Am\u00e9liorer son niveau en allemand, communiquer de fa\u00e7on plus authentique, ouvrir l&#8217;esprit, devenir plus autonome, faire connaissance avec des personnes germanophones, acqu\u00e9rir un savoir interculturel, participer \u00e0 la construction de l&#8217;Europe et <a class=\"more-link\" href=\"https:\/\/www.lycee-valin.fr\/RJVALIN\/allemand\/\">Lire plus &#8230;<\/a><\/p>\n","protected":false},"author":1,"featured_media":0,"parent":0,"menu_order":0,"comment_status":"closed","ping_status":"closed","template":"","meta":{"footnotes":""},"class_list":["post-156","page","type-page","status-publish","hentry"],"_links":{"self":[{"href":"https:\/\/www.lycee-valin.fr\/RJVALIN\/wp-json\/wp\/v2\/pages\/156","targetHints":{"allow":["GET"]}}],"collection":[{"href":"https:\/\/www.lycee-valin.fr\/RJVALIN\/wp-json\/wp\/v2\/pages"}],"about":[{"href":"https:\/\/www.lycee-valin.fr\/RJVALIN\/wp-json\/wp\/v2\/types\/page"}],"author":[{"embeddable":true,"href":"https:\/\/www.lycee-valin.fr\/RJVALIN\/wp-json\/wp\/v2\/users\/1"}],"replies":[{"embeddable":true,"href":"https:\/\/www.lycee-valin.fr\/RJVALIN\/wp-json\/wp\/v2\/comments?post=156"}],"version-history":[{"count":17,"href":"https:\/\/www.lycee-valin.fr\/RJVALIN\/wp-json\/wp\/v2\/pages\/156\/revisions"}],"predecessor-version":[{"id":4894,"href":"https:\/\/www.lycee-valin.fr\/RJVALIN\/wp-json\/wp\/v2\/pages\/156\/revisions\/4894"}],"wp:attachment":[{"href":"https:\/\/www.lycee-valin.fr\/RJVALIN\/wp-json\/wp\/v2\/media?parent=156"}],"curies":[{"name":"wp","href":"https:\/\/api.w.org\/{rel}","templated":true}]}}